{"id":4017,"date":"2020-07-20T12:01:06","date_gmt":"2020-07-20T12:01:06","guid":{"rendered":"https:\/\/www.instrumentbox.de\/?product=native-instruments-traktor-kontrol-s8"},"modified":"2024-01-03T07:10:32","modified_gmt":"2024-01-03T06:10:32","slug":"native-instruments-traktor-kontrol-s8","status":"publish","type":"product","link":"https:\/\/www.instrumentbox.de\/?product=native-instruments-traktor-kontrol-s8","title":{"rendered":"Native Instruments TRAKTOR KONTROL S8"},"content":{"rendered":"<p><!-- show up to 2 reviews by default --> <\/p>\n<h3>Produktbeschreibungen<\/h3>\n<p>&#8211; STEMS kompatibel- Perfekt integrierter 4-Deck TRAKTOR-Controller plus TRAKTOR PRO 3-Software- 30 ber\u00fchrungsempfindliche Regler und Fader f\u00fcr intuitive Kontrolle \u00fcber die TRAKTOR-Software- 2 brillante Farb-Displays zeigen Pop-Up-Displays, Panels und Einstellungen &#8211; Touch-Strips bieten taktile Kontrolle \u00fcber Track-Position, Pitch-Bend und mehr &#8211; Schneller Zugriff auf Track-BPM und -Tonart sowie auf Effekte, Filter und Remix Deck-Parameter- Ber\u00fchrungsempfindliche 4+4-Kanal Remix Deck-Fader f\u00fcr voll integrierte Remix Deck-Bedienung- 16 Multi-Color-Pads zum Triggern von Samples, Cue-Punkten, Loops oder Beat-Jumps &#8211; Zwei anpassbare Effekt-Einheiten mit mehr als 30 hochwertigen Studio-Effekten sowieintuitivem Makro-FX-Regler- Eingebautes professionelles Audio-Interface mit exzellenter 24-bit\/48 kHz-Qualit\u00e4t &#8211; 4 analoge Eing\u00e4nge mit Phono- und Mikrofon-Vorverst\u00e4rkern zum Anschluss von bis zu 4 Turntables, CD-Playern oder weiterer externer Hardware- Funktioniert als Standalone-Mixer &#8211; XLR\/RCA <\/p>\n<h3>Rechtliche Hinweise<\/h3>\n<p>Privatverkauf. R\u00fcckgabe ausgeschlossen. <\/p>\n<p>Geben Sie Ihr Modell ein, um sicherzustellen, dass dieser Artikel passt.<br \/>\nFLAGSHIP ALL-IN-ONE DJ SYSTEM<br \/>\nReferenz-DJ-Controller mit Remix Decks und 4-Kanal Standalone-Mixer<br \/>\nHochaufl\u00f6sende Displays reagieren auf ber\u00fchrungsempfindliche Regler<br \/>\nPlug &amp; Play mit der enthaltenen TRAKTOR SCRATCH PRO-Software<br \/>\nEingebaute Audio-Interface mit exzellenter 24-bit\/48 kHz-Qualit\u00e4t liefert genug Power f\u00fcr die gr\u00f6\u00dften Clubs.<br \/>\n<div class=\"main-cross-sell\" data-asin=\"B00N1YQMAE\">\n\n\t<div class=\"WooZone-cross-sell-loader\">\n\t\t<div>\n\t\t\t<div id=\"floatingBarsG\">\n\t\t\t\t<div class=\"blockG\" id=\"rotateG_01\"><\/div>\n\t\t\t\t<div class=\"blockG\" id=\"rotateG_02\"><\/div>\n\t\t\t\t<div class=\"blockG\" id=\"rotateG_03\"><\/div>\n\t\t\t\t<div class=\"blockG\" id=\"rotateG_04\"><\/div>\n\t\t\t\t<div class=\"blockG\" id=\"rotateG_05\"><\/div>\n\t\t\t\t<div class=\"blockG\" id=\"rotateG_06\"><\/div>\n\t\t\t\t<div class=\"blockG\" id=\"rotateG_07\"><\/div>\n\t\t\t\t<div class=\"blockG\" id=\"rotateG_08\"><\/div>\n\t\t\t<\/div>\n\t\t\t<div class=\"WooZone-cross-sell-loader-text\"><\/div>\n\t\t<\/div>\n\t<\/div>\n\n\t\t\n<\/div>\n<div style=\"clear:both;\"><\/div>\n","protected":false},"excerpt":{"rendered":"<p>Geben Sie Ihr Modell ein, um sicherzustellen, dass dieser Artikel passt.<br \/>\nFLAGSHIP ALL-IN-ONE DJ SYSTEM<br \/>\nReferenz-DJ-Controller mit Remix Decks und 4-Kanal Standalone-Mixer<\/p>\n","protected":false},"featured_media":4018,"comment_status":"open","ping_status":"closed","template":"","meta":{"_acf_changed":false,"rs_blank_template":"","rs_page_bg_color":"","slide_template_v7":""},"product_brand":[],"product_cat":[15,48],"product_tag":[],"class_list":{"0":"post-4017","1":"product","2":"type-product","3":"status-publish","4":"has-post-thumbnail","6":"product_cat-shop","7":"product_cat-synthesizer","8":"pa_brand-native-instruments","10":"first","11":"instock","12":"shipping-taxable","13":"purchasable","14":"product-type-simple"},"acf":[],"_links":{"self":[{"href":"https:\/\/www.instrumentbox.de\/index.php?rest_route=\/wp\/v2\/product\/4017","targetHints":{"allow":["GET"]}}],"collection":[{"href":"https:\/\/www.instrumentbox.de\/index.php?rest_route=\/wp\/v2\/product"}],"about":[{"href":"https:\/\/www.instrumentbox.de\/index.php?rest_route=\/wp\/v2\/types\/product"}],"replies":[{"embeddable":true,"href":"https:\/\/www.instrumentbox.de\/index.php?rest_route=%2Fwp%2Fv2%2Fcomments&post=4017"}],"wp:featuredmedia":[{"embeddable":true,"href":"https:\/\/www.instrumentbox.de\/index.php?rest_route=\/wp\/v2\/media\/4018"}],"wp:attachment":[{"href":"https:\/\/www.instrumentbox.de\/index.php?rest_route=%2Fwp%2Fv2%2Fmedia&parent=4017"}],"wp:term":[{"taxonomy":"product_brand","embeddable":true,"href":"https:\/\/www.instrumentbox.de\/index.php?rest_route=%2Fwp%2Fv2%2Fproduct_brand&post=4017"},{"taxonomy":"product_cat","embeddable":true,"href":"https:\/\/www.instrumentbox.de\/index.php?rest_route=%2Fwp%2Fv2%2Fproduct_cat&post=4017"},{"taxonomy":"product_tag","embeddable":true,"href":"https:\/\/www.instrumentbox.de\/index.php?rest_route=%2Fwp%2Fv2%2Fproduct_tag&post=4017"}],"curies":[{"name":"wp","href":"https:\/\/api.w.org\/{rel}","templated":true}]}}