{"id":4033,"date":"2020-07-20T12:01:12","date_gmt":"2020-07-20T12:01:12","guid":{"rendered":"https:\/\/www.instrumentbox.de\/?product=native-instruments-komplete-kontrol-s61-mk2-klaviatur"},"modified":"2024-01-03T07:17:05","modified_gmt":"2024-01-03T06:17:05","slug":"native-instruments-komplete-kontrol-s61-mk2-klaviatur","status":"publish","type":"product","link":"https:\/\/www.instrumentbox.de\/?product=native-instruments-komplete-kontrol-s61-mk2-klaviatur","title":{"rendered":"Native Instruments, Komplete Kontrol S61\u00a0MK2\u00a0Klaviatur"},"content":{"rendered":"<p><!-- show up to 2 reviews by default --> <\/p>\n<p>Ein smarter Klaviatur-Controller mit 61 Tasten, einem Fatar-Keyboard, RGB-Lichtleiter und MIDI I\/O-Konnektivit\u00e4t. Mit der neuesten Generation von Komplete Kontrol wird Musizieren intuitiver und praktischer, damit Sie ausdr\u00fccklich performen, Sounds durchsuchen und vorher anh\u00f6ren, Parameter optimieren, Ideen skizzieren und danach Ihr Projekt navigieren und mixen k\u00f6nnen, alles von einem voll integrierten Klaviatur-Controller aus. <\/p>\n<p>Geben Sie Ihr Modell ein, um sicherzustellen, dass dieser Artikel passt.<br \/>\nSmarter Klaviatur-Controller f\u00fcr alle Ihre virtuellen Instrumente.<br \/>\nProfi-gradiger Fatar-Klaviaturboden mit Aftertouch &#8211; 49 oder 61 Tasten im Klavierstil.<br \/>\nErgonomisches Tonh\u00f6hen- und Modulationsrad mit Touch-Strip f\u00fcr Expressionskontrolle.<br \/>\nVorkonfigurierte Kontrolle der Komplete-Instrumente und Hunderte von Native-Kontrol-Standard-Instrumente (NKS) von f\u00fchrenden Herstellern.<br \/>\nVolle VSTi-Unterst\u00fctzung.<br \/>\n<div class=\"main-cross-sell\" data-asin=\"B075FRXPM7\">\n\n\t<div class=\"WooZone-cross-sell-loader\">\n\t\t<div>\n\t\t\t<div id=\"floatingBarsG\">\n\t\t\t\t<div class=\"blockG\" id=\"rotateG_01\"><\/div>\n\t\t\t\t<div class=\"blockG\" id=\"rotateG_02\"><\/div>\n\t\t\t\t<div class=\"blockG\" id=\"rotateG_03\"><\/div>\n\t\t\t\t<div class=\"blockG\" id=\"rotateG_04\"><\/div>\n\t\t\t\t<div class=\"blockG\" id=\"rotateG_05\"><\/div>\n\t\t\t\t<div class=\"blockG\" id=\"rotateG_06\"><\/div>\n\t\t\t\t<div class=\"blockG\" id=\"rotateG_07\"><\/div>\n\t\t\t\t<div class=\"blockG\" id=\"rotateG_08\"><\/div>\n\t\t\t<\/div>\n\t\t\t<div class=\"WooZone-cross-sell-loader-text\"><\/div>\n\t\t<\/div>\n\t<\/div>\n\n\t\t\n<\/div>\n<div style=\"clear:both;\"><\/div>\n","protected":false},"excerpt":{"rendered":"<p>Geben Sie Ihr Modell ein, um sicherzustellen, dass dieser Artikel passt.<br \/>\nSmarter Klaviatur-Controller f\u00fcr alle Ihre virtuellen Instrumente.<br \/>\nProfi-gradiger Fatar-Klaviaturboden mit Aftertouch &#8211; 49 oder 61 Tasten im Klavierstil.<\/p>\n","protected":false},"featured_media":4034,"comment_status":"open","ping_status":"closed","template":"","meta":{"_acf_changed":false,"rs_blank_template":"","rs_page_bg_color":"","slide_template_v7":""},"product_brand":[],"product_cat":[15,48],"product_tag":[],"class_list":{"0":"post-4033","1":"product","2":"type-product","3":"status-publish","4":"has-post-thumbnail","6":"product_cat-shop","7":"product_cat-synthesizer","8":"pa_brand-native-instruments","10":"first","11":"instock","12":"shipping-taxable","13":"purchasable","14":"product-type-simple"},"acf":[],"_links":{"self":[{"href":"https:\/\/www.instrumentbox.de\/index.php?rest_route=\/wp\/v2\/product\/4033","targetHints":{"allow":["GET"]}}],"collection":[{"href":"https:\/\/www.instrumentbox.de\/index.php?rest_route=\/wp\/v2\/product"}],"about":[{"href":"https:\/\/www.instrumentbox.de\/index.php?rest_route=\/wp\/v2\/types\/product"}],"replies":[{"embeddable":true,"href":"https:\/\/www.instrumentbox.de\/index.php?rest_route=%2Fwp%2Fv2%2Fcomments&post=4033"}],"wp:featuredmedia":[{"embeddable":true,"href":"https:\/\/www.instrumentbox.de\/index.php?rest_route=\/wp\/v2\/media\/4034"}],"wp:attachment":[{"href":"https:\/\/www.instrumentbox.de\/index.php?rest_route=%2Fwp%2Fv2%2Fmedia&parent=4033"}],"wp:term":[{"taxonomy":"product_brand","embeddable":true,"href":"https:\/\/www.instrumentbox.de\/index.php?rest_route=%2Fwp%2Fv2%2Fproduct_brand&post=4033"},{"taxonomy":"product_cat","embeddable":true,"href":"https:\/\/www.instrumentbox.de\/index.php?rest_route=%2Fwp%2Fv2%2Fproduct_cat&post=4033"},{"taxonomy":"product_tag","embeddable":true,"href":"https:\/\/www.instrumentbox.de\/index.php?rest_route=%2Fwp%2Fv2%2Fproduct_tag&post=4033"}],"curies":[{"name":"wp","href":"https:\/\/api.w.org\/{rel}","templated":true}]}}