{"id":4045,"date":"2020-07-20T12:01:17","date_gmt":"2020-07-20T12:01:17","guid":{"rendered":"https:\/\/www.instrumentbox.de\/?product=native-instruments-keyboard-komplete-kontrol-s49-mk-2"},"modified":"2024-01-03T07:17:05","modified_gmt":"2024-01-03T06:17:05","slug":"native-instruments-keyboard-komplete-kontrol-s49-mk-2","status":"publish","type":"product","link":"https:\/\/www.instrumentbox.de\/?product=native-instruments-keyboard-komplete-kontrol-s49-mk-2","title":{"rendered":"Native Instruments Keyboard \u201eKomplete Kontrol\u201c S49\u00a0MK 2"},"content":{"rendered":"<p><!-- show up to 2 reviews by default --> <\/p>\n<h3>Produktbeschreibung<\/h3>\n<p>Maestro\/Controller-Keyboard zum Spielen aus der Kollektion \u201eKomplete Kontrol\u201c; zum Erschaffen von Musik, die sich in eine intuitive und pr\u00e4zise Erfahrung verwandelt.Spielen Sie ausdrucksstark, erkunden Sie die Kl\u00e4nge und h\u00f6ren Sie Samples an; passen Sie die Einstellungen an und probieren Sie Ihre Ideen au; mischen Sie Ihre eigenen Musik-Projekte.Vollst\u00e4ndig integrierte Zentraleinheit; ideal f\u00fcr das Studio und die B\u00fchne.Tolle Optik mit zwei farbigen, hochaufl\u00f6senden Displays. Es ist einfach T\u00f6ne zu entdecken, Tonleitern anzuh\u00f6ren, die Einstellungen anzupassen und Ihre Projekte abzu\u00e4ndern.Und all dies vom Controller aus.Intuitive Bedienung.Tauchen Sie ein in einen kreativen Prozess dank des verbesserten Designs mit Spezialfunktionskn\u00f6pfen und einem integrierten Drehrad mit Regler.F\u00fcr ausdrucksstarke Musik: die Keyboards Komplete Kontrol S49 und S61 haben ergonomische R\u00e4der zur Tonver\u00e4nderung und zur Modulation, sowie einen Touchscreen f\u00fcr mehr kreative M\u00f6glichkeiten. <\/p>\n<h3>Rechtliche Hinweise<\/h3>\n<p>Da Privatverkauf keine R\u00fccknahme. <\/p>\n<p>Geben Sie Ihr Modell ein, um sicherzustellen, dass dieser Artikel passt.<br \/>\nF\u00fcr eine intuitivere und pr\u00e4zisere Erfahrung.<br \/>\nIdeal f\u00fcr das Studio und die B\u00fchne.<br \/>\nVerbessertes Design:<br \/>\n<div class=\"main-cross-sell\" data-asin=\"B075FGSZLC\">\n\n\t<div class=\"WooZone-cross-sell-loader\">\n\t\t<div>\n\t\t\t<div id=\"floatingBarsG\">\n\t\t\t\t<div class=\"blockG\" id=\"rotateG_01\"><\/div>\n\t\t\t\t<div class=\"blockG\" id=\"rotateG_02\"><\/div>\n\t\t\t\t<div class=\"blockG\" id=\"rotateG_03\"><\/div>\n\t\t\t\t<div class=\"blockG\" id=\"rotateG_04\"><\/div>\n\t\t\t\t<div class=\"blockG\" id=\"rotateG_05\"><\/div>\n\t\t\t\t<div class=\"blockG\" id=\"rotateG_06\"><\/div>\n\t\t\t\t<div class=\"blockG\" id=\"rotateG_07\"><\/div>\n\t\t\t\t<div class=\"blockG\" id=\"rotateG_08\"><\/div>\n\t\t\t<\/div>\n\t\t\t<div class=\"WooZone-cross-sell-loader-text\"><\/div>\n\t\t<\/div>\n\t<\/div>\n\n\t\t\n<\/div>\n<div style=\"clear:both;\"><\/div>\n","protected":false},"excerpt":{"rendered":"<p>Geben Sie Ihr Modell ein, um sicherzustellen, dass dieser Artikel passt.<br \/>\nF\u00fcr eine intuitivere und pr\u00e4zisere Erfahrung.<br \/>\nIdeal f\u00fcr das Studio und die B\u00fchne.<\/p>\n","protected":false},"featured_media":4046,"comment_status":"open","ping_status":"closed","template":"","meta":{"_acf_changed":false,"rs_blank_template":"","rs_page_bg_color":"","slide_template_v7":""},"product_brand":[],"product_cat":[15,48],"product_tag":[],"class_list":{"0":"post-4045","1":"product","2":"type-product","3":"status-publish","4":"has-post-thumbnail","6":"product_cat-shop","7":"product_cat-synthesizer","8":"pa_brand-native-instruments","10":"first","11":"instock","12":"shipping-taxable","13":"purchasable","14":"product-type-simple"},"acf":[],"_links":{"self":[{"href":"https:\/\/www.instrumentbox.de\/index.php?rest_route=\/wp\/v2\/product\/4045","targetHints":{"allow":["GET"]}}],"collection":[{"href":"https:\/\/www.instrumentbox.de\/index.php?rest_route=\/wp\/v2\/product"}],"about":[{"href":"https:\/\/www.instrumentbox.de\/index.php?rest_route=\/wp\/v2\/types\/product"}],"replies":[{"embeddable":true,"href":"https:\/\/www.instrumentbox.de\/index.php?rest_route=%2Fwp%2Fv2%2Fcomments&post=4045"}],"wp:featuredmedia":[{"embeddable":true,"href":"https:\/\/www.instrumentbox.de\/index.php?rest_route=\/wp\/v2\/media\/4046"}],"wp:attachment":[{"href":"https:\/\/www.instrumentbox.de\/index.php?rest_route=%2Fwp%2Fv2%2Fmedia&parent=4045"}],"wp:term":[{"taxonomy":"product_brand","embeddable":true,"href":"https:\/\/www.instrumentbox.de\/index.php?rest_route=%2Fwp%2Fv2%2Fproduct_brand&post=4045"},{"taxonomy":"product_cat","embeddable":true,"href":"https:\/\/www.instrumentbox.de\/index.php?rest_route=%2Fwp%2Fv2%2Fproduct_cat&post=4045"},{"taxonomy":"product_tag","embeddable":true,"href":"https:\/\/www.instrumentbox.de\/index.php?rest_route=%2Fwp%2Fv2%2Fproduct_tag&post=4045"}],"curies":[{"name":"wp","href":"https:\/\/api.w.org\/{rel}","templated":true}]}}