{"id":4049,"date":"2020-07-20T12:01:19","date_gmt":"2020-07-20T12:01:19","guid":{"rendered":"https:\/\/www.instrumentbox.de\/?product=native-instruments-traktor-kontrol-s4-mk3-dj-controller"},"modified":"2025-01-23T06:40:57","modified_gmt":"2025-01-23T05:40:57","slug":"native-instruments-traktor-kontrol-s4-mk3-dj-controller","status":"publish","type":"product","link":"https:\/\/www.instrumentbox.de\/?product=native-instruments-traktor-kontrol-s4-mk3-dj-controller","title":{"rendered":"Native Instruments Traktor Kontrol S4 Mk3 DJ-Controller, 54,2 x 33,9 x 6,0 cm"},"content":{"rendered":"<p><!-- show up to 2 reviews by default --> <\/p>\n<p>&#8211; Neue, gro\u00dfe, motorisierte Jog-Wheels mit haptischem Feedback in drei Modi:- 1. Turntable-Modus- 2. Jog-Modus- 3. Beatgrid-Modus- Jedes Jog-Wheel wird von einem RGB-LED-Ring eingefasst, der in den Jog- und Turntable-Modi die Deck-Rotation sowie Track-Tempo und Deckauswahl (A und B in Blau, C und D in Orange) visualisiert- Hochaufl\u00f6sende Farbdisplays zeigen Track-ID, Tonart und Tempo, Transportdaten, Wellenform mit Trackposition, Phasenmeter, Loopl\u00e4nge und -status sowie Remix- und Stem-Deck-Steuerung an- Neue Mixer FX werden mit einem Regler f\u00fcr Effekte und Filter je Kanal direkt gesteuert &#8211; w\u00e4hle zus\u00e4tzlich zu den TRAKTOR Deck-Effekten aus acht neuen Effekten und drei Filtertypen- Professionelles Mixer-Layout mit langlebigen Carbon Protect-Fadern, spezieller Vorh\u00f6r-Sektion an der Ger\u00e4te-Oberseite sowie einstellbarer Crossfader-Kurve, 16 RGB-Pads f\u00fcrs Triggern von Hotcues, Loops oder Samples- Eingebauter Mixer standalone nutzbar- Professionelles 24-Bit \/ 96-kHz Audio-Interface- 2x Ster <\/p>\n<p>Geben Sie Ihr Modell ein, um sicherzustellen, dass dieser Artikel passt.<br \/>\n1 St\u00fcck<br \/>\n<div class=\"main-cross-sell\" data-asin=\"B07GY16RJH\">\n\n\t<div class=\"WooZone-cross-sell-loader\">\n\t\t<div>\n\t\t\t<div id=\"floatingBarsG\">\n\t\t\t\t<div class=\"blockG\" id=\"rotateG_01\"><\/div>\n\t\t\t\t<div class=\"blockG\" id=\"rotateG_02\"><\/div>\n\t\t\t\t<div class=\"blockG\" id=\"rotateG_03\"><\/div>\n\t\t\t\t<div class=\"blockG\" id=\"rotateG_04\"><\/div>\n\t\t\t\t<div class=\"blockG\" id=\"rotateG_05\"><\/div>\n\t\t\t\t<div class=\"blockG\" id=\"rotateG_06\"><\/div>\n\t\t\t\t<div class=\"blockG\" id=\"rotateG_07\"><\/div>\n\t\t\t\t<div class=\"blockG\" id=\"rotateG_08\"><\/div>\n\t\t\t<\/div>\n\t\t\t<div class=\"WooZone-cross-sell-loader-text\"><\/div>\n\t\t<\/div>\n\t<\/div>\n\n\t\t\n<\/div>\n<div style=\"clear:both;\"><\/div>\n","protected":false},"excerpt":{"rendered":"<p>Geben Sie Ihr Modell ein, um sicherzustellen, dass dieser Artikel passt.<br \/>\n1 St\u00fcck<\/p>\n","protected":false},"featured_media":4050,"comment_status":"open","ping_status":"closed","template":"","meta":{"_acf_changed":false,"rs_blank_template":"","rs_page_bg_color":"","slide_template_v7":""},"product_brand":[],"product_cat":[15,48],"product_tag":[],"class_list":{"0":"post-4049","1":"product","2":"type-product","3":"status-publish","4":"has-post-thumbnail","6":"product_cat-shop","7":"product_cat-synthesizer","8":"pa_brand-native-instruments","10":"first","11":"instock","12":"shipping-taxable","13":"purchasable","14":"product-type-simple"},"acf":[],"_links":{"self":[{"href":"https:\/\/www.instrumentbox.de\/index.php?rest_route=\/wp\/v2\/product\/4049","targetHints":{"allow":["GET"]}}],"collection":[{"href":"https:\/\/www.instrumentbox.de\/index.php?rest_route=\/wp\/v2\/product"}],"about":[{"href":"https:\/\/www.instrumentbox.de\/index.php?rest_route=\/wp\/v2\/types\/product"}],"replies":[{"embeddable":true,"href":"https:\/\/www.instrumentbox.de\/index.php?rest_route=%2Fwp%2Fv2%2Fcomments&post=4049"}],"wp:featuredmedia":[{"embeddable":true,"href":"https:\/\/www.instrumentbox.de\/index.php?rest_route=\/wp\/v2\/media\/4050"}],"wp:attachment":[{"href":"https:\/\/www.instrumentbox.de\/index.php?rest_route=%2Fwp%2Fv2%2Fmedia&parent=4049"}],"wp:term":[{"taxonomy":"product_brand","embeddable":true,"href":"https:\/\/www.instrumentbox.de\/index.php?rest_route=%2Fwp%2Fv2%2Fproduct_brand&post=4049"},{"taxonomy":"product_cat","embeddable":true,"href":"https:\/\/www.instrumentbox.de\/index.php?rest_route=%2Fwp%2Fv2%2Fproduct_cat&post=4049"},{"taxonomy":"product_tag","embeddable":true,"href":"https:\/\/www.instrumentbox.de\/index.php?rest_route=%2Fwp%2Fv2%2Fproduct_tag&post=4049"}],"curies":[{"name":"wp","href":"https:\/\/api.w.org\/{rel}","templated":true}]}}