{"id":4057,"date":"2020-07-20T12:01:23","date_gmt":"2020-07-20T12:01:23","guid":{"rendered":"https:\/\/www.instrumentbox.de\/?product=native-instruments-maschine-mk3"},"modified":"2025-01-24T08:17:24","modified_gmt":"2025-01-24T07:17:24","slug":"native-instruments-maschine-mk3","status":"publish","type":"product","link":"https:\/\/www.instrumentbox.de\/?product=native-instruments-maschine-mk3","title":{"rendered":"Native Instruments Maschine Mk3 Drum Controller"},"content":{"rendered":"<p><!-- show up to 2 reviews by default --> <\/p>\n<p>&#8211; Professionelles Audio-Interface (96 kHz\/24-Bit) mit zwei 6,35-mm-Ausg\u00e4ngen (gro\u00dfe Klinke, Line), zwei 6,35-mm-Eing\u00e4ngen (gro\u00dfe Klinke, Line), Mikrofoneingang (6,35 mm, dynamisch), Kopfh\u00f6rerausgang (stereo), 1 x MIDI In, 1 x MIDI Out, 1 x Fu\u00dfschalter- Zwei hochaufl\u00f6sende RBG-Farbdisplays f\u00fcr akkurates Sample-Slicing, Sound-Bearbeitung, Noten- Editing, Mixing, Browsing und mehr- Push-Encoder mit vier Bewegungsrichtungen f\u00fcr schnelles Browsen, Navigieren sowie, Lautst\u00e4rkepegel- und Panorama-Regelung und vieles mehr- Das integrierte Hardware-Software-System enth\u00e4lt einen Sampler, Arranger, Mixer, Effekte und vieles mehr- MASCHINE Sound-Library (8 GB) mit Samples, One-Shots, Sliced Loops, Sample-Instrumenten, Presets, Patterns, Drum-Kits und Songs- Inklusive der KOMPLETE 12 SELECT-Library (25 GB) und 11 Instrumenten und Effekten (MASSIVE &#8211; Virtueller Analog-Synthesizer, MONARK &#8211; Monosynth-Legende, THE GENTLEMAN &#8211; Ein klassisches Klavier, DRUMLAB &#8211; Sample-basierte\/synthetisierte Percussion <\/p>\n<p>Geben Sie Ihr Modell ein, um sicherzustellen, dass dieser Artikel passt.<br \/>\n1 St\u00fcck<br \/>\n<div class=\"main-cross-sell\" data-asin=\"B075FNQ1RN\">\n\n\t<div class=\"WooZone-cross-sell-loader\">\n\t\t<div>\n\t\t\t<div id=\"floatingBarsG\">\n\t\t\t\t<div class=\"blockG\" id=\"rotateG_01\"><\/div>\n\t\t\t\t<div class=\"blockG\" id=\"rotateG_02\"><\/div>\n\t\t\t\t<div class=\"blockG\" id=\"rotateG_03\"><\/div>\n\t\t\t\t<div class=\"blockG\" id=\"rotateG_04\"><\/div>\n\t\t\t\t<div class=\"blockG\" id=\"rotateG_05\"><\/div>\n\t\t\t\t<div class=\"blockG\" id=\"rotateG_06\"><\/div>\n\t\t\t\t<div class=\"blockG\" id=\"rotateG_07\"><\/div>\n\t\t\t\t<div class=\"blockG\" id=\"rotateG_08\"><\/div>\n\t\t\t<\/div>\n\t\t\t<div class=\"WooZone-cross-sell-loader-text\"><\/div>\n\t\t<\/div>\n\t<\/div>\n\n\t\t\n<\/div>\n<div style=\"clear:both;\"><\/div>\n","protected":false},"excerpt":{"rendered":"<p>Geben Sie Ihr Modell ein, um sicherzustellen, dass dieser Artikel passt.<br \/>\n1 St\u00fcck<\/p>\n","protected":false},"featured_media":4058,"comment_status":"open","ping_status":"closed","template":"","meta":{"_acf_changed":false,"rs_blank_template":"","rs_page_bg_color":"","slide_template_v7":""},"product_brand":[],"product_cat":[15,48],"product_tag":[],"class_list":{"0":"post-4057","1":"product","2":"type-product","3":"status-publish","4":"has-post-thumbnail","6":"product_cat-shop","7":"product_cat-synthesizer","8":"pa_brand-native-instruments","10":"first","11":"instock","12":"shipping-taxable","13":"purchasable","14":"product-type-simple"},"acf":[],"_links":{"self":[{"href":"https:\/\/www.instrumentbox.de\/index.php?rest_route=\/wp\/v2\/product\/4057","targetHints":{"allow":["GET"]}}],"collection":[{"href":"https:\/\/www.instrumentbox.de\/index.php?rest_route=\/wp\/v2\/product"}],"about":[{"href":"https:\/\/www.instrumentbox.de\/index.php?rest_route=\/wp\/v2\/types\/product"}],"replies":[{"embeddable":true,"href":"https:\/\/www.instrumentbox.de\/index.php?rest_route=%2Fwp%2Fv2%2Fcomments&post=4057"}],"wp:featuredmedia":[{"embeddable":true,"href":"https:\/\/www.instrumentbox.de\/index.php?rest_route=\/wp\/v2\/media\/4058"}],"wp:attachment":[{"href":"https:\/\/www.instrumentbox.de\/index.php?rest_route=%2Fwp%2Fv2%2Fmedia&parent=4057"}],"wp:term":[{"taxonomy":"product_brand","embeddable":true,"href":"https:\/\/www.instrumentbox.de\/index.php?rest_route=%2Fwp%2Fv2%2Fproduct_brand&post=4057"},{"taxonomy":"product_cat","embeddable":true,"href":"https:\/\/www.instrumentbox.de\/index.php?rest_route=%2Fwp%2Fv2%2Fproduct_cat&post=4057"},{"taxonomy":"product_tag","embeddable":true,"href":"https:\/\/www.instrumentbox.de\/index.php?rest_route=%2Fwp%2Fv2%2Fproduct_tag&post=4057"}],"curies":[{"name":"wp","href":"https:\/\/api.w.org\/{rel}","templated":true}]}}