{"id":4071,"date":"2020-07-20T12:22:08","date_gmt":"2020-07-20T12:22:08","guid":{"rendered":"https:\/\/www.instrumentbox.de\/?product=livivo-notenstaender-faltbar-hoehe-und-neigungswinkel-verstellbar-schwarz"},"modified":"2024-01-03T07:17:05","modified_gmt":"2024-01-03T06:17:05","slug":"livivo-notenstaender-faltbar-hoehe-und-neigungswinkel-verstellbar-schwarz","status":"publish","type":"product","link":"https:\/\/www.instrumentbox.de\/?product=livivo-notenstaender-faltbar-hoehe-und-neigungswinkel-verstellbar-schwarz","title":{"rendered":"livivo\u00ae Notenst\u00e4nder, Faltbar, H\u00f6he und Neigungswinkel verstellbar, schwarz"},"content":{"rendered":"<p><!-- show up to 2 reviews by default --> <\/p>\n<p>Der faltbare livivo\u00ae-Notenst\u00e4nder ist H\u00f6henverstellbar, schwarz und ideal f\u00fcr orchester; ideal f\u00fcr den Gebrauch zuhause, auf der B\u00fchne oder im Studio. Aus langlebigem Metall und mit einem nicht reflektierenden, schwarzen Finish. Das Stativ ist in H\u00f6he und Neigungswinkel verstellbar und ideal f\u00fcr mehrere Seiten Noten. Der LIVIVO\u00ae-Notenst\u00e4nder ist fantastisch gebaut, um \u00fcberlegene Stabilit\u00e4t und Langlebigkeit zu bieten, w\u00e4hrend er im Einsatz oder auf dem Weg vom Veranstaltungsort zum Veranstaltungsort ist. Dieser Notenst\u00e4nder ist auch mit Gummiabdeckungen an allen Kontaktstellen versehen und sch\u00fctzt so Ihren Boden oder die B\u00fchne vor Kratzern und vorm Verrutschen des St\u00e4nders; Clips halten die Noten sicher in Position. der LIVIVO\u00ae-Notenst\u00e4nder ist h\u00f6henverstellbar von 135 cm bis 165 cm, um Superstars in allen Ma\u00dfen und Gr\u00f6\u00dfen gerecht zu werden. Obwohl er stark und robust ist, ist er \u00fcberraschend leicht und l\u00e4sst sich f\u00fcr eine einfache Aufbewahrung und einen einfachen Transport komplett flach zusammenfalten. Der LIVIVO\u00ae-Notenst\u00e4nder wird in einer eleganten schwarzen Farbe hergestellt, damit er den Fokus nicht vom echten Star ablenkt. Ein einstellbares Brett sorgt daf\u00fcr, dass Sie entspannt f\u00fcr Stunden spielen k\u00f6nnen ohne Beschwerden. Ma\u00dfe: Gesamth\u00f6he (verstellbar): 135\u2013165 cm Ma\u00dfe (B x H): 47 cm x 34 cm. <\/p>\n<p>Geben Sie Ihr Modell ein, um sicherzustellen, dass dieser Artikel passt.<br \/>\nDer faltbare livivo\u00ae-Notenst\u00e4nder ist H\u00f6henverstellbar, schwarz und ideal f\u00fcr orchester; ideal f\u00fcr den Gebrauch zuhause, auf der B\u00fchne oder im Studio. Aus langlebigem Metall und mit einem nicht reflektierenden, schwarzen Finish. Das Stativ ist in H\u00f6he und Neigungswinkel verstellbar und ideal f\u00fcr mehrere Seiten Noten.<br \/>\nStark und sicher &#8211; Der LIVIVO\u00ae-Notenst\u00e4nder ist fantastisch gebaut, um \u00fcberlegene Stabilit\u00e4t und Langlebigkeit zu bieten, w\u00e4hrend er im Einsatz oder auf dem Weg vom Veranstaltungsort zum Veranstaltungsort ist. Dieser Notenst\u00e4nder ist auch mit Gummiabdeckungen an allen Kontaktstellen versehen und sch\u00fctzt so Ihren Boden oder die B\u00fchne vor Kratzern und vorm Verrutschen des St\u00e4nders; Clips halten die Noten sicher in Position.<br \/>\nTragbar und justierbar &#8211; der LIVIVO\u00ae-Notenst\u00e4nder ist h\u00f6henverstellbar von 135 cm bis 165 cm, um Superstars in allen Ma\u00dfen und Gr\u00f6\u00dfen gerecht zu werden. Obwohl er stark und robust ist, ist er \u00fcberraschend leicht und l\u00e4sst sich f\u00fcr eine einfache Aufbewahrung und einen einfachen Transport komplett flach zusammenfalten.<br \/>\nEntworfen mit Stil und Komfort &#8211; Der LIVIVO\u00ae-Notenst\u00e4nder wird in einer eleganten schwarzen Farbe hergestellt, damit er den Fokus nicht vom echten Star ablenkt. Ein einstellbares Brett sorgt daf\u00fcr, dass Sie entspannt f\u00fcr Stunden spielen k\u00f6nnen ohne Beschwerden.<br \/>\nMa\u00dfe: Gesamth\u00f6he (verstellbar): 135\u2013165 cm Ma\u00dfe (B x H): 47 cm x 34 cm.<br \/>\n<div class=\"main-cross-sell\" data-asin=\"B01H9I9VKU\">\n\n\t<div class=\"WooZone-cross-sell-loader\">\n\t\t<div>\n\t\t\t<div id=\"floatingBarsG\">\n\t\t\t\t<div class=\"blockG\" id=\"rotateG_01\"><\/div>\n\t\t\t\t<div class=\"blockG\" id=\"rotateG_02\"><\/div>\n\t\t\t\t<div class=\"blockG\" id=\"rotateG_03\"><\/div>\n\t\t\t\t<div class=\"blockG\" id=\"rotateG_04\"><\/div>\n\t\t\t\t<div class=\"blockG\" id=\"rotateG_05\"><\/div>\n\t\t\t\t<div class=\"blockG\" id=\"rotateG_06\"><\/div>\n\t\t\t\t<div class=\"blockG\" id=\"rotateG_07\"><\/div>\n\t\t\t\t<div class=\"blockG\" id=\"rotateG_08\"><\/div>\n\t\t\t<\/div>\n\t\t\t<div class=\"WooZone-cross-sell-loader-text\"><\/div>\n\t\t<\/div>\n\t<\/div>\n\n\t\t\n<\/div>\n<div style=\"clear:both;\"><\/div>\n","protected":false},"excerpt":{"rendered":"<p>Geben Sie Ihr Modell ein, um sicherzustellen, dass dieser Artikel passt.<br \/>\nDer faltbare livivo\u00ae-Notenst\u00e4nder ist H\u00f6henverstellbar, schwarz und ideal f\u00fcr orchester; ideal f\u00fcr den Gebrauch zuhause, auf der B\u00fchne oder im Studio. Aus langlebigem Metall und mit einem nicht reflektierenden, schwarzen Finish. Das Stativ ist in H\u00f6he und Neigungswinkel verstellbar und ideal f\u00fcr mehrere Seiten Noten.<br \/>\nStark und sicher &#8211; Der LIVIVO\u00ae-Notenst\u00e4nder ist fantastisch gebaut, um \u00fcberlegene Stabilit\u00e4t und Langlebigkeit zu bieten, w\u00e4hrend er im Einsatz oder auf dem Weg vom Veranstaltungsort zum Veranstaltungsort ist. Dieser Notenst\u00e4nder ist auch mit Gummiabdeckungen an allen Kontaktstellen versehen und sch\u00fctzt so Ihren Boden oder die B\u00fchne vor Kratzern und vorm Verrutschen des St\u00e4nders; Clips halten die Noten sicher in Position.<\/p>\n","protected":false},"featured_media":4072,"comment_status":"open","ping_status":"closed","template":"","meta":{"_acf_changed":false,"rs_blank_template":"","rs_page_bg_color":"","slide_template_v7":""},"product_brand":[],"product_cat":[15,40],"product_tag":[],"class_list":{"0":"post-4071","1":"product","2":"type-product","3":"status-publish","4":"has-post-thumbnail","6":"product_cat-shop","7":"product_cat-zubehoer","8":"pa_brand-livivo","10":"first","11":"instock","12":"shipping-taxable","13":"purchasable","14":"product-type-simple"},"acf":[],"_links":{"self":[{"href":"https:\/\/www.instrumentbox.de\/index.php?rest_route=\/wp\/v2\/product\/4071","targetHints":{"allow":["GET"]}}],"collection":[{"href":"https:\/\/www.instrumentbox.de\/index.php?rest_route=\/wp\/v2\/product"}],"about":[{"href":"https:\/\/www.instrumentbox.de\/index.php?rest_route=\/wp\/v2\/types\/product"}],"replies":[{"embeddable":true,"href":"https:\/\/www.instrumentbox.de\/index.php?rest_route=%2Fwp%2Fv2%2Fcomments&post=4071"}],"wp:featuredmedia":[{"embeddable":true,"href":"https:\/\/www.instrumentbox.de\/index.php?rest_route=\/wp\/v2\/media\/4072"}],"wp:attachment":[{"href":"https:\/\/www.instrumentbox.de\/index.php?rest_route=%2Fwp%2Fv2%2Fmedia&parent=4071"}],"wp:term":[{"taxonomy":"product_brand","embeddable":true,"href":"https:\/\/www.instrumentbox.de\/index.php?rest_route=%2Fwp%2Fv2%2Fproduct_brand&post=4071"},{"taxonomy":"product_cat","embeddable":true,"href":"https:\/\/www.instrumentbox.de\/index.php?rest_route=%2Fwp%2Fv2%2Fproduct_cat&post=4071"},{"taxonomy":"product_tag","embeddable":true,"href":"https:\/\/www.instrumentbox.de\/index.php?rest_route=%2Fwp%2Fv2%2Fproduct_tag&post=4071"}],"curies":[{"name":"wp","href":"https:\/\/api.w.org\/{rel}","templated":true}]}}