{"id":4334,"date":"2020-07-20T12:30:38","date_gmt":"2020-07-20T12:30:38","guid":{"rendered":"https:\/\/www.instrumentbox.de\/?product=tomandwill-43vl-4-4-groesse-classic-geigenkasten-blau"},"modified":"2024-12-28T08:56:19","modified_gmt":"2024-12-28T07:56:19","slug":"tomandwill-43vl-4-4-groesse-classic-geigenkasten-blau","status":"publish","type":"product","link":"https:\/\/www.instrumentbox.de\/?product=tomandwill-43vl-4-4-groesse-classic-geigenkasten-blau","title":{"rendered":"Tomandwill 43VL 4\/4 Gr\u00f6\u00dfe Classic Geigenkasten &#8211; blau"},"content":{"rendered":"<p><!-- show up to 2 reviews by default --> <\/p>\n<p>-Das Innere ist mit einem weichem Stoff ausgekleidet und vorgeformt. Die Ausschnitte sind f\u00fcr eine Vielzahl unterschiedlicher Violinen-Modelle passend.2-seitig genietet f\u00fcr perfekte Stabilit\u00e4t. Zudem wird das Au\u00dfenmaterial zus\u00e4tzlich gesch\u00fctzt.Dank der abnehmbaren Tragegurte kann die Tasche bequem auf der Schulter getragen werden. Zudem erm\u00f6glichen die beiden Tragegriffe einen handlichen Transport.2 x Halterungen f\u00fcr den saitenbespannten Bogen im Geh\u00e4usedeckel. Zus\u00e4tzliches Innenfach. Verschluss mit abschlie\u00dfbaren YKK-Rei\u00dfverschl\u00fcssen (3-seitig) f\u00fcr eine leichte Zug\u00e4nglichkeit und perfekten Schutz. <\/p>\n<p>Geben Sie Ihr Modell ein, um sicherzustellen, dass dieser Artikel passt.<br \/>\nL\u00e4ngliche und leichtgewichtige Violinentasche. Passend f\u00fcr eine 4\/4-Violine. Vorgeformtes Innenmaterial, Au\u00dfenfarbe: Blau. Farbe Innenmaterial: Blau.<br \/>\nExtra weiches Innenfutter. Farbe Innenmaterial: Blau. Spezielle Ausschnitte. 2-seitig genietet f\u00fcr einen perfekten Schutz.<br \/>\nZwei Tragegriffe, ein Handgriff und ein abnehmbarer Schultergurt.<br \/>\n2 x Halterungen f\u00fcr den saitenbespannten Bogen im Geh\u00e4usedeckel. Zus\u00e4tzliches Innenfach. Selbstschlie\u00dfende Konstruktion. Schulterriemen. M\u00f6glichkeit der Befestigung an einer Stuhllehne.<br \/>\nVerschluss mit abschlie\u00dfbaren YKK-Rei\u00dfverschl\u00fcssen (3-seitig) f\u00fcr eine leichte Zug\u00e4nglichkeit und perfekten Schutz.<br \/>\n<div class=\"main-cross-sell\" data-asin=\"B00E4A5FC0\">\n\n\t<div class=\"WooZone-cross-sell-loader\">\n\t\t<div>\n\t\t\t<div id=\"floatingBarsG\">\n\t\t\t\t<div class=\"blockG\" id=\"rotateG_01\"><\/div>\n\t\t\t\t<div class=\"blockG\" id=\"rotateG_02\"><\/div>\n\t\t\t\t<div class=\"blockG\" id=\"rotateG_03\"><\/div>\n\t\t\t\t<div class=\"blockG\" id=\"rotateG_04\"><\/div>\n\t\t\t\t<div class=\"blockG\" id=\"rotateG_05\"><\/div>\n\t\t\t\t<div class=\"blockG\" id=\"rotateG_06\"><\/div>\n\t\t\t\t<div class=\"blockG\" id=\"rotateG_07\"><\/div>\n\t\t\t\t<div class=\"blockG\" id=\"rotateG_08\"><\/div>\n\t\t\t<\/div>\n\t\t\t<div class=\"WooZone-cross-sell-loader-text\"><\/div>\n\t\t<\/div>\n\t<\/div>\n\n\t\t\n<\/div>\n<div style=\"clear:both;\"><\/div>\n","protected":false},"excerpt":{"rendered":"<p>Geben Sie Ihr Modell ein, um sicherzustellen, dass dieser Artikel passt.<br \/>\nL\u00e4ngliche und leichtgewichtige Violinentasche. Passend f\u00fcr eine 4\/4-Violine. Vorgeformtes Innenmaterial, Au\u00dfenfarbe: Blau. Farbe Innenmaterial: Blau.<br \/>\nExtra weiches Innenfutter. Farbe Innenmaterial: Blau. Spezielle Ausschnitte. 2-seitig genietet f\u00fcr einen perfekten Schutz.<\/p>\n","protected":false},"featured_media":4335,"comment_status":"open","ping_status":"closed","template":"","meta":{"_acf_changed":false,"rs_blank_template":"","rs_page_bg_color":"","slide_template_v7":""},"product_brand":[],"product_cat":[15,40],"product_tag":[],"class_list":{"0":"post-4334","1":"product","2":"type-product","3":"status-publish","4":"has-post-thumbnail","6":"product_cat-shop","7":"product_cat-zubehoer","8":"pa_brand-tomandwill","10":"first","11":"instock","12":"shipping-taxable","13":"purchasable","14":"product-type-simple"},"acf":[],"_links":{"self":[{"href":"https:\/\/www.instrumentbox.de\/index.php?rest_route=\/wp\/v2\/product\/4334","targetHints":{"allow":["GET"]}}],"collection":[{"href":"https:\/\/www.instrumentbox.de\/index.php?rest_route=\/wp\/v2\/product"}],"about":[{"href":"https:\/\/www.instrumentbox.de\/index.php?rest_route=\/wp\/v2\/types\/product"}],"replies":[{"embeddable":true,"href":"https:\/\/www.instrumentbox.de\/index.php?rest_route=%2Fwp%2Fv2%2Fcomments&post=4334"}],"wp:featuredmedia":[{"embeddable":true,"href":"https:\/\/www.instrumentbox.de\/index.php?rest_route=\/wp\/v2\/media\/4335"}],"wp:attachment":[{"href":"https:\/\/www.instrumentbox.de\/index.php?rest_route=%2Fwp%2Fv2%2Fmedia&parent=4334"}],"wp:term":[{"taxonomy":"product_brand","embeddable":true,"href":"https:\/\/www.instrumentbox.de\/index.php?rest_route=%2Fwp%2Fv2%2Fproduct_brand&post=4334"},{"taxonomy":"product_cat","embeddable":true,"href":"https:\/\/www.instrumentbox.de\/index.php?rest_route=%2Fwp%2Fv2%2Fproduct_cat&post=4334"},{"taxonomy":"product_tag","embeddable":true,"href":"https:\/\/www.instrumentbox.de\/index.php?rest_route=%2Fwp%2Fv2%2Fproduct_tag&post=4334"}],"curies":[{"name":"wp","href":"https:\/\/api.w.org\/{rel}","templated":true}]}}