{"id":4373,"date":"2020-07-20T12:32:18","date_gmt":"2020-07-20T12:32:18","guid":{"rendered":"https:\/\/www.instrumentbox.de\/?product=geigenkoffer-holz-perfect-marineblau-blau-4-4-m-case"},"modified":"2025-01-20T22:26:51","modified_gmt":"2025-01-20T21:26:51","slug":"geigenkoffer-holz-perfect-marineblau-blau-4-4-m-case","status":"publish","type":"product","link":"https:\/\/www.instrumentbox.de\/?product=geigenkoffer-holz-perfect-marineblau-blau-4-4-m-case","title":{"rendered":"Geigenkoffer Holz Perfect marineblau &#8211; blau 4\/4 M-Case"},"content":{"rendered":"<p><!-- show up to 2 reviews by default --> <\/p>\n<p>*\u00e4sthetische Design-Ausf\u00fchrung *modernes Design * Material: Holz und leichter, sehr best\u00e4ndiger Schaumstoff * Au\u00dfenmaterial dunkel, wasserabweisend, kratzbest\u00e4ndig * Innenauskleidung \u2013 leichtes Gewebe in modernen Farbtonen * Trageriemen mit Schulterauflage * 4 Bogenhalter innen * Decke f\u00fcr Instrument * Akzessorienf\u00e4ch im Kofferinneren * Gro\u00dfe, wasserfeste Notentasche * Hygrometer * Verchromte Metall-Abstellf\u00fc\u00dfe an der Unterseite und einer Seite * 1 Tragegriff * Rei\u00dfverschl\u00fcsse und Klammer aus Metall * Gr\u00f6\u00dfe: 4\/4 * Gewicht: 2,9 Kg <\/p>\n<p>Geben Sie Ihr Modell ein, um sicherzustellen, dass dieser Artikel passt.<br \/>\nGeigenkoffer, Geigenetui, M-Case<br \/>\n<div class=\"main-cross-sell\" data-asin=\"B06X93DY6Z\">\n\n\t<div class=\"WooZone-cross-sell-loader\">\n\t\t<div>\n\t\t\t<div id=\"floatingBarsG\">\n\t\t\t\t<div class=\"blockG\" id=\"rotateG_01\"><\/div>\n\t\t\t\t<div class=\"blockG\" id=\"rotateG_02\"><\/div>\n\t\t\t\t<div class=\"blockG\" id=\"rotateG_03\"><\/div>\n\t\t\t\t<div class=\"blockG\" id=\"rotateG_04\"><\/div>\n\t\t\t\t<div class=\"blockG\" id=\"rotateG_05\"><\/div>\n\t\t\t\t<div class=\"blockG\" id=\"rotateG_06\"><\/div>\n\t\t\t\t<div class=\"blockG\" id=\"rotateG_07\"><\/div>\n\t\t\t\t<div class=\"blockG\" id=\"rotateG_08\"><\/div>\n\t\t\t<\/div>\n\t\t\t<div class=\"WooZone-cross-sell-loader-text\"><\/div>\n\t\t<\/div>\n\t<\/div>\n\n\t\t\n<\/div>\n<div style=\"clear:both;\"><\/div>\n","protected":false},"excerpt":{"rendered":"<p>Geben Sie Ihr Modell ein, um sicherzustellen, dass dieser Artikel passt.<br \/>\nGeigenkoffer, Geigenetui, M-Case<\/p>\n","protected":false},"featured_media":4374,"comment_status":"open","ping_status":"closed","template":"","meta":{"_acf_changed":false,"rs_blank_template":"","rs_page_bg_color":"","slide_template_v7":""},"product_brand":[],"product_cat":[15,40],"product_tag":[],"class_list":{"0":"post-4373","1":"product","2":"type-product","3":"status-publish","4":"has-post-thumbnail","6":"product_cat-shop","7":"product_cat-zubehoer","8":"pa_brand-m-case","10":"first","11":"instock","12":"shipping-taxable","13":"purchasable","14":"product-type-simple"},"acf":[],"_links":{"self":[{"href":"https:\/\/www.instrumentbox.de\/index.php?rest_route=\/wp\/v2\/product\/4373","targetHints":{"allow":["GET"]}}],"collection":[{"href":"https:\/\/www.instrumentbox.de\/index.php?rest_route=\/wp\/v2\/product"}],"about":[{"href":"https:\/\/www.instrumentbox.de\/index.php?rest_route=\/wp\/v2\/types\/product"}],"replies":[{"embeddable":true,"href":"https:\/\/www.instrumentbox.de\/index.php?rest_route=%2Fwp%2Fv2%2Fcomments&post=4373"}],"wp:featuredmedia":[{"embeddable":true,"href":"https:\/\/www.instrumentbox.de\/index.php?rest_route=\/wp\/v2\/media\/4374"}],"wp:attachment":[{"href":"https:\/\/www.instrumentbox.de\/index.php?rest_route=%2Fwp%2Fv2%2Fmedia&parent=4373"}],"wp:term":[{"taxonomy":"product_brand","embeddable":true,"href":"https:\/\/www.instrumentbox.de\/index.php?rest_route=%2Fwp%2Fv2%2Fproduct_brand&post=4373"},{"taxonomy":"product_cat","embeddable":true,"href":"https:\/\/www.instrumentbox.de\/index.php?rest_route=%2Fwp%2Fv2%2Fproduct_cat&post=4373"},{"taxonomy":"product_tag","embeddable":true,"href":"https:\/\/www.instrumentbox.de\/index.php?rest_route=%2Fwp%2Fv2%2Fproduct_tag&post=4373"}],"curies":[{"name":"wp","href":"https:\/\/api.w.org\/{rel}","templated":true}]}}