{"id":4429,"date":"2020-07-20T12:32:41","date_gmt":"2020-07-20T12:32:41","guid":{"rendered":"https:\/\/www.instrumentbox.de\/?product=original-tonareli-geigenkoffer-4-4-vnf1019-tuerkis-notentasche-autorisierter-haendler"},"modified":"2024-01-03T07:51:51","modified_gmt":"2024-01-03T06:51:51","slug":"original-tonareli-geigenkoffer-4-4-vnf1019-tuerkis-notentasche-autorisierter-haendler","status":"publish","type":"product","link":"https:\/\/www.instrumentbox.de\/?product=original-tonareli-geigenkoffer-4-4-vnf1019-tuerkis-notentasche-autorisierter-haendler","title":{"rendered":"Original Tonareli Geigenkoffer 4\/4 VNF1019 T\u00fcrkis + Notentasche &#8211; Autorisierter H\u00e4ndler"},"content":{"rendered":"<p><!-- show up to 2 reviews by default --> <\/p>\n<p>* Geigenkoffer Glasfaser Tonareli 4\/4 VNF1019 T\u00fcrkis + Notentasche &#8211; Autorisierter H\u00e4ndler; * Originaler Prestige \u2013 Geigenkoffer Tonareli aus dem Glasfaser mit modernen Design sch\u00fctzt Dein Instrument ideal; * Sehr leichte und best\u00e4ndige Glasfaser, Innenverkleidung mit Velours, sehr dicht, was idealer Schutz vom Regen und Temperatur gew\u00e4hrleistet; * Moderne Innengestaltung erm\u00f6glicht sichere Aufbewahrung von zwei Violinb\u00f6gen; * Jeder Koffer ist folgend ausgestattet: Decke f\u00fcr Instrument, Trageriemen f\u00fcr R\u00fccken \/ Schulter doppeltversichert, Au\u00dfennotentasche, moderne Federklammern; * Zwei Jahre Garantie; * Gr\u00f6\u00dfe 4\/4; * Au\u00dfenabmessungen: L\u00e4nge 80 cm, Breite 29 cm, H\u00f6he 15 cm; * Innenabmessungen: L\u00e4nge 65.4 cm, Breite 22.5\/17.8 cm; * Gewicht: 2,27 kg <\/p>\n<p>Geben Sie Ihr Modell ein, um sicherzustellen, dass dieser Artikel passt.<br \/>\nGeigenkoffer, Geigenetui, Tonareli<br \/>\n<div class=\"main-cross-sell\" data-asin=\"B07DB7PJ3W\">\n\n\t<div class=\"WooZone-cross-sell-loader\">\n\t\t<div>\n\t\t\t<div id=\"floatingBarsG\">\n\t\t\t\t<div class=\"blockG\" id=\"rotateG_01\"><\/div>\n\t\t\t\t<div class=\"blockG\" id=\"rotateG_02\"><\/div>\n\t\t\t\t<div class=\"blockG\" id=\"rotateG_03\"><\/div>\n\t\t\t\t<div class=\"blockG\" id=\"rotateG_04\"><\/div>\n\t\t\t\t<div class=\"blockG\" id=\"rotateG_05\"><\/div>\n\t\t\t\t<div class=\"blockG\" id=\"rotateG_06\"><\/div>\n\t\t\t\t<div class=\"blockG\" id=\"rotateG_07\"><\/div>\n\t\t\t\t<div class=\"blockG\" id=\"rotateG_08\"><\/div>\n\t\t\t<\/div>\n\t\t\t<div class=\"WooZone-cross-sell-loader-text\"><\/div>\n\t\t<\/div>\n\t<\/div>\n\n\t\t\n<\/div>\n<div style=\"clear:both;\"><\/div>\n","protected":false},"excerpt":{"rendered":"<p>Geben Sie Ihr Modell ein, um sicherzustellen, dass dieser Artikel passt.<br \/>\nGeigenkoffer, Geigenetui, Tonareli<\/p>\n","protected":false},"featured_media":4430,"comment_status":"open","ping_status":"closed","template":"","meta":{"_acf_changed":false,"rs_blank_template":"","rs_page_bg_color":"","slide_template_v7":""},"product_brand":[],"product_cat":[15,40],"product_tag":[],"class_list":{"0":"post-4429","1":"product","2":"type-product","3":"status-publish","4":"has-post-thumbnail","6":"product_cat-shop","7":"product_cat-zubehoer","8":"pa_brand-tonareli","10":"first","11":"instock","12":"shipping-taxable","13":"purchasable","14":"product-type-simple"},"acf":[],"_links":{"self":[{"href":"https:\/\/www.instrumentbox.de\/index.php?rest_route=\/wp\/v2\/product\/4429","targetHints":{"allow":["GET"]}}],"collection":[{"href":"https:\/\/www.instrumentbox.de\/index.php?rest_route=\/wp\/v2\/product"}],"about":[{"href":"https:\/\/www.instrumentbox.de\/index.php?rest_route=\/wp\/v2\/types\/product"}],"replies":[{"embeddable":true,"href":"https:\/\/www.instrumentbox.de\/index.php?rest_route=%2Fwp%2Fv2%2Fcomments&post=4429"}],"wp:featuredmedia":[{"embeddable":true,"href":"https:\/\/www.instrumentbox.de\/index.php?rest_route=\/wp\/v2\/media\/4430"}],"wp:attachment":[{"href":"https:\/\/www.instrumentbox.de\/index.php?rest_route=%2Fwp%2Fv2%2Fmedia&parent=4429"}],"wp:term":[{"taxonomy":"product_brand","embeddable":true,"href":"https:\/\/www.instrumentbox.de\/index.php?rest_route=%2Fwp%2Fv2%2Fproduct_brand&post=4429"},{"taxonomy":"product_cat","embeddable":true,"href":"https:\/\/www.instrumentbox.de\/index.php?rest_route=%2Fwp%2Fv2%2Fproduct_cat&post=4429"},{"taxonomy":"product_tag","embeddable":true,"href":"https:\/\/www.instrumentbox.de\/index.php?rest_route=%2Fwp%2Fv2%2Fproduct_tag&post=4429"}],"curies":[{"name":"wp","href":"https:\/\/api.w.org\/{rel}","templated":true}]}}