{"id":4433,"date":"2020-07-20T12:32:43","date_gmt":"2020-07-20T12:32:43","guid":{"rendered":"https:\/\/www.instrumentbox.de\/?product=geigenkoffer-holz-deluxe-tonareli-4-4-vndlux1003-olivgruen-autorisierter-haendler"},"modified":"2024-01-03T07:51:51","modified_gmt":"2024-01-03T06:51:51","slug":"geigenkoffer-holz-deluxe-tonareli-4-4-vndlux1003-olivgruen-autorisierter-haendler","status":"publish","type":"product","link":"https:\/\/www.instrumentbox.de\/?product=geigenkoffer-holz-deluxe-tonareli-4-4-vndlux1003-olivgruen-autorisierter-haendler","title":{"rendered":"Geigenkoffer Holz DELUXE Tonareli 4\/4 VNDLUX1003 Olivgr\u00fcn &#8211; Autorisierter H\u00e4ndler"},"content":{"rendered":"<p><!-- show up to 2 reviews by default --> <\/p>\n<p>* Die Tonareli Deluxe Violine Case ist eine wundersch\u00f6ne und elegant gestaltete H\u00fclle f\u00fcr Violinen voller Gr\u00f6\u00dfe. * Im Gegensatz zu anderen harten F\u00e4llen, es verf\u00fcgt \u00fcber gepolsterte Riemen, die einfach auf den Schultern sind. * Es hat auch eine sehr ger\u00e4umige Innentasche f\u00fcr Schulterst\u00fctzen von verschiedenen Formen und Gr\u00f6\u00dfen. * Die goldenen Seile entlang in den inneren Kanten f\u00fcgen eine nette Note dem Gesamtentwurf und der Qualit\u00e4t des Falles hinzu; * 4 Bogenhalter; 2 bequem gepolsterte Schulterriemen; Regenklappe zum Abdecken des Schlosses; Gro\u00dfe Au\u00dfenmusiktasche; * Hygrometer, Thermometer, Saitenrohr; Gro\u00dfes Innenfach; Violinendecke und Beutel inklusive; * YKK Rei\u00dfverschl\u00fcsse; Dekoratives Seil; Gesteppte Polsterung mit voller Aufh\u00e4ngung; Schwarzes \u00c4u\u00dferes mit brauner Beschnitt; * Gewicht: 3 kg (6,7 lb.) &#8211; mehrschichtige Holzschale. <\/p>\n<p>Geben Sie Ihr Modell ein, um sicherzustellen, dass dieser Artikel passt.<br \/>\nGeigenkoffer, Geigenetui, Tonareli<br \/>\n<div class=\"main-cross-sell\" data-asin=\"B06ZZX2Y5T\">\n\n\t<div class=\"WooZone-cross-sell-loader\">\n\t\t<div>\n\t\t\t<div id=\"floatingBarsG\">\n\t\t\t\t<div class=\"blockG\" id=\"rotateG_01\"><\/div>\n\t\t\t\t<div class=\"blockG\" id=\"rotateG_02\"><\/div>\n\t\t\t\t<div class=\"blockG\" id=\"rotateG_03\"><\/div>\n\t\t\t\t<div class=\"blockG\" id=\"rotateG_04\"><\/div>\n\t\t\t\t<div class=\"blockG\" id=\"rotateG_05\"><\/div>\n\t\t\t\t<div class=\"blockG\" id=\"rotateG_06\"><\/div>\n\t\t\t\t<div class=\"blockG\" id=\"rotateG_07\"><\/div>\n\t\t\t\t<div class=\"blockG\" id=\"rotateG_08\"><\/div>\n\t\t\t<\/div>\n\t\t\t<div class=\"WooZone-cross-sell-loader-text\"><\/div>\n\t\t<\/div>\n\t<\/div>\n\n\t\t\n<\/div>\n<div style=\"clear:both;\"><\/div>\n","protected":false},"excerpt":{"rendered":"<p>Geben Sie Ihr Modell ein, um sicherzustellen, dass dieser Artikel passt.<br \/>\nGeigenkoffer, Geigenetui, Tonareli<\/p>\n","protected":false},"featured_media":4434,"comment_status":"open","ping_status":"closed","template":"","meta":{"_acf_changed":false,"rs_blank_template":"","rs_page_bg_color":"","slide_template_v7":""},"product_brand":[],"product_cat":[15,40],"product_tag":[],"class_list":{"0":"post-4433","1":"product","2":"type-product","3":"status-publish","4":"has-post-thumbnail","6":"product_cat-shop","7":"product_cat-zubehoer","8":"pa_brand-tonareli","10":"first","11":"instock","12":"shipping-taxable","13":"purchasable","14":"product-type-simple"},"acf":[],"_links":{"self":[{"href":"https:\/\/www.instrumentbox.de\/index.php?rest_route=\/wp\/v2\/product\/4433","targetHints":{"allow":["GET"]}}],"collection":[{"href":"https:\/\/www.instrumentbox.de\/index.php?rest_route=\/wp\/v2\/product"}],"about":[{"href":"https:\/\/www.instrumentbox.de\/index.php?rest_route=\/wp\/v2\/types\/product"}],"replies":[{"embeddable":true,"href":"https:\/\/www.instrumentbox.de\/index.php?rest_route=%2Fwp%2Fv2%2Fcomments&post=4433"}],"wp:featuredmedia":[{"embeddable":true,"href":"https:\/\/www.instrumentbox.de\/index.php?rest_route=\/wp\/v2\/media\/4434"}],"wp:attachment":[{"href":"https:\/\/www.instrumentbox.de\/index.php?rest_route=%2Fwp%2Fv2%2Fmedia&parent=4433"}],"wp:term":[{"taxonomy":"product_brand","embeddable":true,"href":"https:\/\/www.instrumentbox.de\/index.php?rest_route=%2Fwp%2Fv2%2Fproduct_brand&post=4433"},{"taxonomy":"product_cat","embeddable":true,"href":"https:\/\/www.instrumentbox.de\/index.php?rest_route=%2Fwp%2Fv2%2Fproduct_cat&post=4433"},{"taxonomy":"product_tag","embeddable":true,"href":"https:\/\/www.instrumentbox.de\/index.php?rest_route=%2Fwp%2Fv2%2Fproduct_tag&post=4433"}],"curies":[{"name":"wp","href":"https:\/\/api.w.org\/{rel}","templated":true}]}}