{"id":4465,"date":"2020-07-20T12:32:54","date_gmt":"2020-07-20T12:32:54","guid":{"rendered":"https:\/\/www.instrumentbox.de\/?product=steinbach-hartschalenkoffer-fuer-4-4-violine-abs-schwarze-hardware"},"modified":"2024-12-16T13:19:57","modified_gmt":"2024-12-16T12:19:57","slug":"steinbach-hartschalenkoffer-fuer-4-4-violine-abs-schwarze-hardware","status":"publish","type":"product","link":"https:\/\/www.instrumentbox.de\/?product=steinbach-hartschalenkoffer-fuer-4-4-violine-abs-schwarze-hardware","title":{"rendered":"Steinbach Geigenkoffer Hartschalenkoffer f\u00fcr 4\/4 Geige\/Violine ABS schwarze Hardware &#8211; f\u00fcr einen sicheren Transort Ihrer Violine verstellbarer Nylontragegurt"},"content":{"rendered":"<p><!-- show up to 2 reviews by default --> <\/p>\n<p> Marke: Steinbach <\/p>\n<p> Stabiler, schwarzer Hartschalenkoffer in ansprechendem, modernen Design <\/p>\n<p> Koffer f\u00fcr Geige der Gr\u00f6\u00dfe: 4\/4 (Ma\u00dfbild beachten) <\/p>\n<p> Koffer\u00e4u\u00dferes: <\/p>\n<p> Material: ABS<b><\/b><\/p>\n<p><b>Instrumentenform <\/b><\/p>\n<p><b>Stabiler Handtragegriff f\u00fcr einen leichten Transport <\/b><\/p>\n<p><b>2 D Ringe zum Anbringen des Tragegurts <\/b><\/p>\n<p><b>1 verstellbarer Nylontragegurt <\/b><\/p>\n<p><b>3 Abstellf\u00fc\u00dfe an der Kofferseite, ABS <\/b><\/p>\n<p><b>3 Abstellf\u00fc\u00dfe an der Kofferunterseite, Kunststoff <\/b><\/p>\n<p><b>2 robuste Metallschnappverschl\u00fcsse, schwarz eloxiert <\/b><\/p>\n<p><b>Alu verst\u00e4rkte Kanten f\u00fcr besten Schutz und Stabilit\u00e4t <\/b><\/p>\n<p><b>Au\u00dfenma\u00dfe: <\/b><\/p>\n<p><b>L\u00e4nge: Ca. 81 cm <\/b><\/p>\n<p><b>Breite: Ca. 30 cm <\/b><\/p>\n<p><b>H\u00f6he: Ca. 15 cm <\/b><\/p>\n<p><b>Kofferinneres: <\/b><\/p>\n<p><b>Schweblagerung des Instruments<b><\/b><\/b><\/p>\n<p><b><b>Innenfutter: Schwarzer Pl\u00fcsch <\/b><\/b><\/p>\n<p><b><b>Innenma\u00dfe: <\/b><\/b><\/p>\n<p><b><b>A = Gesamtl\u00e4nge: Ca. 61 cm <\/b><\/b><\/p>\n<p><b><b>Aa = Korpusl\u00e4nge: Ca. 37 cm <\/b><\/b><\/p>\n<p><b><b>Ab = Oberbug Breite: Ca. 18 cm <\/b><\/b><\/p>\n<p><b><b>Ac = Taille Breite: Ca. 17 cm <\/b><\/b><\/p>\n<p><b><b>Ad = Unterbug Breite: Ca. 21 cm <\/b><\/b><\/p>\n<p><b><b>B = L\u00e4nge Wirbelkasten: Ca. 13 cm <\/b><\/b><\/p>\n<p><b><b>Ba = Breite Wirbelkasten: Ca. 10 cm <\/b><\/b><\/p>\n<p><b><b>C = H\u00f6he Boden: Ca. 4 cm <\/b><\/b><\/p>\n<p><b><b>D = H\u00f6he Deckel: Ca. 4 cm <\/b><\/b><\/p>\n<p><b><b>Leicht gew\u00f6lbter Kofferdeckel <\/b><\/b><\/p>\n<p><b><b>Ma\u00dfe innen (L\u00e4nge): Ca. 75 cm<b><\/b><\/b><\/b><\/p>\n<p><b><b><b>2 Bogenhalter im Kofferdeckel <\/b><\/b><\/b><\/p>\n<p><b><b><b>2 Accessoiref\u00e4cher f\u00fcr kleine Zubeh\u00f6rteile <\/b><\/b><\/b><\/p>\n<p><b><b><b>Ma\u00dfe Zubeh\u00f6rfach 1: <\/b><\/b><\/b><\/p>\n<p><b><b><b>L\u00e4nge: Ca. 9 cm <\/b><\/b><\/b><\/p>\n<p><b><b><b>Breite: Ca. 9 cm <\/b><\/b><\/b><\/p>\n<p><b><b><b>H\u00f6he: Ca. 4 cm <\/b><\/b><\/b><\/p>\n<p><b><b><b>Ma\u00dfe Zubeh\u00f6rfach 2: <\/b><\/b><\/b><\/p>\n<p><b><b><b>L\u00e4nge: Ca. 3 cm <\/b><\/b><\/b><\/p>\n<p><b><b><b>Breite: Ca. 11 cm <\/b><\/b><\/b><\/p>\n<p><b><b><b>H\u00f6he: Ca. 3 cm <\/b><\/b><\/b><\/p>\n<p><b><b><b>Gewicht: Ca. 2, 2 kg <\/b><\/b><\/b><\/p>\n<p><b><b><b>Farbe: Schwarz <\/b><\/b><\/b><\/p>\n<p><b><b><b> <\/b><\/b><\/b><\/p>\n<p>Geben Sie Ihr Modell ein, um sicherzustellen, dass dieser Artikel passt.<br \/>\nGr\u00f6\u00dfe: 4\/4<br \/>\nForm: Formkoffer<br \/>\nMarke: Steinbach<br \/>\n<div class=\"main-cross-sell\" data-asin=\"B00Q1LFJCG\">\n\n\t<div class=\"WooZone-cross-sell-loader\">\n\t\t<div>\n\t\t\t<div id=\"floatingBarsG\">\n\t\t\t\t<div class=\"blockG\" id=\"rotateG_01\"><\/div>\n\t\t\t\t<div class=\"blockG\" id=\"rotateG_02\"><\/div>\n\t\t\t\t<div class=\"blockG\" id=\"rotateG_03\"><\/div>\n\t\t\t\t<div class=\"blockG\" id=\"rotateG_04\"><\/div>\n\t\t\t\t<div class=\"blockG\" id=\"rotateG_05\"><\/div>\n\t\t\t\t<div class=\"blockG\" id=\"rotateG_06\"><\/div>\n\t\t\t\t<div class=\"blockG\" id=\"rotateG_07\"><\/div>\n\t\t\t\t<div class=\"blockG\" id=\"rotateG_08\"><\/div>\n\t\t\t<\/div>\n\t\t\t<div class=\"WooZone-cross-sell-loader-text\"><\/div>\n\t\t<\/div>\n\t<\/div>\n\n\t\t\n<\/div>\n<div style=\"clear:both;\"><\/div>\n","protected":false},"excerpt":{"rendered":"<p>Geben Sie Ihr Modell ein, um sicherzustellen, dass dieser Artikel passt.<br \/>\nGr\u00f6\u00dfe: 4\/4<br \/>\nForm: Formkoffer<\/p>\n","protected":false},"featured_media":4466,"comment_status":"open","ping_status":"closed","template":"","meta":{"_acf_changed":false,"rs_blank_template":"","rs_page_bg_color":"","slide_template_v7":""},"product_brand":[],"product_cat":[15,40],"product_tag":[],"class_list":{"0":"post-4465","1":"product","2":"type-product","3":"status-publish","4":"has-post-thumbnail","6":"product_cat-shop","7":"product_cat-zubehoer","8":"pa_brand-steinbach","10":"first","11":"instock","12":"shipping-taxable","13":"purchasable","14":"product-type-simple"},"acf":[],"_links":{"self":[{"href":"https:\/\/www.instrumentbox.de\/index.php?rest_route=\/wp\/v2\/product\/4465","targetHints":{"allow":["GET"]}}],"collection":[{"href":"https:\/\/www.instrumentbox.de\/index.php?rest_route=\/wp\/v2\/product"}],"about":[{"href":"https:\/\/www.instrumentbox.de\/index.php?rest_route=\/wp\/v2\/types\/product"}],"replies":[{"embeddable":true,"href":"https:\/\/www.instrumentbox.de\/index.php?rest_route=%2Fwp%2Fv2%2Fcomments&post=4465"}],"wp:featuredmedia":[{"embeddable":true,"href":"https:\/\/www.instrumentbox.de\/index.php?rest_route=\/wp\/v2\/media\/4466"}],"wp:attachment":[{"href":"https:\/\/www.instrumentbox.de\/index.php?rest_route=%2Fwp%2Fv2%2Fmedia&parent=4465"}],"wp:term":[{"taxonomy":"product_brand","embeddable":true,"href":"https:\/\/www.instrumentbox.de\/index.php?rest_route=%2Fwp%2Fv2%2Fproduct_brand&post=4465"},{"taxonomy":"product_cat","embeddable":true,"href":"https:\/\/www.instrumentbox.de\/index.php?rest_route=%2Fwp%2Fv2%2Fproduct_cat&post=4465"},{"taxonomy":"product_tag","embeddable":true,"href":"https:\/\/www.instrumentbox.de\/index.php?rest_route=%2Fwp%2Fv2%2Fproduct_tag&post=4465"}],"curies":[{"name":"wp","href":"https:\/\/api.w.org\/{rel}","templated":true}]}}