{"id":4553,"date":"2020-07-20T12:36:15","date_gmt":"2020-07-20T12:36:15","guid":{"rendered":"https:\/\/www.instrumentbox.de\/?product=donner-morpher-distortion-gitarre-effektpedal-true-bypass"},"modified":"2025-01-24T10:42:19","modified_gmt":"2025-01-24T09:42:19","slug":"donner-morpher-distortion-gitarre-effektpedal-true-bypass","status":"publish","type":"product","link":"https:\/\/www.instrumentbox.de\/?product=donner-morpher-distortion-gitarre-effektpedal-true-bypass","title":{"rendered":"Donner Distortion Gitarrenpedal, Morpher Distortion 3 Modi Nat\u00fcrlicher, straffer, klassischer Crunch 80er Metal f\u00fcr E-Gitarre True Bypass"},"content":{"rendered":"<p><!-- show up to 2 reviews by default --> <\/p>\n<h3>Produktbeschreibungen<\/h3>\n<p>Das Mopher Pedal kann deine kleine frische Tube Verst\u00e4rker einen volleren und lauteren Sound als &#8220;Full Stack&#8221; Sound Effekt machen. Die urspr\u00fcngliche Klangstruktur pflegen. Daher wird es keine Panikfrequenz sein. Weder stumpf bass noch pl\u00f6tzliche mittlere Frequenz. Der Clip im Pedal ist JRC4558D, der eine bessere Anpassungsf\u00e4higkeit an die Verzerrung einschlie\u00dflich drei Modi hat.<\/p>\n<p><b>Hoch-Gain Verzerrung<\/b><\/p>\n<p>Hoch-Gain Distortion Pedal mit exzellenter dynamischer Zustand und Definition, ist speziell f\u00fcr Lead playing geeignet. Lassen Sie Ihre kleine frische Tube Verst\u00e4rker-Power ausgegeben werden Full Stack Lautsprecher T\u00f6ne, voller lauter Stimmen. Halten der Klang nat\u00fcrliche und entspannte Kl\u00e4nge Struktur.<\/p>\n<p><b>Leicht zu kontrollieren<\/b><\/p>\n<p>Es gibt drei Funktions-Kn\u00f6pfe, n\u00e4mlich Level, Ton und Gain. Drei Modelle: Natural, Tight and Classic. Sie k\u00f6nnen einfach drei Funktions-Kn\u00f6pfe steuern und w\u00e4hlen Sie das Modell, das Sie m\u00f6chten, dass Sie eigen Musik-Ton zu machen. Genie\u00dfen Sie Ihren eigenen Spa\u00df und buntes Leben.<\/p>\n<p><b>Klassisches Design<\/b><\/p>\n<p>Wie Sie sehen k\u00f6nnen, haben Morpher ein neuartiges Design-Logo, klassische Mini-Gr\u00f6\u00dfe, bequem und langlebig. Ein True Bypass-Schalter l\u00e4sst das Signal Ihres Instruments durch eine nicht-elektronische Bypass-Leitung passieren, wenn der Effekt separiert ist, f\u00fcttern Sie Ihren Verst\u00e4rker mit einem direkten, unver\u00e4nderten Signal von Ihrem Instrument.<\/p>\n<p><b>Spezifikation:<\/b><br \/>Eingangsimpedanz: 1 M Ohm<br \/>Ausgangsimpedanz: 95 Ohm<br \/>Betriebsstrom: 13 mA<br \/>Stromversorgung: DC 9V (Negativ in der Mitte, im Lieferumfang nicht enthalten)<br \/>Abmessungen: 95mm (D) * 44 mm (W) * 48mm (H)<br \/>Gewicht: 240g (mit Verpackung)<\/p>\n<p><b>Lieferumfang:<\/b><br \/>1 x Donner Morpher Distortion Effektpedal<br \/>1 x Benutzerhandbuch<\/p>\n<h3>Rechtliche Hinweise<\/h3>\n<p>Privatverkauf &#8211; keine R\u00fccknahme oder Gew\u00e4hrleistung <\/p>\n<p>Geben Sie Ihr Modell ein, um sicherzustellen, dass dieser Artikel passt.<br \/>\n\u3010Morpher Distortion\u3011 Hochgradiger Verzerrungsgrad von Metall, stabil bis solo, hat einen starken Ausdruck mit dynamischem Echoklang. Modernes Verzerrungspedal mit hoher Verst\u00e4rkung mit gro\u00dfem Dynamikbereich und Klarheit.<br \/>\n\u3010Ganze Aluminiumlegierung\u3011 Ganze Aluminiumlegierung klassisch, stabil und stark.<br \/>\n\u3010True Bypass\u3011 True Bypass liefert einen transparenten Ton, LED-Anzeige zeigt den Arbeitszustand an. Morpher ist High-Gain Distortion, gro\u00dfartig gemacht und erschwinglich. Sound inspiriert von High-Gain-Stack-Amps Klingt nach einer Kreuzung zwischen MI Crunch Box * und Suhr Riot *.<br \/>\n\u3010Einfache, flexible Steuerung\u3011 Drei Regler zur Steuerung von Level, Gain und Tone. Klangregelung mit gro\u00dfer Reichweite, sowohl f\u00fcr Vintage- als auch f\u00fcr moderne Spieler geeignet.<br \/>\n\u3010DC 9V-Buchse\u3011 DC 9V Adapter Power Supply ist NICHT INKLUSIVE. (Die Polarit\u00e4t des Steckers ist am Zylinder positiv und in der Mitte negativ.)<br \/>\n<div class=\"main-cross-sell\" data-asin=\"B00NNLWJ7A\">\n\n\t<div class=\"WooZone-cross-sell-loader\">\n\t\t<div>\n\t\t\t<div id=\"floatingBarsG\">\n\t\t\t\t<div class=\"blockG\" id=\"rotateG_01\"><\/div>\n\t\t\t\t<div class=\"blockG\" id=\"rotateG_02\"><\/div>\n\t\t\t\t<div class=\"blockG\" id=\"rotateG_03\"><\/div>\n\t\t\t\t<div class=\"blockG\" id=\"rotateG_04\"><\/div>\n\t\t\t\t<div class=\"blockG\" id=\"rotateG_05\"><\/div>\n\t\t\t\t<div class=\"blockG\" id=\"rotateG_06\"><\/div>\n\t\t\t\t<div class=\"blockG\" id=\"rotateG_07\"><\/div>\n\t\t\t\t<div class=\"blockG\" id=\"rotateG_08\"><\/div>\n\t\t\t<\/div>\n\t\t\t<div class=\"WooZone-cross-sell-loader-text\"><\/div>\n\t\t<\/div>\n\t<\/div>\n\n\t\t\n<\/div>\n<div style=\"clear:both;\"><\/div>\n","protected":false},"excerpt":{"rendered":"<p>Geben Sie Ihr Modell ein, um sicherzustellen, dass dieser Artikel passt.<br \/>\n\u3010Morpher Distortion\u3011 Hochgradiger Verzerrungsgrad von Metall, stabil bis solo, hat einen starken Ausdruck mit dynamischem Echoklang. Modernes Verzerrungspedal mit hoher Verst\u00e4rkung mit gro\u00dfem Dynamikbereich und Klarheit.<br \/>\n\u3010Ganze Aluminiumlegierung\u3011 Ganze Aluminiumlegierung klassisch, stabil und stark.<\/p>\n","protected":false},"featured_media":4554,"comment_status":"open","ping_status":"closed","template":"","meta":{"_acf_changed":false,"rs_blank_template":"","rs_page_bg_color":"","slide_template_v7":""},"product_brand":[],"product_cat":[15,40],"product_tag":[],"class_list":{"0":"post-4553","1":"product","2":"type-product","3":"status-publish","4":"has-post-thumbnail","6":"product_cat-shop","7":"product_cat-zubehoer","8":"pa_brand-donner","10":"first","11":"instock","12":"shipping-taxable","13":"purchasable","14":"product-type-simple"},"acf":[],"_links":{"self":[{"href":"https:\/\/www.instrumentbox.de\/index.php?rest_route=\/wp\/v2\/product\/4553","targetHints":{"allow":["GET"]}}],"collection":[{"href":"https:\/\/www.instrumentbox.de\/index.php?rest_route=\/wp\/v2\/product"}],"about":[{"href":"https:\/\/www.instrumentbox.de\/index.php?rest_route=\/wp\/v2\/types\/product"}],"replies":[{"embeddable":true,"href":"https:\/\/www.instrumentbox.de\/index.php?rest_route=%2Fwp%2Fv2%2Fcomments&post=4553"}],"wp:featuredmedia":[{"embeddable":true,"href":"https:\/\/www.instrumentbox.de\/index.php?rest_route=\/wp\/v2\/media\/4554"}],"wp:attachment":[{"href":"https:\/\/www.instrumentbox.de\/index.php?rest_route=%2Fwp%2Fv2%2Fmedia&parent=4553"}],"wp:term":[{"taxonomy":"product_brand","embeddable":true,"href":"https:\/\/www.instrumentbox.de\/index.php?rest_route=%2Fwp%2Fv2%2Fproduct_brand&post=4553"},{"taxonomy":"product_cat","embeddable":true,"href":"https:\/\/www.instrumentbox.de\/index.php?rest_route=%2Fwp%2Fv2%2Fproduct_cat&post=4553"},{"taxonomy":"product_tag","embeddable":true,"href":"https:\/\/www.instrumentbox.de\/index.php?rest_route=%2Fwp%2Fv2%2Fproduct_tag&post=4553"}],"curies":[{"name":"wp","href":"https:\/\/api.w.org\/{rel}","templated":true}]}}