{"id":4567,"date":"2020-07-20T12:36:26","date_gmt":"2020-07-20T12:36:26","guid":{"rendered":"https:\/\/www.instrumentbox.de\/?product=cahaya-notenstaender-metal-einstellbar-mit-wasserdicht-tragetasche-klappbar-hoehenverstellbar"},"modified":"2025-01-21T00:37:40","modified_gmt":"2025-01-20T23:37:40","slug":"cahaya-notenstaender-metal-einstellbar-mit-wasserdicht-tragetasche-klappbar-hoehenverstellbar","status":"publish","type":"product","link":"https:\/\/www.instrumentbox.de\/?product=cahaya-notenstaender-metal-einstellbar-mit-wasserdicht-tragetasche-klappbar-hoehenverstellbar","title":{"rendered":"CAHAYA Metall Notenst\u00e4nder klappbar H\u00f6henverstellbar Einstellbar Notenst\u00e4nder &amp; Tischst\u00e4nder 2 in 1 Doppelnutzung mit Wasserdicht Tragetasche CY0194"},"content":{"rendered":"<p>Geben Sie Ihr Modell ein, um sicherzustellen, dass dieser Artikel passt.<br \/>\nAusziehbar und H\u00f6henverstellbar: Gro\u00dfartig f\u00fcr Spielen im Sitzen und Stehen, geeignet f\u00fcr Kinder und Erwachsene (Die H\u00f6he ist einstellbar von 80 cm bis 145 cm)<br \/>\nRobustes Stativ f\u00fcr ausgezeichnete Standfestigkeit: F\u00fcr hervorragende Stabilit\u00e4t sorgen die weit ausfahrbaren Stativbeine und die mit rutschfestem Gummi beschichteten Stativf\u00fc\u00dfe.<br \/>\nNeigungseinstellbarkeit und gro\u00dfe Traglast: Leicht bedienbare Drehschalter zur Einstellung der Neigung; Die Notenauflage kann bis zu 180 Grad geneigt werden, dabei l\u00e4sst sich der Winkel sehr leicht einstellen. Au\u00dferdem hat die Notenauflage eine maximale Traglast von 5,4 KG (z. B.: ein Buch, Notenbl\u00e4tter, oder Tablets).<br \/>\nEinfach zu Transportieren\uff1aDieses Notenpult ist tragbar, einfach montier- und zusammenklappbar. In der im Lieferumfang enthaltenen Tragetasche l\u00e4sst sich der Notenst\u00e4nder leicht \u00fcberall hin mitnehmen.<br \/>\nExtra Zubeh\u00f6r: Eine Tragetasche und eine Notenmappe. Diese A4-Notenmappe mit 40 Sichth\u00fcllen hat eine Kapazit\u00e4t von 80 Notenbl\u00e4ttern.<br \/>\n<div class=\"main-cross-sell\" data-asin=\"B083FPDPYC\">\n\n\t<div class=\"WooZone-cross-sell-loader\">\n\t\t<div>\n\t\t\t<div id=\"floatingBarsG\">\n\t\t\t\t<div class=\"blockG\" id=\"rotateG_01\"><\/div>\n\t\t\t\t<div class=\"blockG\" id=\"rotateG_02\"><\/div>\n\t\t\t\t<div class=\"blockG\" id=\"rotateG_03\"><\/div>\n\t\t\t\t<div class=\"blockG\" id=\"rotateG_04\"><\/div>\n\t\t\t\t<div class=\"blockG\" id=\"rotateG_05\"><\/div>\n\t\t\t\t<div class=\"blockG\" id=\"rotateG_06\"><\/div>\n\t\t\t\t<div class=\"blockG\" id=\"rotateG_07\"><\/div>\n\t\t\t\t<div class=\"blockG\" id=\"rotateG_08\"><\/div>\n\t\t\t<\/div>\n\t\t\t<div class=\"WooZone-cross-sell-loader-text\"><\/div>\n\t\t<\/div>\n\t<\/div>\n\n\t\t\n<\/div>\n<div style=\"clear:both;\"><\/div>\n","protected":false},"excerpt":{"rendered":"<p>Geben Sie Ihr Modell ein, um sicherzustellen, dass dieser Artikel passt.<br \/>\nAusziehbar und H\u00f6henverstellbar: Gro\u00dfartig f\u00fcr Spielen im Sitzen und Stehen, geeignet f\u00fcr Kinder und Erwachsene (Die H\u00f6he ist einstellbar von 80 cm bis 145 cm)<br \/>\nRobustes Stativ f\u00fcr ausgezeichnete Standfestigkeit: F\u00fcr hervorragende Stabilit\u00e4t sorgen die weit ausfahrbaren Stativbeine und die mit rutschfestem Gummi beschichteten Stativf\u00fc\u00dfe.<\/p>\n","protected":false},"featured_media":4568,"comment_status":"open","ping_status":"closed","template":"","meta":{"_acf_changed":false,"rs_blank_template":"","rs_page_bg_color":"","slide_template_v7":""},"product_brand":[],"product_cat":[15,40],"product_tag":[],"class_list":{"0":"post-4567","1":"product","2":"type-product","3":"status-publish","4":"has-post-thumbnail","6":"product_cat-shop","7":"product_cat-zubehoer","8":"pa_brand-cahaya","10":"first","11":"instock","12":"shipping-taxable","13":"purchasable","14":"product-type-simple"},"acf":[],"_links":{"self":[{"href":"https:\/\/www.instrumentbox.de\/index.php?rest_route=\/wp\/v2\/product\/4567","targetHints":{"allow":["GET"]}}],"collection":[{"href":"https:\/\/www.instrumentbox.de\/index.php?rest_route=\/wp\/v2\/product"}],"about":[{"href":"https:\/\/www.instrumentbox.de\/index.php?rest_route=\/wp\/v2\/types\/product"}],"replies":[{"embeddable":true,"href":"https:\/\/www.instrumentbox.de\/index.php?rest_route=%2Fwp%2Fv2%2Fcomments&post=4567"}],"wp:featuredmedia":[{"embeddable":true,"href":"https:\/\/www.instrumentbox.de\/index.php?rest_route=\/wp\/v2\/media\/4568"}],"wp:attachment":[{"href":"https:\/\/www.instrumentbox.de\/index.php?rest_route=%2Fwp%2Fv2%2Fmedia&parent=4567"}],"wp:term":[{"taxonomy":"product_brand","embeddable":true,"href":"https:\/\/www.instrumentbox.de\/index.php?rest_route=%2Fwp%2Fv2%2Fproduct_brand&post=4567"},{"taxonomy":"product_cat","embeddable":true,"href":"https:\/\/www.instrumentbox.de\/index.php?rest_route=%2Fwp%2Fv2%2Fproduct_cat&post=4567"},{"taxonomy":"product_tag","embeddable":true,"href":"https:\/\/www.instrumentbox.de\/index.php?rest_route=%2Fwp%2Fv2%2Fproduct_tag&post=4567"}],"curies":[{"name":"wp","href":"https:\/\/api.w.org\/{rel}","templated":true}]}}