{"id":458,"date":"2020-06-28T08:42:12","date_gmt":"2020-06-28T08:42:12","guid":{"rendered":"https:\/\/www.instrumentbox.de\/?product=bluethner-e-klavier-modell-1-lack-satiniert-weiss"},"modified":"2024-01-02T22:36:50","modified_gmt":"2024-01-02T21:36:50","slug":"bluethner-e-klavier-modell-1-lack-satiniert-weiss","status":"publish","type":"product","link":"https:\/\/www.instrumentbox.de\/?product=bluethner-e-klavier-modell-1-lack-satiniert-weiss","title":{"rendered":"Bl\u00fcthner e-Klavier Modell 1 Lack satiniert wei\u00df"},"content":{"rendered":"<div class=\"disclaim\">Farbe:<strong>ek1-lack-wm<\/strong><\/div>\n<p><!-- show up to 2 reviews by default --><\/p>\n<p>Qualit\u00e4t Made in Germany Authentic Acoustic Behavior\u00ae Technologie Bl\u00fcthner APS &#8211; Akustische Piano Simulation \u00ae Technologie Bl\u00fcthner Grand-Touch Mechanik \u00ae &#8211; in 4 Zonen abgestufte Hammermechanik Bl\u00fcthner 6\u201c Lautsprecher 2 x 50 Watt, entwickelt von G\u00fcnter Philipp &#8211; PCL-Audio Bl\u00fcthner Aliquot String Resonance Modeling \u00ae Spielgewicht Einstellung: w\u00e4hlbare Tastatur-Spieldynamik D\u00e4mpfersimulation &#8211; Verwendung der Bl\u00fcthner APS \u00ae-Technologie Direct Control Interface &#8211; einfache, intuitive Bedienung garantiert Stimmen: Feineinstellung in 0,5 Hz-Schritten Transponieren: 24 Halbt\u00f6ne nach oben und unten 128 T\u00f6ne Polyphonie &#8211; 144 maximal 25 Sounds + Effekte: Reverb, Chorus, Phaser, Tremolo, String &amp; D\u00e4mpferresonanz USB-Host, MIDI In \/ Out,Audio IN \/ OUT,2 x Kopfh\u00f6rer Metronom: Tempo-Auswahl von 30 bis 280 BPM Eingebauter Song Recorder &#8211; 1 Song 1 Channel w \/ 30.000 Noten maximal<\/p>\n<div class=\"main-cross-sell\" data-asin=\"B00AEKBW1C\">\n\n\t<div class=\"WooZone-cross-sell-loader\">\n\t\t<div>\n\t\t\t<div id=\"floatingBarsG\">\n\t\t\t\t<div class=\"blockG\" id=\"rotateG_01\"><\/div>\n\t\t\t\t<div class=\"blockG\" id=\"rotateG_02\"><\/div>\n\t\t\t\t<div class=\"blockG\" id=\"rotateG_03\"><\/div>\n\t\t\t\t<div class=\"blockG\" id=\"rotateG_04\"><\/div>\n\t\t\t\t<div class=\"blockG\" id=\"rotateG_05\"><\/div>\n\t\t\t\t<div class=\"blockG\" id=\"rotateG_06\"><\/div>\n\t\t\t\t<div class=\"blockG\" id=\"rotateG_07\"><\/div>\n\t\t\t\t<div class=\"blockG\" id=\"rotateG_08\"><\/div>\n\t\t\t<\/div>\n\t\t\t<div class=\"WooZone-cross-sell-loader-text\"><\/div>\n\t\t<\/div>\n\t<\/div>\n\n\t\t\n<\/div>\n<div style=\"clear:both;\"><\/div>\n","protected":false},"excerpt":{"rendered":"<p>Farbe:ek1-lack-wm Qualit\u00e4t Made in Germany Authentic Acoustic Behavior\u00ae Technologie Bl\u00fcthner APS &#8211; Akustische Piano Simulation \u00ae Technologie Bl\u00fcthner Grand-Touch Mechanik \u00ae &#8211; in 4 Zonen abgestufte Hammermechanik Bl\u00fcthner 6\u201c Lautsprecher 2 x 50 Watt, entwickelt von G\u00fcnter Philipp &#8211; PCL-Audio Bl\u00fcthner Aliquot String Resonance Modeling \u00ae Spielgewicht Einstellung: w\u00e4hlbare Tastatur-Spieldynamik D\u00e4mpfersimulation &#8211; Verwendung der Bl\u00fcthner [&hellip;]<\/p>\n","protected":false},"featured_media":459,"comment_status":"open","ping_status":"closed","template":"","meta":{"_acf_changed":false,"rs_blank_template":"","rs_page_bg_color":"","slide_template_v7":""},"product_brand":[],"product_cat":[41],"product_tag":[],"class_list":{"0":"post-458","1":"product","2":"type-product","3":"status-publish","4":"has-post-thumbnail","6":"product_cat-klavier","7":"pa_brand-bluethner","9":"first","10":"instock","11":"shipping-taxable","12":"purchasable","13":"product-type-simple"},"acf":[],"_links":{"self":[{"href":"https:\/\/www.instrumentbox.de\/index.php?rest_route=\/wp\/v2\/product\/458","targetHints":{"allow":["GET"]}}],"collection":[{"href":"https:\/\/www.instrumentbox.de\/index.php?rest_route=\/wp\/v2\/product"}],"about":[{"href":"https:\/\/www.instrumentbox.de\/index.php?rest_route=\/wp\/v2\/types\/product"}],"replies":[{"embeddable":true,"href":"https:\/\/www.instrumentbox.de\/index.php?rest_route=%2Fwp%2Fv2%2Fcomments&post=458"}],"wp:featuredmedia":[{"embeddable":true,"href":"https:\/\/www.instrumentbox.de\/index.php?rest_route=\/wp\/v2\/media\/459"}],"wp:attachment":[{"href":"https:\/\/www.instrumentbox.de\/index.php?rest_route=%2Fwp%2Fv2%2Fmedia&parent=458"}],"wp:term":[{"taxonomy":"product_brand","embeddable":true,"href":"https:\/\/www.instrumentbox.de\/index.php?rest_route=%2Fwp%2Fv2%2Fproduct_brand&post=458"},{"taxonomy":"product_cat","embeddable":true,"href":"https:\/\/www.instrumentbox.de\/index.php?rest_route=%2Fwp%2Fv2%2Fproduct_cat&post=458"},{"taxonomy":"product_tag","embeddable":true,"href":"https:\/\/www.instrumentbox.de\/index.php?rest_route=%2Fwp%2Fv2%2Fproduct_tag&post=458"}],"curies":[{"name":"wp","href":"https:\/\/api.w.org\/{rel}","templated":true}]}}