{"id":4587,"date":"2020-07-20T12:36:42","date_gmt":"2020-07-20T12:36:42","guid":{"rendered":"https:\/\/www.instrumentbox.de\/?product=boss-ds-1-distortion-effects-pedal"},"modified":"2025-01-23T09:27:38","modified_gmt":"2025-01-23T08:27:38","slug":"boss-ds-1-distortion-effects-pedal","status":"publish","type":"product","link":"https:\/\/www.instrumentbox.de\/?product=boss-ds-1-distortion-effects-pedal","title":{"rendered":"BOSS DS-1 Distortion Effects Pedal, Klassischer Klang f\u00fcr alle Musikrichtungen"},"content":{"rendered":"<div class=\"disclaim\"> Stil:<strong>DS-1<\/strong> <\/div>\n<p> <!-- show up to 2 reviews by default --> <\/p>\n<h3>Produktbeschreibung<\/h3>\n<p>Das DS-1 Distortion ist eine Ikone in der Welt der Gitarreneffekte. 1978 vorgestellt, war es das erste Distortion Pedal von BOSS und bot einen satten, nie geh\u00f6rten Sound, kantigen Attack und glatten Sustain, der Gitarristen seit Generationen begeistert. Das DS-1 ist das meistverkaufte BOSS Compact Pedal aller Zeiten und sein unver\u00e4ndertes Design inspiriert noch heute dazu gro\u00dfartige Musik zu erschaffen. Der bekannte Klang des DS-1 hat den Sound zahlreicher Rock-Legenden gepr\u00e4gt \u2013 und heute ist deiner dran. <\/p>\n<h3>Rechtliche Hinweise<\/h3>\n<p>Sehr geehrter K\u00e4ufer, die gesetzliche Gew\u00e4hrleistung bei Gebrauchtwaren betr\u00e4gt 12 Monate. F\u00fcr Neuware z.B. iPhone, Samsung Galaxy, Apple Macbook, iPad und alle anderen Ger\u00e4te die vor Nutzung aktiviert werden m\u00fcssen ist folgendes zu beachten &#8211; mit Aktivierung ist der Wiederruf\/R\u00fcckgabe ausgeschlossen Falls Sie von Ihrem Wiederruf Gebrauch machen m\u00f6chten legen sie bitte keine SIM Karte in das Ger\u00e4t. Registierungen schliessen ebenfalls den Wiederruf aus. Im einzeln handelt es sich hierbei um &#8211; Computer\/Notebook &#8211; Smartphone &#8211; Tablett Bitte gehen Sie bei der Pr\u00fcfung sorgsam mit dem Ger\u00e4t um. Sichtbare Gebrauchsspuren k\u00f6nnten zu \u00dcberlassungsanspr\u00fcchen f\u00fchren und Ihnen wird dann die Nutzung berechnet. Zwischen den Bewertungen als NEUGER\u00c4T und GEBRAUCHRTGER\u00c4T k\u00f6nnen bis zu 50% Preisdifferenz entstehen. Aussgeschlossen vom Wiederrruf\/R\u00fcckgabe sind ebenfalls &#8211; DVD &#8211; Games &#8211; CD Audio Diese Artikel werden versiegelt geliefert. Bei Siegelbruch ist der Wiederruf\/R\u00fcckgabe ausgeschlossen. R\u00fccksendungen gehen immer zu Lasten des K\u00e4ufers mit folgenden Ausnahmen &#8211; es wurde der falsche Artikel geliefert &#8211; zugesagte Eigenschaften wie z.B. Kabel fehlt Wir w\u00fcnschen Ihnen viel Spass. Mactron GmbH <\/p>\n<p>Geben Sie Ihr Modell ein, um sicherzustellen, dass dieser Artikel passt.<br \/>\nLegend\u00e4re Distortion seit 1978, verwendet von Gitarristen auf der ganzen Welt<br \/>\nKlassischer Klang f\u00fcr alle Musikrichtungen<br \/>\nKantiger Attack bleibt auch bei extremen Verzerrungen klar \u2013 ideal f\u00fcr schwere Rhythmen und schneidende Soli<br \/>\nFunktioniert hervorragend als Booster bei niedrigen Verzerrungs-Einstellungen<br \/>\nEinzigartige Anpassungsm\u00f6glichkeiten f\u00fcr maximale Vielseitigkeit<br \/>\nBewahrt die einzigartigen Klangcharakteristiken unterschiedlicher Gitarren, Pickups und Styles<br \/>\nDas Verringern der Gitarren-Lautst\u00e4rke macht den Klang klarer und nicht dumpfer<br \/>\n<div class=\"main-cross-sell\" data-asin=\"B0002KYY14\">\n\n\t<div class=\"WooZone-cross-sell-loader\">\n\t\t<div>\n\t\t\t<div id=\"floatingBarsG\">\n\t\t\t\t<div class=\"blockG\" id=\"rotateG_01\"><\/div>\n\t\t\t\t<div class=\"blockG\" id=\"rotateG_02\"><\/div>\n\t\t\t\t<div class=\"blockG\" id=\"rotateG_03\"><\/div>\n\t\t\t\t<div class=\"blockG\" id=\"rotateG_04\"><\/div>\n\t\t\t\t<div class=\"blockG\" id=\"rotateG_05\"><\/div>\n\t\t\t\t<div class=\"blockG\" id=\"rotateG_06\"><\/div>\n\t\t\t\t<div class=\"blockG\" id=\"rotateG_07\"><\/div>\n\t\t\t\t<div class=\"blockG\" id=\"rotateG_08\"><\/div>\n\t\t\t<\/div>\n\t\t\t<div class=\"WooZone-cross-sell-loader-text\"><\/div>\n\t\t<\/div>\n\t<\/div>\n\n\t\t\n<\/div>\n<div style=\"clear:both;\"><\/div>\n","protected":false},"excerpt":{"rendered":"<p>Geben Sie Ihr Modell ein, um sicherzustellen, dass dieser Artikel passt.<br \/>\nLegend\u00e4re Distortion seit 1978, verwendet von Gitarristen auf der ganzen Welt<br \/>\nKlassischer Klang f\u00fcr alle Musikrichtungen<\/p>\n","protected":false},"featured_media":4588,"comment_status":"open","ping_status":"closed","template":"","meta":{"_acf_changed":false,"rs_blank_template":"","rs_page_bg_color":"","slide_template_v7":""},"product_brand":[],"product_cat":[15,40],"product_tag":[],"class_list":{"0":"post-4587","1":"product","2":"type-product","3":"status-publish","4":"has-post-thumbnail","6":"product_cat-shop","7":"product_cat-zubehoer","8":"pa_brand-boss","10":"first","11":"instock","12":"shipping-taxable","13":"purchasable","14":"product-type-simple"},"acf":[],"_links":{"self":[{"href":"https:\/\/www.instrumentbox.de\/index.php?rest_route=\/wp\/v2\/product\/4587","targetHints":{"allow":["GET"]}}],"collection":[{"href":"https:\/\/www.instrumentbox.de\/index.php?rest_route=\/wp\/v2\/product"}],"about":[{"href":"https:\/\/www.instrumentbox.de\/index.php?rest_route=\/wp\/v2\/types\/product"}],"replies":[{"embeddable":true,"href":"https:\/\/www.instrumentbox.de\/index.php?rest_route=%2Fwp%2Fv2%2Fcomments&post=4587"}],"wp:featuredmedia":[{"embeddable":true,"href":"https:\/\/www.instrumentbox.de\/index.php?rest_route=\/wp\/v2\/media\/4588"}],"wp:attachment":[{"href":"https:\/\/www.instrumentbox.de\/index.php?rest_route=%2Fwp%2Fv2%2Fmedia&parent=4587"}],"wp:term":[{"taxonomy":"product_brand","embeddable":true,"href":"https:\/\/www.instrumentbox.de\/index.php?rest_route=%2Fwp%2Fv2%2Fproduct_brand&post=4587"},{"taxonomy":"product_cat","embeddable":true,"href":"https:\/\/www.instrumentbox.de\/index.php?rest_route=%2Fwp%2Fv2%2Fproduct_cat&post=4587"},{"taxonomy":"product_tag","embeddable":true,"href":"https:\/\/www.instrumentbox.de\/index.php?rest_route=%2Fwp%2Fv2%2Fproduct_tag&post=4587"}],"curies":[{"name":"wp","href":"https:\/\/api.w.org\/{rel}","templated":true}]}}