{"id":4627,"date":"2020-07-20T12:36:59","date_gmt":"2020-07-20T12:36:59","guid":{"rendered":"https:\/\/www.instrumentbox.de\/?product=donner-overdrive-gitarre-effektpedal-blues-drive-pedal-true-bypass"},"modified":"2024-01-03T08:40:05","modified_gmt":"2024-01-03T07:40:05","slug":"donner-overdrive-gitarre-effektpedal-blues-drive-pedal-true-bypass","status":"publish","type":"product","link":"https:\/\/www.instrumentbox.de\/?product=donner-overdrive-gitarre-effektpedal-blues-drive-pedal-true-bypass","title":{"rendered":"Donner Overdrive Gitarre Effektpedal Blues Drive Pedal True Bypass"},"content":{"rendered":"<p><!-- show up to 2 reviews by default --> <\/p>\n<p>&#8220;Hot&#8221; und &#8220;Warm&#8221; Zwei Ton-Modus. Das &#8220;Hot&#8221; Modell liefert einen st\u00e4rkeren Vollton. &#8220;Warm&#8221; klingt sanft und s\u00fc\u00dfer, macht die Klangleistung dynamischer und unverwechselbarer. F\u00fcr alle \u00fcber die Pedale hinaus ist der R\u00f6hrenspender immer die \u00dcberbelastung und der Anreizeffekt des Standards. Die herausragende mittlere Frequenz erm\u00f6glicht es, den traditionellen Blues zu spielen. Das hei\u00dfe Modell kann auch eine sehr gute Interpretation von Rock and Roll sein. Die Verzerrung des Lautsprechers wird durch die Verst\u00e4rkung verst\u00e4rkt. Spezielle und s\u00fc\u00dfe T\u00f6ne k\u00f6nnen mit der hinzugef\u00fcgten Verz\u00f6gerung erzeugt werden.<\/p>\n<p><b>Blue Drive Funktionen:<\/b><br \/>1. Stromversorgung: 9 V DC (negativ in der Mitte).<br \/>2. Zwei Modi: Hot und Warm.<br \/>3. Tone Taste: Steuern Sie die Helligkeit des Tons.<br \/>4. Level Taste: Steuern Sie die Lautst\u00e4rke mit Verzerrungseffekt.<br \/>5. Gain Taste: Stellen Sie den Overdrive-Grad ein.<br \/>6. Eingangs- und Ausgangsbuchse: Analog, obwohl 1\/4&#8243; Mono-Audio-Buchse.<br \/>7. LED-Licht: LED-Anzeige zeigt den Arbeitszustand an.<br \/>8. Vollmetallgeh\u00e4use: Aluminium-Legierung klassisch, stabil und stark.<br \/>9. True Bypass: True Bypass f\u00fcr die Nullton-F\u00e4rbung.<\/p>\n<p><b>Spezifikationen:<\/b><br \/>Eingangsimpedanz: 520 Ohm<br \/>Ausgangsimpedanz: 12 k Ohm<br \/>Arbeitsstrom: 8 mA<br \/>Stromversorgung: 9V DC-Adapter(nicht im Lieferumfang enthalten)<br \/>Abmessungen: 95mm (D) x 44mm (W) X 48mm (H)<br \/>Gewicht: 240g (mit Verpackung)<\/p>\n<p><b>Hinweise:<\/b><br \/>1. Verwenden Sie das Pedal nicht in Umgebungen mit hoher Temperatur, hoher Luftfeuchtigkeit oder unter Null.<br \/>2. Verwenden Sie das Pedal nicht in direktem Sonnenlicht.<br \/>3. Bitte zerlegen Sie das Pedal nicht selbst.<br \/>4. Bewahren Sie das Benutzerhandbuch zum sp\u00e4teren Nachschlagen auf.<\/p>\n<p><b>Lieferumfang:<\/b><br \/>1 x Donner Blues Drive Gitarren Effektpedal<br \/>1 x Benutzerhandbuch<\/p>\n<p>Geben Sie Ihr Modell ein, um sicherzustellen, dass dieser Artikel passt.<br \/>\n\u3010Stil-Typ\u3011 Dieses Pedal kombiniert den legend\u00e4ren Vintage-R\u00f6hren-Overdrive-Sound mit einem breiten Dynamikbereich und flexiblen Bedienelementen und bietet Ihnen einen weiten Klangbereich von sanftem Fl\u00fcstern bis zu sengenden Leads.<br \/>\n\u3010Einfache Steuerung, gro\u00dfe Flexibilit\u00e4t\u3011 bietet eine benutzerfreundliche Drei-Knopf-Klangregelung: LEVEL (Ausgangslautst\u00e4rke), TONE (Helligkeit) und GAIN (Overdrive-Betrag) f\u00fcr die Verwendung in verschiedenen Szenarien. Jeder Knopf bietet Ihnen einen weiten Kontrollbereich.<br \/>\n\u30102-Wege-Tonschalter\u3011 bietet einen 2-Wege-Wahlschalter zur Auswahl aus zwei Klangarten, um unterschiedliche Musiker zufrieden zu stellen: Hei\u00df: F\u00fcr einen lauteren, strafferen Klang Warm: Die klassische TS-Overdrive-Klangreplik.<br \/>\n\u3010Mini-Stil\u3011 Klein, leicht und exquisit. Dauerhaftes, leichtes Aluminiumlegierungs-Chassis.<br \/>\n\u3010Power Supply\u3011 DC 9V Adapter Power Supply ist nicht im Lieferumfang enthalten. (Die Polarit\u00e4t des Steckers ist am Zylinder positiv und in der Mitte negativ).<br \/>\n<div class=\"main-cross-sell\" data-asin=\"B0197KTZTK\">\n\n\t<div class=\"WooZone-cross-sell-loader\">\n\t\t<div>\n\t\t\t<div id=\"floatingBarsG\">\n\t\t\t\t<div class=\"blockG\" id=\"rotateG_01\"><\/div>\n\t\t\t\t<div class=\"blockG\" id=\"rotateG_02\"><\/div>\n\t\t\t\t<div class=\"blockG\" id=\"rotateG_03\"><\/div>\n\t\t\t\t<div class=\"blockG\" id=\"rotateG_04\"><\/div>\n\t\t\t\t<div class=\"blockG\" id=\"rotateG_05\"><\/div>\n\t\t\t\t<div class=\"blockG\" id=\"rotateG_06\"><\/div>\n\t\t\t\t<div class=\"blockG\" id=\"rotateG_07\"><\/div>\n\t\t\t\t<div class=\"blockG\" id=\"rotateG_08\"><\/div>\n\t\t\t<\/div>\n\t\t\t<div class=\"WooZone-cross-sell-loader-text\"><\/div>\n\t\t<\/div>\n\t<\/div>\n\n\t\t\n<\/div>\n<div style=\"clear:both;\"><\/div>\n","protected":false},"excerpt":{"rendered":"<p>Geben Sie Ihr Modell ein, um sicherzustellen, dass dieser Artikel passt.<br \/>\n\u3010Stil-Typ\u3011 Dieses Pedal kombiniert den legend\u00e4ren Vintage-R\u00f6hren-Overdrive-Sound mit einem breiten Dynamikbereich und flexiblen Bedienelementen und bietet Ihnen einen weiten Klangbereich von sanftem Fl\u00fcstern bis zu sengenden Leads.<br \/>\n\u3010Einfache Steuerung, gro\u00dfe Flexibilit\u00e4t\u3011 bietet eine benutzerfreundliche Drei-Knopf-Klangregelung: LEVEL (Ausgangslautst\u00e4rke), TONE (Helligkeit) und GAIN (Overdrive-Betrag) f\u00fcr die Verwendung in verschiedenen Szenarien. Jeder Knopf bietet Ihnen einen weiten Kontrollbereich.<\/p>\n","protected":false},"featured_media":4628,"comment_status":"open","ping_status":"closed","template":"","meta":{"_acf_changed":false,"rs_blank_template":"","rs_page_bg_color":"","slide_template_v7":""},"product_brand":[],"product_cat":[15,40],"product_tag":[],"class_list":{"0":"post-4627","1":"product","2":"type-product","3":"status-publish","4":"has-post-thumbnail","6":"product_cat-shop","7":"product_cat-zubehoer","8":"pa_brand-donner","10":"first","11":"instock","12":"shipping-taxable","13":"purchasable","14":"product-type-simple"},"acf":[],"_links":{"self":[{"href":"https:\/\/www.instrumentbox.de\/index.php?rest_route=\/wp\/v2\/product\/4627","targetHints":{"allow":["GET"]}}],"collection":[{"href":"https:\/\/www.instrumentbox.de\/index.php?rest_route=\/wp\/v2\/product"}],"about":[{"href":"https:\/\/www.instrumentbox.de\/index.php?rest_route=\/wp\/v2\/types\/product"}],"replies":[{"embeddable":true,"href":"https:\/\/www.instrumentbox.de\/index.php?rest_route=%2Fwp%2Fv2%2Fcomments&post=4627"}],"wp:featuredmedia":[{"embeddable":true,"href":"https:\/\/www.instrumentbox.de\/index.php?rest_route=\/wp\/v2\/media\/4628"}],"wp:attachment":[{"href":"https:\/\/www.instrumentbox.de\/index.php?rest_route=%2Fwp%2Fv2%2Fmedia&parent=4627"}],"wp:term":[{"taxonomy":"product_brand","embeddable":true,"href":"https:\/\/www.instrumentbox.de\/index.php?rest_route=%2Fwp%2Fv2%2Fproduct_brand&post=4627"},{"taxonomy":"product_cat","embeddable":true,"href":"https:\/\/www.instrumentbox.de\/index.php?rest_route=%2Fwp%2Fv2%2Fproduct_cat&post=4627"},{"taxonomy":"product_tag","embeddable":true,"href":"https:\/\/www.instrumentbox.de\/index.php?rest_route=%2Fwp%2Fv2%2Fproduct_tag&post=4627"}],"curies":[{"name":"wp","href":"https:\/\/api.w.org\/{rel}","templated":true}]}}