{"id":4776,"date":"2020-07-20T12:54:30","date_gmt":"2020-07-20T12:54:30","guid":{"rendered":"https:\/\/www.instrumentbox.de\/?product=song-marathon-update-noten-liederbuch-musiknoten"},"modified":"2024-01-03T09:01:44","modified_gmt":"2024-01-03T08:01:44","slug":"song-marathon-update-noten-liederbuch-musiknoten","status":"publish","type":"product","link":"https:\/\/www.instrumentbox.de\/?product=song-marathon-update-noten-liederbuch-musiknoten","title":{"rendered":"Song Marathon Update &#8211; Noten Liederbuch [Musiknoten]"},"content":{"rendered":"<p><!-- show up to 2 reviews by default --> <\/p>\n<p>Das Liederbuch Song Marathon Update enth\u00e4lt die besten Hits der bisherigen Song Marathon Liederb\u00fccher sowie einige neue Songs. Zu jedem St\u00fcck sind Melodiestimme, Texte und Akkorde enthalten. Medium: Notenbuch Besetzung: Liederbuch (Melodie &amp; Text) Format: DIN A4 mit Spiralbindung Inhalt: * A WHITER SHADE OF PALE * ANYPLACE ANYWHERE ANYTIME * AS TEARS GO BY * ATLANTIS * AULD LANG SYNE * Ave Maria no morro * AZZURRO * BACKWATER BLUES * BANKS OF THE OHIO * BEHIND BLUE EYES * BOULEVARD OF BROKEN DREAMS * BOURREE * BUTTERFLY * CARELESS LOVE * CHIQUITITA * COME AWAY WITH ME * CORINNA * COUNTRY ROADS * CRAWLING UP A HILL * CRYING IN THE RAIN * DAS SPIEL * DOWN BY THE RIVERSIDE * Down On The Corner * DU ERINNERST MICH AN LIEBE * EIN STERN DER DEINEN NAMEN TRAEGT * ER GEHOERT ZU MIR * FALLIN&#8217; * FAMILY PORTRAIT * FRAUEN REGIER&#8217;N DIE WELT * FREIGHT TRAIN * FUER MICH SOLL&#8217;S ROTE ROSEN REGNEN * GEORGIA ON MY MIND * GET IT ON * GLORIA * GLORY LAND * GOOD MORNING BLUES * GOOD NIGHT LADIES * GUANTANAMERA * HANG ON SLOOPY * Haus am See * HE&#8217;S GOT THE WHOLE WORLD IN HIS HANDS * Hiroshima * HOLD ME * HOLD ME NOW * HOLD TIGHT * HOW DEEP IS YOUR LOVE * HOW LONG BLUES * HOW YOU REMIND ME * I COME FROM ALABAMA * I LOVE ROCK N ROLL * ICH LIEB DICH UEBERHAUPT NICHT MEHR * ICH WAR NOCH NIEMALS IN NEW YORK * Lady in black * LET&#8217;S GO TO SAN FRANCISCO * LET&#8217;S TWIST AGAIN * LIVE IS LIFE * LIVING NEXT DOOR TO ALICE * MAD WORLD * MAMA LOO * MAMBO NO 5 (A LITTLE BIT OF) * MARLEEN * MERCIE CHERIE * MIDNIGHT SPECIAL * MY BONNIE IS OVER THE OCEAN * My Sweet Lord * My way * NOT FADE AWAY * NUR EIN WORT * OH HAPPY DAY * OH WHEN THE SAINTS GO MARCHIN&#8217; IN * PERFEKTE WELLE * Pflaster * PROUD MARY * Ramblin&#8217; On My Mind * RING OF FIRE * ROCK + ROLL MUSIC * ROCK ME BABY * ROCKA MY SOUL * ROUTE 66 * Sag mir wo die Blumen sind * SCHWARZ ZU BLAU * She&#8217;s not there * Skandal Im Sperrbezirk * SOMETHING STUPID * STAND BY YOUR MAN * SUR LE PONT D&#8217;AVIGNON [&#8230;] <\/p>\n<p>Geben Sie Ihr Modell ein, um sicherzustellen, dass dieser Artikel passt.<br \/>\nDas Liederbuch Song Marathon Update enth\u00e4lt die besten Hits der bisherigen Song Marathon Liederb\u00fccher sowie einige neue Songs. Zu jedem St\u00fcck sind Melodiestimme, Texte und Akkorde enthalten.<br \/>\nMedium: Notenbuch<br \/>\nBesetzung: Liederbuch (Melodie &amp; Text)<br \/>\n<div class=\"main-cross-sell\" data-asin=\"B00BZ5XU6K\">\n\n\t<div class=\"WooZone-cross-sell-loader\">\n\t\t<div>\n\t\t\t<div id=\"floatingBarsG\">\n\t\t\t\t<div class=\"blockG\" id=\"rotateG_01\"><\/div>\n\t\t\t\t<div class=\"blockG\" id=\"rotateG_02\"><\/div>\n\t\t\t\t<div class=\"blockG\" id=\"rotateG_03\"><\/div>\n\t\t\t\t<div class=\"blockG\" id=\"rotateG_04\"><\/div>\n\t\t\t\t<div class=\"blockG\" id=\"rotateG_05\"><\/div>\n\t\t\t\t<div class=\"blockG\" id=\"rotateG_06\"><\/div>\n\t\t\t\t<div class=\"blockG\" id=\"rotateG_07\"><\/div>\n\t\t\t\t<div class=\"blockG\" id=\"rotateG_08\"><\/div>\n\t\t\t<\/div>\n\t\t\t<div class=\"WooZone-cross-sell-loader-text\"><\/div>\n\t\t<\/div>\n\t<\/div>\n\n\t\t\n<\/div>\n<div style=\"clear:both;\"><\/div>\n","protected":false},"excerpt":{"rendered":"<p>Geben Sie Ihr Modell ein, um sicherzustellen, dass dieser Artikel passt.<br \/>\nDas Liederbuch Song Marathon Update enth\u00e4lt die besten Hits der bisherigen Song Marathon Liederb\u00fccher sowie einige neue Songs. Zu jedem St\u00fcck sind Melodiestimme, Texte und Akkorde enthalten.<br \/>\nMedium: Notenbuch<\/p>\n","protected":false},"featured_media":4777,"comment_status":"open","ping_status":"closed","template":"","meta":{"_acf_changed":false,"rs_blank_template":"","rs_page_bg_color":"","slide_template_v7":""},"product_brand":[],"product_cat":[49,15],"product_tag":[],"class_list":{"0":"post-4776","1":"product","2":"type-product","3":"status-publish","4":"has-post-thumbnail","6":"product_cat-noten","7":"product_cat-shop","9":"first","10":"instock","11":"shipping-taxable","12":"purchasable","13":"product-type-simple"},"acf":[],"_links":{"self":[{"href":"https:\/\/www.instrumentbox.de\/index.php?rest_route=\/wp\/v2\/product\/4776","targetHints":{"allow":["GET"]}}],"collection":[{"href":"https:\/\/www.instrumentbox.de\/index.php?rest_route=\/wp\/v2\/product"}],"about":[{"href":"https:\/\/www.instrumentbox.de\/index.php?rest_route=\/wp\/v2\/types\/product"}],"replies":[{"embeddable":true,"href":"https:\/\/www.instrumentbox.de\/index.php?rest_route=%2Fwp%2Fv2%2Fcomments&post=4776"}],"wp:featuredmedia":[{"embeddable":true,"href":"https:\/\/www.instrumentbox.de\/index.php?rest_route=\/wp\/v2\/media\/4777"}],"wp:attachment":[{"href":"https:\/\/www.instrumentbox.de\/index.php?rest_route=%2Fwp%2Fv2%2Fmedia&parent=4776"}],"wp:term":[{"taxonomy":"product_brand","embeddable":true,"href":"https:\/\/www.instrumentbox.de\/index.php?rest_route=%2Fwp%2Fv2%2Fproduct_brand&post=4776"},{"taxonomy":"product_cat","embeddable":true,"href":"https:\/\/www.instrumentbox.de\/index.php?rest_route=%2Fwp%2Fv2%2Fproduct_cat&post=4776"},{"taxonomy":"product_tag","embeddable":true,"href":"https:\/\/www.instrumentbox.de\/index.php?rest_route=%2Fwp%2Fv2%2Fproduct_tag&post=4776"}],"curies":[{"name":"wp","href":"https:\/\/api.w.org\/{rel}","templated":true}]}}