{"id":4967,"date":"2020-07-20T13:19:52","date_gmt":"2020-07-20T13:19:52","guid":{"rendered":"https:\/\/www.instrumentbox.de\/?product=traveler-guitar-ultra-light-electric-maple-natural"},"modified":"2025-01-23T11:39:16","modified_gmt":"2025-01-23T10:39:16","slug":"traveler-guitar-ultra-light-electric-maple-natural","status":"publish","type":"product","link":"https:\/\/www.instrumentbox.de\/?product=traveler-guitar-ultra-light-electric-maple-natural","title":{"rendered":"Traveler Guitar Ultra-Light E-Gitarre, Ahorn (ULE MPS)"},"content":{"rendered":"<p><!-- show up to 2 reviews by default --> <\/p>\n<p>&#8211; Elektrische Reisegitarre &#8211; 6-Saiten &#8211; 628 mm Mensur &#8211; passive Elektronik &#8211; dual-rail Humbucker Tonabnehmer &#8211; Ost-amerikanischer Ahorn Korpus &#8211; Ost-amerikanischer Ahorn Hals &#8211; Schwarznuss Griffbrett &#8211; Neck-Through Konstruktion &#8211; 41,4 mm Sattelbreite &#8211; 22 Medium Neusilber B\u00fcnde &#8211; Punkteinlagen &#8211; Chrom Hardware &#8211; geschlossene Mechaniken mit 14:1 \u00dcbersetzung &#8211; bespannt mit D&#8217;Addario EXL110 Saiten &#8211; Natural Satin Oberfl\u00e4che &#8211; 6,3 mm mono Klinken Ausgang &#8211; 711 mm length &#8211; Gewicht 1,45 kg &#8211; inklusive Gigbag <\/p>\n<p>Geben Sie Ihr Modell ein, um sicherzustellen, dass dieser Artikel passt.<br \/>\nElektrische Reisegitarre<br \/>\n6-Saiten<br \/>\n628 mm Mensur<br \/>\nPassive Elektronik mit Dual-Rail Humbucker Tonabnehmer<br \/>\nSatin Natural Finish<br \/>\n<div class=\"main-cross-sell\" data-asin=\"B07JPKN24X\">\n\n\t<div class=\"WooZone-cross-sell-loader\">\n\t\t<div>\n\t\t\t<div id=\"floatingBarsG\">\n\t\t\t\t<div class=\"blockG\" id=\"rotateG_01\"><\/div>\n\t\t\t\t<div class=\"blockG\" id=\"rotateG_02\"><\/div>\n\t\t\t\t<div class=\"blockG\" id=\"rotateG_03\"><\/div>\n\t\t\t\t<div class=\"blockG\" id=\"rotateG_04\"><\/div>\n\t\t\t\t<div class=\"blockG\" id=\"rotateG_05\"><\/div>\n\t\t\t\t<div class=\"blockG\" id=\"rotateG_06\"><\/div>\n\t\t\t\t<div class=\"blockG\" id=\"rotateG_07\"><\/div>\n\t\t\t\t<div class=\"blockG\" id=\"rotateG_08\"><\/div>\n\t\t\t<\/div>\n\t\t\t<div class=\"WooZone-cross-sell-loader-text\"><\/div>\n\t\t<\/div>\n\t<\/div>\n\n\t\t\n<\/div>\n<div style=\"clear:both;\"><\/div>\n","protected":false},"excerpt":{"rendered":"<p>Geben Sie Ihr Modell ein, um sicherzustellen, dass dieser Artikel passt.<br \/>\nElektrische Reisegitarre<br \/>\n6-Saiten<\/p>\n","protected":false},"featured_media":4968,"comment_status":"open","ping_status":"closed","template":"","meta":{"_acf_changed":false,"rs_blank_template":"","rs_page_bg_color":"","slide_template_v7":""},"product_brand":[],"product_cat":[64,15],"product_tag":[],"class_list":{"0":"post-4967","1":"product","2":"type-product","3":"status-publish","4":"has-post-thumbnail","6":"product_cat-baesse","7":"product_cat-shop","8":"pa_brand-traveler-guitar","10":"first","11":"instock","12":"shipping-taxable","13":"purchasable","14":"product-type-simple"},"acf":[],"_links":{"self":[{"href":"https:\/\/www.instrumentbox.de\/index.php?rest_route=\/wp\/v2\/product\/4967","targetHints":{"allow":["GET"]}}],"collection":[{"href":"https:\/\/www.instrumentbox.de\/index.php?rest_route=\/wp\/v2\/product"}],"about":[{"href":"https:\/\/www.instrumentbox.de\/index.php?rest_route=\/wp\/v2\/types\/product"}],"replies":[{"embeddable":true,"href":"https:\/\/www.instrumentbox.de\/index.php?rest_route=%2Fwp%2Fv2%2Fcomments&post=4967"}],"wp:featuredmedia":[{"embeddable":true,"href":"https:\/\/www.instrumentbox.de\/index.php?rest_route=\/wp\/v2\/media\/4968"}],"wp:attachment":[{"href":"https:\/\/www.instrumentbox.de\/index.php?rest_route=%2Fwp%2Fv2%2Fmedia&parent=4967"}],"wp:term":[{"taxonomy":"product_brand","embeddable":true,"href":"https:\/\/www.instrumentbox.de\/index.php?rest_route=%2Fwp%2Fv2%2Fproduct_brand&post=4967"},{"taxonomy":"product_cat","embeddable":true,"href":"https:\/\/www.instrumentbox.de\/index.php?rest_route=%2Fwp%2Fv2%2Fproduct_cat&post=4967"},{"taxonomy":"product_tag","embeddable":true,"href":"https:\/\/www.instrumentbox.de\/index.php?rest_route=%2Fwp%2Fv2%2Fproduct_tag&post=4967"}],"curies":[{"name":"wp","href":"https:\/\/api.w.org\/{rel}","templated":true}]}}