{"id":5025,"date":"2020-07-20T13:20:22","date_gmt":"2020-07-20T13:20:22","guid":{"rendered":"https:\/\/www.instrumentbox.de\/?product=hofner-e-gitarren-hctshbko-schwarz"},"modified":"2025-01-24T13:42:12","modified_gmt":"2025-01-24T12:42:12","slug":"hofner-e-gitarren-hctshbko-schwarz","status":"publish","type":"product","link":"https:\/\/www.instrumentbox.de\/?product=hofner-e-gitarren-hctshbko-schwarz","title":{"rendered":"Hofner E-Gitarren HCTSHBKO, Schwarz"},"content":{"rendered":"<p><!-- show up to 2 reviews by default --> <\/p>\n<p>Der Hofner Shorty wurde zum ersten Mal in den 1980er Jahren produziert und Hofner bietet diese kompakte Reisegitarre auch f\u00fcr diejenigen Gitarristen an, die es nicht ertragen k\u00f6nnen, auch im Urlaub auf eine Gitarre zu verzichten! Der Hofner Shorty bietet volle L\u00e4nge bei so geringen Abmessungen, dass er \u00fcberall hin mitgenommen werden kann. Inklusive Hofner Gigbag. Ende: Schwarzes oder blaues oder rotes &#8211; Holz Oberseite: Basswood &#8211; Holz R\u00fcckseite: Basswood &#8211; Ansatz: Ahorn &#8211; Griffbrett: Palisander &#8211; Skala: 24.7 &#8220;\/62.8cm &#8211; Nussbreite: 42mm &#8211; Anzahl der B\u00fcnde: 22 &#8211; Aufnahmen-Br\u00fccke: Hofner ge\u00f6ffnet Humbucker. <\/p>\n<p>Geben Sie Ihr Modell ein, um sicherzustellen, dass dieser Artikel passt.<br \/>\nKompakte Reisegitarre, die man \u00fcberall hin mitnehmen kann<br \/>\nFull-Scale-Mensur<br \/>\nH\u00f6fner Open Humbucker Pickup<br \/>\nLautst\u00e4rke und Ton \u00fcber Drehknopf einstellbar<br \/>\nInklusive gepolsterter Gigbag<br \/>\n<div class=\"main-cross-sell\" data-asin=\"B005UPZKSM\">\n\n\t<div class=\"WooZone-cross-sell-loader\">\n\t\t<div>\n\t\t\t<div id=\"floatingBarsG\">\n\t\t\t\t<div class=\"blockG\" id=\"rotateG_01\"><\/div>\n\t\t\t\t<div class=\"blockG\" id=\"rotateG_02\"><\/div>\n\t\t\t\t<div class=\"blockG\" id=\"rotateG_03\"><\/div>\n\t\t\t\t<div class=\"blockG\" id=\"rotateG_04\"><\/div>\n\t\t\t\t<div class=\"blockG\" id=\"rotateG_05\"><\/div>\n\t\t\t\t<div class=\"blockG\" id=\"rotateG_06\"><\/div>\n\t\t\t\t<div class=\"blockG\" id=\"rotateG_07\"><\/div>\n\t\t\t\t<div class=\"blockG\" id=\"rotateG_08\"><\/div>\n\t\t\t<\/div>\n\t\t\t<div class=\"WooZone-cross-sell-loader-text\"><\/div>\n\t\t<\/div>\n\t<\/div>\n\n\t\t\n<\/div>\n<div style=\"clear:both;\"><\/div>\n","protected":false},"excerpt":{"rendered":"<p>Geben Sie Ihr Modell ein, um sicherzustellen, dass dieser Artikel passt.<br \/>\nKompakte Reisegitarre, die man \u00fcberall hin mitnehmen kann<br \/>\nFull-Scale-Mensur<\/p>\n","protected":false},"featured_media":5026,"comment_status":"open","ping_status":"closed","template":"","meta":{"_acf_changed":false,"rs_blank_template":"","rs_page_bg_color":"","slide_template_v7":""},"product_brand":[],"product_cat":[64,15],"product_tag":[],"class_list":{"0":"post-5025","1":"product","2":"type-product","3":"status-publish","4":"has-post-thumbnail","6":"product_cat-baesse","7":"product_cat-shop","8":"pa_brand-hofner","10":"first","11":"instock","12":"shipping-taxable","13":"purchasable","14":"product-type-simple"},"acf":[],"_links":{"self":[{"href":"https:\/\/www.instrumentbox.de\/index.php?rest_route=\/wp\/v2\/product\/5025","targetHints":{"allow":["GET"]}}],"collection":[{"href":"https:\/\/www.instrumentbox.de\/index.php?rest_route=\/wp\/v2\/product"}],"about":[{"href":"https:\/\/www.instrumentbox.de\/index.php?rest_route=\/wp\/v2\/types\/product"}],"replies":[{"embeddable":true,"href":"https:\/\/www.instrumentbox.de\/index.php?rest_route=%2Fwp%2Fv2%2Fcomments&post=5025"}],"wp:featuredmedia":[{"embeddable":true,"href":"https:\/\/www.instrumentbox.de\/index.php?rest_route=\/wp\/v2\/media\/5026"}],"wp:attachment":[{"href":"https:\/\/www.instrumentbox.de\/index.php?rest_route=%2Fwp%2Fv2%2Fmedia&parent=5025"}],"wp:term":[{"taxonomy":"product_brand","embeddable":true,"href":"https:\/\/www.instrumentbox.de\/index.php?rest_route=%2Fwp%2Fv2%2Fproduct_brand&post=5025"},{"taxonomy":"product_cat","embeddable":true,"href":"https:\/\/www.instrumentbox.de\/index.php?rest_route=%2Fwp%2Fv2%2Fproduct_cat&post=5025"},{"taxonomy":"product_tag","embeddable":true,"href":"https:\/\/www.instrumentbox.de\/index.php?rest_route=%2Fwp%2Fv2%2Fproduct_tag&post=5025"}],"curies":[{"name":"wp","href":"https:\/\/api.w.org\/{rel}","templated":true}]}}