{"id":5091,"date":"2020-07-20T13:26:33","date_gmt":"2020-07-20T13:26:33","guid":{"rendered":"https:\/\/www.instrumentbox.de\/?product=ibanez-as73-tbc-guitars"},"modified":"2025-01-11T18:01:27","modified_gmt":"2025-01-11T17:01:27","slug":"ibanez-as73-tbc-guitars","status":"publish","type":"product","link":"https:\/\/www.instrumentbox.de\/?product=ibanez-as73-tbc-guitars","title":{"rendered":"Ibanez AS73-TBC Acoustic-electric Guitar Halb-leer 6strings Braun, Holzgitarre"},"content":{"rendered":"<p><!-- show up to 2 reviews by default --> <\/p>\n<p>E-Gitarre aus der Artcore-Serie von Ibanez. Der Sustainblock unter den Tonabnehmern verhindert zuverl\u00e4ssig R\u00fcckkopplungen. Der Sound ist spritzig und f\u00fcgt sich in s\u00e4mtliche Musikrichtungen ein. Vielseitiges Equalizing durch zwei Humbucker mit je zwei Potis f\u00fcr Tone- und Volume Control.Features:- Artcore-Serie- Hollowbody- Korpus: Ahorn- Decke: Ahorn- Hals: Mahagoni, geleimt- Griffbrett: Palisander mit Binding- B\u00fcnde: Medium- Sattelbreite: 43 mm- Griffbrettradius: 305 mm- Inlays: Pearl Dot- Steg: ART-1- Saitenhalter: Quick Change III- Tonabnehmer Hals: ACH1- Tonabnehmer Steg: ACH2- Farbe: Tobacco <\/p>\n<p>Geben Sie Ihr Modell ein, um sicherzustellen, dass dieser Artikel passt.<br \/>\n1 St\u00fcck<br \/>\n<div class=\"main-cross-sell\" data-asin=\"B00BSNIKNC\">\n\n\t<div class=\"WooZone-cross-sell-loader\">\n\t\t<div>\n\t\t\t<div id=\"floatingBarsG\">\n\t\t\t\t<div class=\"blockG\" id=\"rotateG_01\"><\/div>\n\t\t\t\t<div class=\"blockG\" id=\"rotateG_02\"><\/div>\n\t\t\t\t<div class=\"blockG\" id=\"rotateG_03\"><\/div>\n\t\t\t\t<div class=\"blockG\" id=\"rotateG_04\"><\/div>\n\t\t\t\t<div class=\"blockG\" id=\"rotateG_05\"><\/div>\n\t\t\t\t<div class=\"blockG\" id=\"rotateG_06\"><\/div>\n\t\t\t\t<div class=\"blockG\" id=\"rotateG_07\"><\/div>\n\t\t\t\t<div class=\"blockG\" id=\"rotateG_08\"><\/div>\n\t\t\t<\/div>\n\t\t\t<div class=\"WooZone-cross-sell-loader-text\"><\/div>\n\t\t<\/div>\n\t<\/div>\n\n\t\t\n<\/div>\n<div style=\"clear:both;\"><\/div>\n","protected":false},"excerpt":{"rendered":"<p>Geben Sie Ihr Modell ein, um sicherzustellen, dass dieser Artikel passt.<br \/>\n1 St\u00fcck<\/p>\n","protected":false},"featured_media":5092,"comment_status":"open","ping_status":"closed","template":"","meta":{"_acf_changed":false,"rs_blank_template":"","rs_page_bg_color":"","slide_template_v7":""},"product_brand":[],"product_cat":[64,15],"product_tag":[],"class_list":{"0":"post-5091","1":"product","2":"type-product","3":"status-publish","4":"has-post-thumbnail","6":"product_cat-baesse","7":"product_cat-shop","8":"pa_brand-ibanez","10":"first","11":"instock","12":"shipping-taxable","13":"purchasable","14":"product-type-simple"},"acf":[],"_links":{"self":[{"href":"https:\/\/www.instrumentbox.de\/index.php?rest_route=\/wp\/v2\/product\/5091","targetHints":{"allow":["GET"]}}],"collection":[{"href":"https:\/\/www.instrumentbox.de\/index.php?rest_route=\/wp\/v2\/product"}],"about":[{"href":"https:\/\/www.instrumentbox.de\/index.php?rest_route=\/wp\/v2\/types\/product"}],"replies":[{"embeddable":true,"href":"https:\/\/www.instrumentbox.de\/index.php?rest_route=%2Fwp%2Fv2%2Fcomments&post=5091"}],"wp:featuredmedia":[{"embeddable":true,"href":"https:\/\/www.instrumentbox.de\/index.php?rest_route=\/wp\/v2\/media\/5092"}],"wp:attachment":[{"href":"https:\/\/www.instrumentbox.de\/index.php?rest_route=%2Fwp%2Fv2%2Fmedia&parent=5091"}],"wp:term":[{"taxonomy":"product_brand","embeddable":true,"href":"https:\/\/www.instrumentbox.de\/index.php?rest_route=%2Fwp%2Fv2%2Fproduct_brand&post=5091"},{"taxonomy":"product_cat","embeddable":true,"href":"https:\/\/www.instrumentbox.de\/index.php?rest_route=%2Fwp%2Fv2%2Fproduct_cat&post=5091"},{"taxonomy":"product_tag","embeddable":true,"href":"https:\/\/www.instrumentbox.de\/index.php?rest_route=%2Fwp%2Fv2%2Fproduct_tag&post=5091"}],"curies":[{"name":"wp","href":"https:\/\/api.w.org\/{rel}","templated":true}]}}