{"id":5099,"date":"2020-07-20T13:26:45","date_gmt":"2020-07-20T13:26:45","guid":{"rendered":"https:\/\/www.instrumentbox.de\/?product=ibanez-s520-wk-guitars"},"modified":"2025-01-24T14:08:37","modified_gmt":"2025-01-24T13:08:37","slug":"ibanez-s520-wk-guitars","status":"publish","type":"product","link":"https:\/\/www.instrumentbox.de\/?product=ibanez-s520-wk-guitars","title":{"rendered":"Ibanez S520-WK Guitars"},"content":{"rendered":"<div class=\"disclaim\"> Farbe:<strong>Schwarz<\/strong> <\/div>\n<p> <!-- show up to 2 reviews by default --> <\/p>\n<p>Serie S S520 Gitarre. Ibanez Marvel von Form und Funktionalit\u00e4t, die s-Serie, entwickelt sich weiter f\u00fcr die Leser oggi. cloaked in eine dramatische Sequenz Finale, eine Mahagoni Griffbrett Palisander Eigenschaften Frets Jumbo. Hinterhalt unter der S Serie niedliche 3d-Shape ist speziell ausgew\u00e4hlt f\u00fcr Serie S Instrumente. Gen\u00fcgend Licht f\u00fcr Wunder in Sachen Komfort, schwer genug um den Ton und Sustain-Playern, die Sie erwarten von der Serie S. Die Sch\u00f6pfer des Hals schlank, schnell, der Zauberer III Hals ist ein weiterer Erfolg in der Spielbarkeit, indem die Art von Komfort, dass erm\u00f6glicht eine reaktionsschnelle und Geschwindigkeit. Quantum Pickups, gemeinsam mit vie Schalter, bieten eine au\u00dfergew\u00f6hnliche Palette von Farben Textur. Mit L &#8216;Edge Zero II Tremolo, die extremsten Akrobatik Sonic kann vollstreckt fearlessly mit Vertrauen, dass die Gitarre wieder auch perfekte accordatura. Fall separat verkauft. <\/p>\n<p>Geben Sie Ihr Modell ein, um sicherzustellen, dass dieser Artikel passt.<br \/>\nKorpus: Mahagoni, Hals: 3-tlg. Wizard III Ahorn, Griffbrett: Palisander<br \/>\nGriffbrettradius: 400 mm, Sattelbreite: 43 mm, Mensur: 648 mm (25,5&#8243;), B\u00fcnde: 24 Jumbo<br \/>\nInlays: Offset Dots, Steg: Edge Zero II, Tonabnehmer Hals: INF (H), Tonabnehmer Steg: INF (H)<br \/>\nPickup Switch: 5-way Blade, Controls: 1x Volume, 1x Tone, Hardware Farbe: Cosmo Black<br \/>\nSaiten: D&#8217;Addario EXL120 .009-.042, Farbe: Weathered Black<br \/>\n<div class=\"main-cross-sell\" data-asin=\"B00HZY6QH0\">\n\n\t<div class=\"WooZone-cross-sell-loader\">\n\t\t<div>\n\t\t\t<div id=\"floatingBarsG\">\n\t\t\t\t<div class=\"blockG\" id=\"rotateG_01\"><\/div>\n\t\t\t\t<div class=\"blockG\" id=\"rotateG_02\"><\/div>\n\t\t\t\t<div class=\"blockG\" id=\"rotateG_03\"><\/div>\n\t\t\t\t<div class=\"blockG\" id=\"rotateG_04\"><\/div>\n\t\t\t\t<div class=\"blockG\" id=\"rotateG_05\"><\/div>\n\t\t\t\t<div class=\"blockG\" id=\"rotateG_06\"><\/div>\n\t\t\t\t<div class=\"blockG\" id=\"rotateG_07\"><\/div>\n\t\t\t\t<div class=\"blockG\" id=\"rotateG_08\"><\/div>\n\t\t\t<\/div>\n\t\t\t<div class=\"WooZone-cross-sell-loader-text\"><\/div>\n\t\t<\/div>\n\t<\/div>\n\n\t\t\n<\/div>\n<div style=\"clear:both;\"><\/div>\n","protected":false},"excerpt":{"rendered":"<p>Geben Sie Ihr Modell ein, um sicherzustellen, dass dieser Artikel passt.<br \/>\nKorpus: Mahagoni, Hals: 3-tlg. Wizard III Ahorn, Griffbrett: Palisander<br \/>\nGriffbrettradius: 400 mm, Sattelbreite: 43 mm, Mensur: 648 mm (25,5&#8243;), B\u00fcnde: 24 Jumbo<\/p>\n","protected":false},"featured_media":5100,"comment_status":"open","ping_status":"closed","template":"","meta":{"_acf_changed":false,"rs_blank_template":"","rs_page_bg_color":"","slide_template_v7":""},"product_brand":[],"product_cat":[64,15],"product_tag":[],"class_list":{"0":"post-5099","1":"product","2":"type-product","3":"status-publish","4":"has-post-thumbnail","6":"product_cat-baesse","7":"product_cat-shop","8":"pa_brand-ibanez","10":"first","11":"instock","12":"shipping-taxable","13":"purchasable","14":"product-type-simple"},"acf":[],"_links":{"self":[{"href":"https:\/\/www.instrumentbox.de\/index.php?rest_route=\/wp\/v2\/product\/5099","targetHints":{"allow":["GET"]}}],"collection":[{"href":"https:\/\/www.instrumentbox.de\/index.php?rest_route=\/wp\/v2\/product"}],"about":[{"href":"https:\/\/www.instrumentbox.de\/index.php?rest_route=\/wp\/v2\/types\/product"}],"replies":[{"embeddable":true,"href":"https:\/\/www.instrumentbox.de\/index.php?rest_route=%2Fwp%2Fv2%2Fcomments&post=5099"}],"wp:featuredmedia":[{"embeddable":true,"href":"https:\/\/www.instrumentbox.de\/index.php?rest_route=\/wp\/v2\/media\/5100"}],"wp:attachment":[{"href":"https:\/\/www.instrumentbox.de\/index.php?rest_route=%2Fwp%2Fv2%2Fmedia&parent=5099"}],"wp:term":[{"taxonomy":"product_brand","embeddable":true,"href":"https:\/\/www.instrumentbox.de\/index.php?rest_route=%2Fwp%2Fv2%2Fproduct_brand&post=5099"},{"taxonomy":"product_cat","embeddable":true,"href":"https:\/\/www.instrumentbox.de\/index.php?rest_route=%2Fwp%2Fv2%2Fproduct_cat&post=5099"},{"taxonomy":"product_tag","embeddable":true,"href":"https:\/\/www.instrumentbox.de\/index.php?rest_route=%2Fwp%2Fv2%2Fproduct_tag&post=5099"}],"curies":[{"name":"wp","href":"https:\/\/api.w.org\/{rel}","templated":true}]}}