{"id":5113,"date":"2020-07-20T13:26:52","date_gmt":"2020-07-20T13:26:52","guid":{"rendered":"https:\/\/www.instrumentbox.de\/?product=ibanez-grg170dxl-bkn-e-gitarre"},"modified":"2025-01-19T21:50:02","modified_gmt":"2025-01-19T20:50:02","slug":"ibanez-grg170dxl-bkn-e-gitarre","status":"publish","type":"product","link":"https:\/\/www.instrumentbox.de\/?product=ibanez-grg170dxl-bkn-e-gitarre","title":{"rendered":"IBANEZ GIO Serie Linksh\u00e4nder E-Gitarre &#8211; Black Night (GRG170DX-BKN)"},"content":{"rendered":"<p><!-- show up to 2 reviews by default --> <\/p>\n<p>&#8211; E-Gitarre Gio-RG-Serie (Linksh\u00e4nder)- Hals: Ahorn- Korpus: Mahagoni- B\u00fcnde: 24 Medium- Griffbrett: neuseel\u00e4ndische Kiefer- Einlagen: Sharktooth- Br\u00fccke: FAT 10 (L)- Hardwarefarbe: Chrom- Tonabnehmer: IBZ Humbucker Halsposition PSND1 (H), IBZ Singelcoil Mittelposition PSNDS (S), IBZ Humbucker Stegposition PSND2 (H) <\/p>\n<p>Geben Sie Ihr Modell ein, um sicherzustellen, dass dieser Artikel passt.<br \/>\nKorpus: Linde.<br \/>\nMast Ahorn GRG1<br \/>\nGriffbrett aus Palisander: Palo 24 B\u00fcnde Medium<br \/>\nPSND1 Humbucker auf Hals PSNDS Single Coil in Mittelstellung und PSND2 Humbucker in Bridge Position<br \/>\nFarbe: Black Night<br \/>\n<div class=\"main-cross-sell\" data-asin=\"B0015Y8U5W\">\n\n\t<div class=\"WooZone-cross-sell-loader\">\n\t\t<div>\n\t\t\t<div id=\"floatingBarsG\">\n\t\t\t\t<div class=\"blockG\" id=\"rotateG_01\"><\/div>\n\t\t\t\t<div class=\"blockG\" id=\"rotateG_02\"><\/div>\n\t\t\t\t<div class=\"blockG\" id=\"rotateG_03\"><\/div>\n\t\t\t\t<div class=\"blockG\" id=\"rotateG_04\"><\/div>\n\t\t\t\t<div class=\"blockG\" id=\"rotateG_05\"><\/div>\n\t\t\t\t<div class=\"blockG\" id=\"rotateG_06\"><\/div>\n\t\t\t\t<div class=\"blockG\" id=\"rotateG_07\"><\/div>\n\t\t\t\t<div class=\"blockG\" id=\"rotateG_08\"><\/div>\n\t\t\t<\/div>\n\t\t\t<div class=\"WooZone-cross-sell-loader-text\"><\/div>\n\t\t<\/div>\n\t<\/div>\n\n\t\t\n<\/div>\n<div style=\"clear:both;\"><\/div>\n","protected":false},"excerpt":{"rendered":"<p>Geben Sie Ihr Modell ein, um sicherzustellen, dass dieser Artikel passt.<br \/>\nKorpus: Linde.<br \/>\nMast Ahorn GRG1<\/p>\n","protected":false},"featured_media":5114,"comment_status":"open","ping_status":"closed","template":"","meta":{"_acf_changed":false,"rs_blank_template":"","rs_page_bg_color":"","slide_template_v7":""},"product_brand":[],"product_cat":[64,15],"product_tag":[],"class_list":{"0":"post-5113","1":"product","2":"type-product","3":"status-publish","4":"has-post-thumbnail","6":"product_cat-baesse","7":"product_cat-shop","8":"pa_brand-ibanez","10":"first","11":"instock","12":"shipping-taxable","13":"purchasable","14":"product-type-simple"},"acf":[],"_links":{"self":[{"href":"https:\/\/www.instrumentbox.de\/index.php?rest_route=\/wp\/v2\/product\/5113","targetHints":{"allow":["GET"]}}],"collection":[{"href":"https:\/\/www.instrumentbox.de\/index.php?rest_route=\/wp\/v2\/product"}],"about":[{"href":"https:\/\/www.instrumentbox.de\/index.php?rest_route=\/wp\/v2\/types\/product"}],"replies":[{"embeddable":true,"href":"https:\/\/www.instrumentbox.de\/index.php?rest_route=%2Fwp%2Fv2%2Fcomments&post=5113"}],"wp:featuredmedia":[{"embeddable":true,"href":"https:\/\/www.instrumentbox.de\/index.php?rest_route=\/wp\/v2\/media\/5114"}],"wp:attachment":[{"href":"https:\/\/www.instrumentbox.de\/index.php?rest_route=%2Fwp%2Fv2%2Fmedia&parent=5113"}],"wp:term":[{"taxonomy":"product_brand","embeddable":true,"href":"https:\/\/www.instrumentbox.de\/index.php?rest_route=%2Fwp%2Fv2%2Fproduct_brand&post=5113"},{"taxonomy":"product_cat","embeddable":true,"href":"https:\/\/www.instrumentbox.de\/index.php?rest_route=%2Fwp%2Fv2%2Fproduct_cat&post=5113"},{"taxonomy":"product_tag","embeddable":true,"href":"https:\/\/www.instrumentbox.de\/index.php?rest_route=%2Fwp%2Fv2%2Fproduct_tag&post=5113"}],"curies":[{"name":"wp","href":"https:\/\/api.w.org\/{rel}","templated":true}]}}