{"id":5136,"date":"2020-07-20T13:27:03","date_gmt":"2020-07-20T13:27:03","guid":{"rendered":"https:\/\/www.instrumentbox.de\/?product=ibanez-grg170dx-bkn-black-night"},"modified":"2025-01-21T06:01:36","modified_gmt":"2025-01-21T05:01:36","slug":"ibanez-grg170dx-bkn-black-night","status":"publish","type":"product","link":"https:\/\/www.instrumentbox.de\/?product=ibanez-grg170dx-bkn-black-night","title":{"rendered":"IBANEZ GIO Serie Elektrische Gitarre &#8211; Preiswertes RG Modell geeignet f\u00fcr Rock und Metal, in Black Night (GRG170DX-BKN)"},"content":{"rendered":"<p><!-- show up to 2 reviews by default --> <\/p>\n<p>Die Ibanez GRG170 DX BKN E-Gitarre besitzt ein vielseitiges Klangbild, welches durch die HSH-Pickupkonfiguration hervorgerufen wird. Das Griffbrett mit 24 medium B\u00fcnden liegt angenehm in der Hand und l\u00e4sst sich hervorragend bespielen.Features:- Korpus: Mahagoni- Hals: GRG1 Ahorn- Farbe: Black Night- Griffbrett: neuseel\u00e4ndische Kiefer- Einlagen: Sharktooth- Mensur: 648 mm- Sattelbreite: 43 mm- B\u00fcnde: 24, Medium- Tonabnehmer Hals: PSND1 (Hals), PSNDS (Mitte), PSND2 (Steg)- Hardware: Chrom- Steg: Fat 10- Schaltung: 5-Weg Schalter, Volume- und Tonregler <\/p>\n<p>Geben Sie Ihr Modell ein, um sicherzustellen, dass dieser Artikel passt.<br \/>\n1 St\u00fcck<br \/>\n<div class=\"main-cross-sell\" data-asin=\"B001EM180O\">\n\n\t<div class=\"WooZone-cross-sell-loader\">\n\t\t<div>\n\t\t\t<div id=\"floatingBarsG\">\n\t\t\t\t<div class=\"blockG\" id=\"rotateG_01\"><\/div>\n\t\t\t\t<div class=\"blockG\" id=\"rotateG_02\"><\/div>\n\t\t\t\t<div class=\"blockG\" id=\"rotateG_03\"><\/div>\n\t\t\t\t<div class=\"blockG\" id=\"rotateG_04\"><\/div>\n\t\t\t\t<div class=\"blockG\" id=\"rotateG_05\"><\/div>\n\t\t\t\t<div class=\"blockG\" id=\"rotateG_06\"><\/div>\n\t\t\t\t<div class=\"blockG\" id=\"rotateG_07\"><\/div>\n\t\t\t\t<div class=\"blockG\" id=\"rotateG_08\"><\/div>\n\t\t\t<\/div>\n\t\t\t<div class=\"WooZone-cross-sell-loader-text\"><\/div>\n\t\t<\/div>\n\t<\/div>\n\n\t\t\n<\/div>\n<div style=\"clear:both;\"><\/div>\n","protected":false},"excerpt":{"rendered":"<p>Geben Sie Ihr Modell ein, um sicherzustellen, dass dieser Artikel passt.<br \/>\n1 St\u00fcck<\/p>\n","protected":false},"featured_media":5137,"comment_status":"open","ping_status":"closed","template":"","meta":{"_acf_changed":false,"rs_blank_template":"","rs_page_bg_color":"","slide_template_v7":""},"product_brand":[],"product_cat":[64,15],"product_tag":[],"class_list":{"0":"post-5136","1":"product","2":"type-product","3":"status-publish","4":"has-post-thumbnail","6":"product_cat-baesse","7":"product_cat-shop","8":"pa_brand-ibanez","10":"first","11":"instock","12":"shipping-taxable","13":"purchasable","14":"product-type-simple"},"acf":[],"_links":{"self":[{"href":"https:\/\/www.instrumentbox.de\/index.php?rest_route=\/wp\/v2\/product\/5136","targetHints":{"allow":["GET"]}}],"collection":[{"href":"https:\/\/www.instrumentbox.de\/index.php?rest_route=\/wp\/v2\/product"}],"about":[{"href":"https:\/\/www.instrumentbox.de\/index.php?rest_route=\/wp\/v2\/types\/product"}],"replies":[{"embeddable":true,"href":"https:\/\/www.instrumentbox.de\/index.php?rest_route=%2Fwp%2Fv2%2Fcomments&post=5136"}],"wp:featuredmedia":[{"embeddable":true,"href":"https:\/\/www.instrumentbox.de\/index.php?rest_route=\/wp\/v2\/media\/5137"}],"wp:attachment":[{"href":"https:\/\/www.instrumentbox.de\/index.php?rest_route=%2Fwp%2Fv2%2Fmedia&parent=5136"}],"wp:term":[{"taxonomy":"product_brand","embeddable":true,"href":"https:\/\/www.instrumentbox.de\/index.php?rest_route=%2Fwp%2Fv2%2Fproduct_brand&post=5136"},{"taxonomy":"product_cat","embeddable":true,"href":"https:\/\/www.instrumentbox.de\/index.php?rest_route=%2Fwp%2Fv2%2Fproduct_cat&post=5136"},{"taxonomy":"product_tag","embeddable":true,"href":"https:\/\/www.instrumentbox.de\/index.php?rest_route=%2Fwp%2Fv2%2Fproduct_tag&post=5136"}],"curies":[{"name":"wp","href":"https:\/\/api.w.org\/{rel}","templated":true}]}}