{"id":5176,"date":"2020-07-20T13:27:33","date_gmt":"2020-07-20T13:27:33","guid":{"rendered":"https:\/\/www.instrumentbox.de\/?product=ibanez-s521-mol-elektrische-gitarre"},"modified":"2025-01-19T22:09:11","modified_gmt":"2025-01-19T21:09:11","slug":"ibanez-s521-mol-elektrische-gitarre","status":"publish","type":"product","link":"https:\/\/www.instrumentbox.de\/?product=ibanez-s521-mol-elektrische-gitarre","title":{"rendered":"Ibanez &#8211; S521 Mol E-Gitarre"},"content":{"rendered":"<p><!-- show up to 2 reviews by default --> <\/p>\n<p>Modell aus der bekannten S-Serie von Ibanez. Diese Instrumente haben bereits einen massiven Korpus aus Mahagoni und einen festen Steg zur perfekten Klang\u00fcbertragung. Mahagoni \u00fcberzeugt als Tonholz mit ausgewogener Klanglichkeit und wenig Gewicht, weshalb diese Gitarre mit besonders komfortablem Handling gl\u00e4nzt. Das hochwertige \u00d6lfinish betont die nat\u00fcrliche Maserung im Holz.Features:- S-Serie von Ibanez- Korpus: Mahagoni- Hals: Wizard III Ahorn 3-teilig- Griffbrett: Palisander- B\u00fcnde: Jumbo- Inlays: Off-set Dots- Mensur: 648 mm \/ 25,5&#8221;- Sattelbreite: 43 mm- Griffbrett Radius: 400 mm- Steg: fest- Tonabnehmer Hals: INF (Humbucker)- Tonabnehmer Steg: INF (Humbucker)- Hardware Farbe: Cosmo Black- Farbe: Mahagony Oil <\/p>\n<p>Geben Sie Ihr Modell ein, um sicherzustellen, dass dieser Artikel passt.<br \/>\nKorpus aus Caoba<br \/>\nMast Ahorn wizardtii, 3-teilig<br \/>\nLeiter: 648 mm<br \/>\nGriffbrett aus Palisander: Palo 24 B\u00fcnde Jumbo<br \/>\n<div class=\"main-cross-sell\" data-asin=\"B00HB04XQO\">\n\n\t<div class=\"WooZone-cross-sell-loader\">\n\t\t<div>\n\t\t\t<div id=\"floatingBarsG\">\n\t\t\t\t<div class=\"blockG\" id=\"rotateG_01\"><\/div>\n\t\t\t\t<div class=\"blockG\" id=\"rotateG_02\"><\/div>\n\t\t\t\t<div class=\"blockG\" id=\"rotateG_03\"><\/div>\n\t\t\t\t<div class=\"blockG\" id=\"rotateG_04\"><\/div>\n\t\t\t\t<div class=\"blockG\" id=\"rotateG_05\"><\/div>\n\t\t\t\t<div class=\"blockG\" id=\"rotateG_06\"><\/div>\n\t\t\t\t<div class=\"blockG\" id=\"rotateG_07\"><\/div>\n\t\t\t\t<div class=\"blockG\" id=\"rotateG_08\"><\/div>\n\t\t\t<\/div>\n\t\t\t<div class=\"WooZone-cross-sell-loader-text\"><\/div>\n\t\t<\/div>\n\t<\/div>\n\n\t\t\n<\/div>\n<div style=\"clear:both;\"><\/div>\n","protected":false},"excerpt":{"rendered":"<p>Geben Sie Ihr Modell ein, um sicherzustellen, dass dieser Artikel passt.<br \/>\nKorpus aus Caoba<br \/>\nMast Ahorn wizardtii, 3-teilig<\/p>\n","protected":false},"featured_media":5177,"comment_status":"open","ping_status":"closed","template":"","meta":{"_acf_changed":false,"rs_blank_template":"","rs_page_bg_color":"","slide_template_v7":""},"product_brand":[],"product_cat":[64,15],"product_tag":[],"class_list":{"0":"post-5176","1":"product","2":"type-product","3":"status-publish","4":"has-post-thumbnail","6":"product_cat-baesse","7":"product_cat-shop","8":"pa_brand-ibanez","10":"first","11":"instock","12":"shipping-taxable","13":"purchasable","14":"product-type-simple"},"acf":[],"_links":{"self":[{"href":"https:\/\/www.instrumentbox.de\/index.php?rest_route=\/wp\/v2\/product\/5176","targetHints":{"allow":["GET"]}}],"collection":[{"href":"https:\/\/www.instrumentbox.de\/index.php?rest_route=\/wp\/v2\/product"}],"about":[{"href":"https:\/\/www.instrumentbox.de\/index.php?rest_route=\/wp\/v2\/types\/product"}],"replies":[{"embeddable":true,"href":"https:\/\/www.instrumentbox.de\/index.php?rest_route=%2Fwp%2Fv2%2Fcomments&post=5176"}],"wp:featuredmedia":[{"embeddable":true,"href":"https:\/\/www.instrumentbox.de\/index.php?rest_route=\/wp\/v2\/media\/5177"}],"wp:attachment":[{"href":"https:\/\/www.instrumentbox.de\/index.php?rest_route=%2Fwp%2Fv2%2Fmedia&parent=5176"}],"wp:term":[{"taxonomy":"product_brand","embeddable":true,"href":"https:\/\/www.instrumentbox.de\/index.php?rest_route=%2Fwp%2Fv2%2Fproduct_brand&post=5176"},{"taxonomy":"product_cat","embeddable":true,"href":"https:\/\/www.instrumentbox.de\/index.php?rest_route=%2Fwp%2Fv2%2Fproduct_cat&post=5176"},{"taxonomy":"product_tag","embeddable":true,"href":"https:\/\/www.instrumentbox.de\/index.php?rest_route=%2Fwp%2Fv2%2Fproduct_tag&post=5176"}],"curies":[{"name":"wp","href":"https:\/\/api.w.org\/{rel}","templated":true}]}}