{"id":5182,"date":"2020-07-20T13:27:38","date_gmt":"2020-07-20T13:27:38","guid":{"rendered":"https:\/\/www.instrumentbox.de\/?product=ibanez-gio-e-bass-4-string-baltic-blue-metallic-gsr180-bem"},"modified":"2025-01-23T12:34:54","modified_gmt":"2025-01-23T11:34:54","slug":"ibanez-gio-e-bass-4-string-baltic-blue-metallic-gsr180-bem","status":"publish","type":"product","link":"https:\/\/www.instrumentbox.de\/?product=ibanez-gio-e-bass-4-string-baltic-blue-metallic-gsr180-bem","title":{"rendered":"Ibanez GIO Series GSR180-BEM &#8211; Electric Bass Guitar &#8211; Baltic Blue Metallic"},"content":{"rendered":"<p><!-- show up to 2 reviews by default --> <\/p>\n<p>GSRs bieten die ber\u00fchmte Soundgear-Eleganz, den Komfort, den Klang und die Spielbarkeit. Der GSR180 verf\u00fcgt \u00fcber einen Ahornhals und ein Purpleheart-Griffbrett und ist mit Ibanez DXJ-Tonabnehmern f\u00fcr s\u00fc\u00dfen Single-Coil-Klang ausgestattet. Die B10-Br\u00fccke erm\u00f6glicht eine vollst\u00e4ndig einstellbare Intonation und eine solide Stimmstabilit\u00e4t. <\/p>\n<p>Geben Sie Ihr Modell ein, um sicherzustellen, dass dieser Artikel passt.<br \/>\nAhornhals sowie Purpleheart-Griffbrett<br \/>\nIbanez DXJ-Tonabnehmer<br \/>\nIbanez machine heads Stimmmechaniken<br \/>\nRadius 864mm<br \/>\nFactory tuning 1G,2D,3A,4E<br \/>\n<div class=\"main-cross-sell\" data-asin=\"B083WMYP8H\">\n\n\t<div class=\"WooZone-cross-sell-loader\">\n\t\t<div>\n\t\t\t<div id=\"floatingBarsG\">\n\t\t\t\t<div class=\"blockG\" id=\"rotateG_01\"><\/div>\n\t\t\t\t<div class=\"blockG\" id=\"rotateG_02\"><\/div>\n\t\t\t\t<div class=\"blockG\" id=\"rotateG_03\"><\/div>\n\t\t\t\t<div class=\"blockG\" id=\"rotateG_04\"><\/div>\n\t\t\t\t<div class=\"blockG\" id=\"rotateG_05\"><\/div>\n\t\t\t\t<div class=\"blockG\" id=\"rotateG_06\"><\/div>\n\t\t\t\t<div class=\"blockG\" id=\"rotateG_07\"><\/div>\n\t\t\t\t<div class=\"blockG\" id=\"rotateG_08\"><\/div>\n\t\t\t<\/div>\n\t\t\t<div class=\"WooZone-cross-sell-loader-text\"><\/div>\n\t\t<\/div>\n\t<\/div>\n\n\t\t\n<\/div>\n<div style=\"clear:both;\"><\/div>\n","protected":false},"excerpt":{"rendered":"<p>Geben Sie Ihr Modell ein, um sicherzustellen, dass dieser Artikel passt.<br \/>\nAhornhals sowie Purpleheart-Griffbrett<br \/>\nIbanez DXJ-Tonabnehmer<\/p>\n","protected":false},"featured_media":5183,"comment_status":"open","ping_status":"closed","template":"","meta":{"_acf_changed":false,"rs_blank_template":"","rs_page_bg_color":"","slide_template_v7":""},"product_brand":[],"product_cat":[64,15],"product_tag":[],"class_list":{"0":"post-5182","1":"product","2":"type-product","3":"status-publish","4":"has-post-thumbnail","6":"product_cat-baesse","7":"product_cat-shop","8":"pa_brand-ibanez","10":"first","11":"instock","12":"shipping-taxable","13":"purchasable","14":"product-type-simple"},"acf":[],"_links":{"self":[{"href":"https:\/\/www.instrumentbox.de\/index.php?rest_route=\/wp\/v2\/product\/5182","targetHints":{"allow":["GET"]}}],"collection":[{"href":"https:\/\/www.instrumentbox.de\/index.php?rest_route=\/wp\/v2\/product"}],"about":[{"href":"https:\/\/www.instrumentbox.de\/index.php?rest_route=\/wp\/v2\/types\/product"}],"replies":[{"embeddable":true,"href":"https:\/\/www.instrumentbox.de\/index.php?rest_route=%2Fwp%2Fv2%2Fcomments&post=5182"}],"wp:featuredmedia":[{"embeddable":true,"href":"https:\/\/www.instrumentbox.de\/index.php?rest_route=\/wp\/v2\/media\/5183"}],"wp:attachment":[{"href":"https:\/\/www.instrumentbox.de\/index.php?rest_route=%2Fwp%2Fv2%2Fmedia&parent=5182"}],"wp:term":[{"taxonomy":"product_brand","embeddable":true,"href":"https:\/\/www.instrumentbox.de\/index.php?rest_route=%2Fwp%2Fv2%2Fproduct_brand&post=5182"},{"taxonomy":"product_cat","embeddable":true,"href":"https:\/\/www.instrumentbox.de\/index.php?rest_route=%2Fwp%2Fv2%2Fproduct_cat&post=5182"},{"taxonomy":"product_tag","embeddable":true,"href":"https:\/\/www.instrumentbox.de\/index.php?rest_route=%2Fwp%2Fv2%2Fproduct_tag&post=5182"}],"curies":[{"name":"wp","href":"https:\/\/api.w.org\/{rel}","templated":true}]}}