{"id":5186,"date":"2020-07-20T13:27:40","date_gmt":"2020-07-20T13:27:40","guid":{"rendered":"https:\/\/www.instrumentbox.de\/?product=ibanez-gio-e-gitarre-6-string-metallic-light-blue-grx40-mlb"},"modified":"2025-01-23T12:35:27","modified_gmt":"2025-01-23T11:35:27","slug":"ibanez-gio-e-gitarre-6-string-metallic-light-blue-grx40-mlb","status":"publish","type":"product","link":"https:\/\/www.instrumentbox.de\/?product=ibanez-gio-e-gitarre-6-string-metallic-light-blue-grx40-mlb","title":{"rendered":"Ibanez GIO Series GRX40-MLB &#8211; Full Size Electric Guitar &#8211; Metallic Light Blue"},"content":{"rendered":"<p><!-- show up to 2 reviews by default --> <\/p>\n<p>Die GIO-Serie wurde f\u00fcr Spieler entwickelt, die Ibanez-Qualit\u00e4t wollen, aber mit einem begrenzten Budget arbeiten. GIO-Gitarren unterliegen den gleichen strengen Inspektionsstandards und Garantieabdeckungen wie andere Ibanez-Gitarren und bieten den besten Klang, Stil und die beste Spielbarkeit f\u00fcr alle in ihrer Klasse. Dieser prinzipielle Ansatz hat nicht nur neuen Spielern bessere Gitarren in die Hand gegeben, sondern auch zahlreiche neue musikalische Karrieren auf der ganzen Welt erm\u00f6glicht. Der GRX40 verf\u00fcgt \u00fcber einen Pappelkorpus mit einem Ahorn-GRX-Hals, der ein Jatoba-Griffbrett, mittlere B\u00fcnde und Einlagen mit wei\u00dfen Punkten aufweist. Die T-106 Tremolo-Br\u00fccke ist eine einfache, aber effektive Tremolo-Br\u00fccke f\u00fcr Anf\u00e4nger. Zur Elektronik geh\u00f6ren drei Infinity R-Tonabnehmer mit einem 5-Wege-Wahlschalter f\u00fcr eine Vielzahl von Klangoptionen, die Sie jederzeit zur Hand haben. &#8221; <\/p>\n<p>Geben Sie Ihr Modell ein, um sicherzustellen, dass dieser Artikel passt.<br \/>\nPappelkorpus mit einem Ahorn-GRX-Hals<br \/>\nJatoba-Griffbrett<br \/>\nT-106 Tremolo-Br\u00fccke<br \/>\nDrei Infinity R-Tonabnehmer<br \/>\n5-Wege-Schalter<br \/>\n<div class=\"main-cross-sell\" data-asin=\"B015NQS0XE\">\n\n\t<div class=\"WooZone-cross-sell-loader\">\n\t\t<div>\n\t\t\t<div id=\"floatingBarsG\">\n\t\t\t\t<div class=\"blockG\" id=\"rotateG_01\"><\/div>\n\t\t\t\t<div class=\"blockG\" id=\"rotateG_02\"><\/div>\n\t\t\t\t<div class=\"blockG\" id=\"rotateG_03\"><\/div>\n\t\t\t\t<div class=\"blockG\" id=\"rotateG_04\"><\/div>\n\t\t\t\t<div class=\"blockG\" id=\"rotateG_05\"><\/div>\n\t\t\t\t<div class=\"blockG\" id=\"rotateG_06\"><\/div>\n\t\t\t\t<div class=\"blockG\" id=\"rotateG_07\"><\/div>\n\t\t\t\t<div class=\"blockG\" id=\"rotateG_08\"><\/div>\n\t\t\t<\/div>\n\t\t\t<div class=\"WooZone-cross-sell-loader-text\"><\/div>\n\t\t<\/div>\n\t<\/div>\n\n\t\t\n<\/div>\n<div style=\"clear:both;\"><\/div>\n","protected":false},"excerpt":{"rendered":"<p>Geben Sie Ihr Modell ein, um sicherzustellen, dass dieser Artikel passt.<br \/>\nPappelkorpus mit einem Ahorn-GRX-Hals<br \/>\nJatoba-Griffbrett<\/p>\n","protected":false},"featured_media":5187,"comment_status":"open","ping_status":"closed","template":"","meta":{"_acf_changed":false,"rs_blank_template":"","rs_page_bg_color":"","slide_template_v7":""},"product_brand":[],"product_cat":[64,15],"product_tag":[],"class_list":{"0":"post-5186","1":"product","2":"type-product","3":"status-publish","4":"has-post-thumbnail","6":"product_cat-baesse","7":"product_cat-shop","8":"pa_brand-ibanez","10":"first","11":"instock","12":"shipping-taxable","13":"purchasable","14":"product-type-simple"},"acf":[],"_links":{"self":[{"href":"https:\/\/www.instrumentbox.de\/index.php?rest_route=\/wp\/v2\/product\/5186","targetHints":{"allow":["GET"]}}],"collection":[{"href":"https:\/\/www.instrumentbox.de\/index.php?rest_route=\/wp\/v2\/product"}],"about":[{"href":"https:\/\/www.instrumentbox.de\/index.php?rest_route=\/wp\/v2\/types\/product"}],"replies":[{"embeddable":true,"href":"https:\/\/www.instrumentbox.de\/index.php?rest_route=%2Fwp%2Fv2%2Fcomments&post=5186"}],"wp:featuredmedia":[{"embeddable":true,"href":"https:\/\/www.instrumentbox.de\/index.php?rest_route=\/wp\/v2\/media\/5187"}],"wp:attachment":[{"href":"https:\/\/www.instrumentbox.de\/index.php?rest_route=%2Fwp%2Fv2%2Fmedia&parent=5186"}],"wp:term":[{"taxonomy":"product_brand","embeddable":true,"href":"https:\/\/www.instrumentbox.de\/index.php?rest_route=%2Fwp%2Fv2%2Fproduct_brand&post=5186"},{"taxonomy":"product_cat","embeddable":true,"href":"https:\/\/www.instrumentbox.de\/index.php?rest_route=%2Fwp%2Fv2%2Fproduct_cat&post=5186"},{"taxonomy":"product_tag","embeddable":true,"href":"https:\/\/www.instrumentbox.de\/index.php?rest_route=%2Fwp%2Fv2%2Fproduct_tag&post=5186"}],"curies":[{"name":"wp","href":"https:\/\/api.w.org\/{rel}","templated":true}]}}