{"id":5218,"date":"2020-07-20T13:28:01","date_gmt":"2020-07-20T13:28:01","guid":{"rendered":"https:\/\/www.instrumentbox.de\/?product=ibanez-gio-e-gitarre-6-string-black-flat-grg131dx-bkf"},"modified":"2025-01-19T22:22:02","modified_gmt":"2025-01-19T21:22:02","slug":"ibanez-gio-e-gitarre-6-string-black-flat-grg131dx-bkf","status":"publish","type":"product","link":"https:\/\/www.instrumentbox.de\/?product=ibanez-gio-e-gitarre-6-string-black-flat-grg131dx-bkf","title":{"rendered":"Ibanez GIO RG Series &#8211; Electric Guitar &#8211; Black Flat"},"content":{"rendered":"<p><!-- show up to 2 reviews by default --> <\/p>\n<p>Die Ibanez Gio GRG131DX-BKF Black Flat ist die perfekte Einstiegsgitarre f\u00fcr den angehenden Metalhead, aber auch Veteranen an den sechs Saiten werden an der aggressiven Optik und der erstklassigen Bespielbarkeit Gefallen finden. So besitzt die E-Gitarre einen leichten Pappel-Korpus im bekannt schnittigen RG-Design, das mit gro\u00dfz\u00fcgigen Cutaways und dem Ibanez All Access Neck Joint einen ungehinderten Zugang zu den hohen Lagen des geschraubten Halses bietet. Dieser wird aus Ahorn gefertigt und tr\u00e4gt ein Griffbrett aus neuseel\u00e4ndischer Kiefer, das mit 24 Jumbo B\u00fcnden volle zwei Oktaven Tonumfang bietet. Als Tonabnehmer kommen zwei Ibanez Infinity R Humbucker an Hals und Steg zum Einsatz. Ausgestattet mit kr\u00e4ftigen Keramik-Magneten, machen sie am Gitarrenverst\u00e4rker ordentlich Dampf und liefern ein tightes Klangbild, das auch bei Drop-Tunings eine enorme Durchsetzungskraft besitzt. Nicht zuletzt verf\u00fcgt die Ibanez GRG131DX \u00fcber ein Ibanez F106 Hardtail und pr\u00e4zise Ibanez Die-Cast Tuner. <\/p>\n<p>Geben Sie Ihr Modell ein, um sicherzustellen, dass dieser Artikel passt.<br \/>\nPappelkorpus<br \/>\nGriffbrett aus gebundener und behandelter Neuseel\u00e4ndischer Kiefer mit Sharktooth-Griffbretteinlagen<br \/>\nFixed Bridge<br \/>\nTonabnehmer: Infinity R (H) (Passiv\/Keramik) an Steg- und Halsposition<br \/>\nHardware Schwarz<br \/>\n<div class=\"main-cross-sell\" data-asin=\"B078XKF2G2\">\n\n\t<div class=\"WooZone-cross-sell-loader\">\n\t\t<div>\n\t\t\t<div id=\"floatingBarsG\">\n\t\t\t\t<div class=\"blockG\" id=\"rotateG_01\"><\/div>\n\t\t\t\t<div class=\"blockG\" id=\"rotateG_02\"><\/div>\n\t\t\t\t<div class=\"blockG\" id=\"rotateG_03\"><\/div>\n\t\t\t\t<div class=\"blockG\" id=\"rotateG_04\"><\/div>\n\t\t\t\t<div class=\"blockG\" id=\"rotateG_05\"><\/div>\n\t\t\t\t<div class=\"blockG\" id=\"rotateG_06\"><\/div>\n\t\t\t\t<div class=\"blockG\" id=\"rotateG_07\"><\/div>\n\t\t\t\t<div class=\"blockG\" id=\"rotateG_08\"><\/div>\n\t\t\t<\/div>\n\t\t\t<div class=\"WooZone-cross-sell-loader-text\"><\/div>\n\t\t<\/div>\n\t<\/div>\n\n\t\t\n<\/div>\n<div style=\"clear:both;\"><\/div>\n","protected":false},"excerpt":{"rendered":"<p>Geben Sie Ihr Modell ein, um sicherzustellen, dass dieser Artikel passt.<br \/>\nPappelkorpus<br \/>\nGriffbrett aus gebundener und behandelter Neuseel\u00e4ndischer Kiefer mit Sharktooth-Griffbretteinlagen<\/p>\n","protected":false},"featured_media":5219,"comment_status":"open","ping_status":"closed","template":"","meta":{"_acf_changed":false,"rs_blank_template":"","rs_page_bg_color":"","slide_template_v7":""},"product_brand":[],"product_cat":[64,15],"product_tag":[],"class_list":{"0":"post-5218","1":"product","2":"type-product","3":"status-publish","4":"has-post-thumbnail","6":"product_cat-baesse","7":"product_cat-shop","8":"pa_brand-ibanez","10":"first","11":"instock","12":"shipping-taxable","13":"purchasable","14":"product-type-simple"},"acf":[],"_links":{"self":[{"href":"https:\/\/www.instrumentbox.de\/index.php?rest_route=\/wp\/v2\/product\/5218","targetHints":{"allow":["GET"]}}],"collection":[{"href":"https:\/\/www.instrumentbox.de\/index.php?rest_route=\/wp\/v2\/product"}],"about":[{"href":"https:\/\/www.instrumentbox.de\/index.php?rest_route=\/wp\/v2\/types\/product"}],"replies":[{"embeddable":true,"href":"https:\/\/www.instrumentbox.de\/index.php?rest_route=%2Fwp%2Fv2%2Fcomments&post=5218"}],"wp:featuredmedia":[{"embeddable":true,"href":"https:\/\/www.instrumentbox.de\/index.php?rest_route=\/wp\/v2\/media\/5219"}],"wp:attachment":[{"href":"https:\/\/www.instrumentbox.de\/index.php?rest_route=%2Fwp%2Fv2%2Fmedia&parent=5218"}],"wp:term":[{"taxonomy":"product_brand","embeddable":true,"href":"https:\/\/www.instrumentbox.de\/index.php?rest_route=%2Fwp%2Fv2%2Fproduct_brand&post=5218"},{"taxonomy":"product_cat","embeddable":true,"href":"https:\/\/www.instrumentbox.de\/index.php?rest_route=%2Fwp%2Fv2%2Fproduct_cat&post=5218"},{"taxonomy":"product_tag","embeddable":true,"href":"https:\/\/www.instrumentbox.de\/index.php?rest_route=%2Fwp%2Fv2%2Fproduct_tag&post=5218"}],"curies":[{"name":"wp","href":"https:\/\/api.w.org\/{rel}","templated":true}]}}