{"id":5234,"date":"2020-07-20T13:32:00","date_gmt":"2020-07-20T13:32:00","guid":{"rendered":"https:\/\/www.instrumentbox.de\/?product=muzikkon-heartland-acoustic-cello-1-2"},"modified":"2024-01-03T10:29:10","modified_gmt":"2024-01-03T09:29:10","slug":"muzikkon-heartland-acoustic-cello-1-2","status":"publish","type":"product","link":"https:\/\/www.instrumentbox.de\/?product=muzikkon-heartland-acoustic-cello-1-2","title":{"rendered":"Muzikkon Heartland Acoustic Cello Solid Maple 1\/2"},"content":{"rendered":"<p><!-- show up to 2 reviews by default --> <\/p>\n<p>Dieses Akustik-Cello in Halbgr\u00f6\u00dfe ist eine langlebige und erschwingliche Wahl, ideal f\u00fcr Anf\u00e4nger im Alter von 7\u201311 Jahren. Der Korpus aus Ahorn, die gl\u00e4nzende Oberfl\u00e4che und die hochwertigen Stahlsaiten sorgen f\u00fcr einen satten Klang. Eigenschaften: verstellbarer Endknopf f\u00fcr individuelle H\u00f6hen und Position; Ebenholz-Saitenhalter und 4 abnehmbare Feinstimmer; H\u00f6he: 70 cm; Lieferumfang: gepolsterte Gigbag, Bogen und Kolophonium. <\/p>\n<p>Geben Sie Ihr Modell ein, um sicherzustellen, dass dieser Artikel passt.<br \/>\n1\/2 Gr\u00f6\u00dfe<br \/>\nVerstellbarer Endstift zur Personalisierung von H\u00f6he und Position.<br \/>\nSaitenhalter aus Ebenholz und 4 abnehmbare Feinstimmer.<br \/>\nIm Lieferumfang enthalten: gepolsterte Gigbag, Bogen und Kolophonium.<br \/>\n<div class=\"main-cross-sell\" data-asin=\"B087BMSVK2\">\n\n\t<div class=\"WooZone-cross-sell-loader\">\n\t\t<div>\n\t\t\t<div id=\"floatingBarsG\">\n\t\t\t\t<div class=\"blockG\" id=\"rotateG_01\"><\/div>\n\t\t\t\t<div class=\"blockG\" id=\"rotateG_02\"><\/div>\n\t\t\t\t<div class=\"blockG\" id=\"rotateG_03\"><\/div>\n\t\t\t\t<div class=\"blockG\" id=\"rotateG_04\"><\/div>\n\t\t\t\t<div class=\"blockG\" id=\"rotateG_05\"><\/div>\n\t\t\t\t<div class=\"blockG\" id=\"rotateG_06\"><\/div>\n\t\t\t\t<div class=\"blockG\" id=\"rotateG_07\"><\/div>\n\t\t\t\t<div class=\"blockG\" id=\"rotateG_08\"><\/div>\n\t\t\t<\/div>\n\t\t\t<div class=\"WooZone-cross-sell-loader-text\"><\/div>\n\t\t<\/div>\n\t<\/div>\n\n\t\t\n<\/div>\n<div style=\"clear:both;\"><\/div>\n","protected":false},"excerpt":{"rendered":"<p>Geben Sie Ihr Modell ein, um sicherzustellen, dass dieser Artikel passt.<br \/>\n1\/2 Gr\u00f6\u00dfe<br \/>\nVerstellbarer Endstift zur Personalisierung von H\u00f6he und Position.<\/p>\n","protected":false},"featured_media":5235,"comment_status":"open","ping_status":"closed","template":"","meta":{"_acf_changed":false,"rs_blank_template":"","rs_page_bg_color":"","slide_template_v7":""},"product_brand":[],"product_cat":[15,62],"product_tag":[],"class_list":{"0":"post-5234","1":"product","2":"type-product","3":"status-publish","4":"has-post-thumbnail","6":"product_cat-shop","7":"product_cat-streichinstrumente","8":"pa_brand-heartland","10":"first","11":"instock","12":"shipping-taxable","13":"purchasable","14":"product-type-simple"},"acf":[],"_links":{"self":[{"href":"https:\/\/www.instrumentbox.de\/index.php?rest_route=\/wp\/v2\/product\/5234","targetHints":{"allow":["GET"]}}],"collection":[{"href":"https:\/\/www.instrumentbox.de\/index.php?rest_route=\/wp\/v2\/product"}],"about":[{"href":"https:\/\/www.instrumentbox.de\/index.php?rest_route=\/wp\/v2\/types\/product"}],"replies":[{"embeddable":true,"href":"https:\/\/www.instrumentbox.de\/index.php?rest_route=%2Fwp%2Fv2%2Fcomments&post=5234"}],"wp:featuredmedia":[{"embeddable":true,"href":"https:\/\/www.instrumentbox.de\/index.php?rest_route=\/wp\/v2\/media\/5235"}],"wp:attachment":[{"href":"https:\/\/www.instrumentbox.de\/index.php?rest_route=%2Fwp%2Fv2%2Fmedia&parent=5234"}],"wp:term":[{"taxonomy":"product_brand","embeddable":true,"href":"https:\/\/www.instrumentbox.de\/index.php?rest_route=%2Fwp%2Fv2%2Fproduct_brand&post=5234"},{"taxonomy":"product_cat","embeddable":true,"href":"https:\/\/www.instrumentbox.de\/index.php?rest_route=%2Fwp%2Fv2%2Fproduct_cat&post=5234"},{"taxonomy":"product_tag","embeddable":true,"href":"https:\/\/www.instrumentbox.de\/index.php?rest_route=%2Fwp%2Fv2%2Fproduct_tag&post=5234"}],"curies":[{"name":"wp","href":"https:\/\/api.w.org\/{rel}","templated":true}]}}