{"id":5286,"date":"2020-07-20T13:39:10","date_gmt":"2020-07-20T13:39:10","guid":{"rendered":"https:\/\/www.instrumentbox.de\/?product=steinbach-4-4-geige-im-set-weiss-handgearbeitet"},"modified":"2025-01-24T15:09:28","modified_gmt":"2025-01-24T14:09:28","slug":"steinbach-4-4-geige-im-set-weiss-handgearbeitet","status":"publish","type":"product","link":"https:\/\/www.instrumentbox.de\/?product=steinbach-4-4-geige-im-set-weiss-handgearbeitet","title":{"rendered":"Steinbach 4\/4 Geige im SET wei\u00df handgearbeitet"},"content":{"rendered":"<p><!-- show up to 2 reviews by default --> <\/p>\n<p> Handgearbeitetes Instrument <\/p>\n<p> Gr\u00f6\u00dfe 4\/4 <\/p>\n<p> Farbe: wei\u00df<b><\/b><\/p>\n<p><b>Decke: Fichte <\/b><\/p>\n<p><b>Boden: Ahorn <b><\/b><\/b><\/p>\n<p><b><b>Hartholzgriffbrett <\/b><\/b><\/p>\n<p><b><b>Bogen: Naturhaar <\/b><\/b><\/p>\n<p><b><b>Feinstimmsaitenhalter mit 4 Feinstimmern <\/b><\/b><\/p>\n<p><b><b>Leichter Formkoffer inklusive Tragegurt (angen\u00e4hte Rucksackgurte) und Accessoirfach <\/b><\/b><\/p>\n<p><b><b>Lieferumfang: Geige inkl. Kinnhalter, Bogen, Kolophonium und Koffer <b><\/b><\/b><\/b><\/p>\n<p><b><b><b>Bei diesem Instrument handelt es sich um ein <b>Set!<\/b> Ein Set beinhaltet im Lieferumfang zu der <b>Geige<\/b> selber einen Form- oder Rechteck<b>koffer <\/b>(je nach Modell, siehe Abbildungen), den dazugeh\u00f6rigen <b>Bogen<\/b> sowie <b>Kolophonium <\/b>(Bogenharz). <\/b><\/b><\/b><\/p>\n<\/p>\n<p><b><b> Einsatzgebiet: <\/b><\/b><\/p>\n<\/p>\n<p><b><b> Sch\u00fclerinstrument, Standardklasse <\/b><\/b><\/p>\n<\/p>\n<\/p>\n<p><b><b> Einen ausf\u00fchrlichen Ratgeber finden Sie hier: bitte hier klicken. <\/b><\/b><\/p>\n<\/p>\n<p><b><b> Welche Gr\u00f6\u00dfe ist die Richtige&#8221;.(ord(&#8216;\u00ba&#8217;)).&#8217;;&#8217; <\/b><\/b><\/p>\n<p><b><b> Bitte messen Sie hierzu die Arml\u00e4nge des Kindes vom Halsansatz bis zur Handfl\u00e4chenmitte. Daraus ergibt sich die Geigengr\u00f6\u00dfe, welche Ihr Kind voraussichtlich ben\u00f6tigt. Bitte entnehmen Sie die Gr\u00f6\u00dfe anhand der Messung hier. (Die Angaben sind ohne Gew\u00e4hr, da diese von vielen Faktoren wie z.B. Genauigkeit der Messung, Wuchs des Kindes usw. abh\u00e4ngig sind.) <\/b><\/b><\/p>\n<p><b><b> Arml\u00e4nge in cm (Circa): <\/b><\/b><\/p>\n<p><b><b> Ungef\u00e4hres Alter: <\/b><\/b><\/p>\n<p><b><b> Geigengr\u00f6\u00dfe: <\/b><\/b><\/p>\n<p><b><b> 60 cm und mehr <\/b><\/b><\/p>\n<p><b><b> ab ca. 11-12 Jahren <\/b><\/b><\/p>\n<p><b><b> 4\/4 <\/b><\/b><\/p>\n<p><b><b> 56 &#8211; 59 cm <\/b><\/b><\/p>\n<p><b><b> ca. 10-11 Jahre <\/b><\/b><\/p>\n<p><b><b> 3\/4 <\/b><\/b><\/p>\n<p><b><b> 50 &#8211; 56 cm <\/b><\/b><\/p>\n<p><b><b> ca. 8-10 Jahre <\/b><\/b><\/p>\n<p><b><b> 1\/2 <\/b><\/b><\/p>\n<p><b><b> 44, 5-50 cm <\/b><\/b><\/p>\n<p><b><b> ca. 6 -8 Jahre <\/b><\/b><\/p>\n<p><b><b> 1\/4 <\/b><\/b><\/p>\n<p><b><b> 43-44, 5 cm <\/b><\/b><\/p>\n<p><b><b> ca. 4 -6 Jahre <\/b><\/b><\/p>\n<p><b><b> 1\/8 <\/b><\/b><\/p>\n<p><b><b> 35 &#8211; 43 cm <\/b><\/b><\/p>\n<p><b><b> ca. 3 -4 Jahre <\/b><\/b><\/p>\n<p><b><b> 1\/16 <\/b><\/b><\/p>\n<p><b><b> Unter 35 cm <\/b><\/b><\/p>\n<p><b><b> unter 3 Jahre <\/b><\/b><\/p>\n<p><b><b> 1\/32 &amp; kleiner <\/b><\/b><\/p>\n<p><b><b> Bitte sprechen Sie uns bei Instrumenten ab der Gr\u00f6\u00dfe 1\/32 &amp; kleiner an. <\/b><\/b><\/p>\n<p><b><b> (Da es aufgrund mangelnder Erfahrung beim Messen h\u00e4ufig zu Messfehlern kommt, bitten wir Sie sich eher nach dem Alter zu ric <\/b><\/b><\/p>\n<p><b><b> <\/b><\/b><br \/>\nGeben Sie Ihr Modell ein, um sicherzustellen, dass dieser Artikel passt.<br \/>\nGr\u00f6\u00dfe: 4\/4<br \/>\nAlter: von..- bis..: ab 12 Jahren<br \/>\nMarke: Steinbach<br \/>\nBauart: Massiv<br \/>\nLackierung: Wei\u00df<br \/>\n<div class=\"main-cross-sell\" data-asin=\"B007P3P66I\">\n\n\t<div class=\"WooZone-cross-sell-loader\">\n\t\t<div>\n\t\t\t<div id=\"floatingBarsG\">\n\t\t\t\t<div class=\"blockG\" id=\"rotateG_01\"><\/div>\n\t\t\t\t<div class=\"blockG\" id=\"rotateG_02\"><\/div>\n\t\t\t\t<div class=\"blockG\" id=\"rotateG_03\"><\/div>\n\t\t\t\t<div class=\"blockG\" id=\"rotateG_04\"><\/div>\n\t\t\t\t<div class=\"blockG\" id=\"rotateG_05\"><\/div>\n\t\t\t\t<div class=\"blockG\" id=\"rotateG_06\"><\/div>\n\t\t\t\t<div class=\"blockG\" id=\"rotateG_07\"><\/div>\n\t\t\t\t<div class=\"blockG\" id=\"rotateG_08\"><\/div>\n\t\t\t<\/div>\n\t\t\t<div class=\"WooZone-cross-sell-loader-text\"><\/div>\n\t\t<\/div>\n\t<\/div>\n\n\t\t\n<\/div>\n<div style=\"clear:both;\"><\/div>\n","protected":false},"excerpt":{"rendered":"<p>Geben Sie Ihr Modell ein, um sicherzustellen, dass dieser Artikel passt.<br \/>\nGr\u00f6\u00dfe: 4\/4<br \/>\nAlter: von..- bis..: ab 12 Jahren<\/p>\n","protected":false},"featured_media":5287,"comment_status":"open","ping_status":"closed","template":"","meta":{"_acf_changed":false,"rs_blank_template":"","rs_page_bg_color":"","slide_template_v7":""},"product_brand":[],"product_cat":[15,62],"product_tag":[],"class_list":{"0":"post-5286","1":"product","2":"type-product","3":"status-publish","4":"has-post-thumbnail","6":"product_cat-shop","7":"product_cat-streichinstrumente","8":"pa_brand-steinbach","10":"first","11":"instock","12":"shipping-taxable","13":"purchasable","14":"product-type-simple"},"acf":[],"_links":{"self":[{"href":"https:\/\/www.instrumentbox.de\/index.php?rest_route=\/wp\/v2\/product\/5286","targetHints":{"allow":["GET"]}}],"collection":[{"href":"https:\/\/www.instrumentbox.de\/index.php?rest_route=\/wp\/v2\/product"}],"about":[{"href":"https:\/\/www.instrumentbox.de\/index.php?rest_route=\/wp\/v2\/types\/product"}],"replies":[{"embeddable":true,"href":"https:\/\/www.instrumentbox.de\/index.php?rest_route=%2Fwp%2Fv2%2Fcomments&post=5286"}],"wp:featuredmedia":[{"embeddable":true,"href":"https:\/\/www.instrumentbox.de\/index.php?rest_route=\/wp\/v2\/media\/5287"}],"wp:attachment":[{"href":"https:\/\/www.instrumentbox.de\/index.php?rest_route=%2Fwp%2Fv2%2Fmedia&parent=5286"}],"wp:term":[{"taxonomy":"product_brand","embeddable":true,"href":"https:\/\/www.instrumentbox.de\/index.php?rest_route=%2Fwp%2Fv2%2Fproduct_brand&post=5286"},{"taxonomy":"product_cat","embeddable":true,"href":"https:\/\/www.instrumentbox.de\/index.php?rest_route=%2Fwp%2Fv2%2Fproduct_cat&post=5286"},{"taxonomy":"product_tag","embeddable":true,"href":"https:\/\/www.instrumentbox.de\/index.php?rest_route=%2Fwp%2Fv2%2Fproduct_tag&post=5286"}],"curies":[{"name":"wp","href":"https:\/\/api.w.org\/{rel}","templated":true}]}}