{"id":5302,"date":"2020-07-20T13:39:17","date_gmt":"2020-07-20T13:39:17","guid":{"rendered":"https:\/\/www.instrumentbox.de\/?product=steinbach-4-4-geige-im-set-ebenholzgarnitur-angeflammter-boden"},"modified":"2025-01-24T15:13:11","modified_gmt":"2025-01-24T14:13:11","slug":"steinbach-4-4-geige-im-set-ebenholzgarnitur-angeflammter-boden","status":"publish","type":"product","link":"https:\/\/www.instrumentbox.de\/?product=steinbach-4-4-geige-im-set-ebenholzgarnitur-angeflammter-boden","title":{"rendered":"Steinbach 4\/4 Geige im SET Ebenholzgarnitur angeflammter Boden"},"content":{"rendered":"<p>&nbsp;<\/p>\n<p><!-- show up to 2 reviews by default -->Steinbach 4\/4 Geige im SET Ebenholzgarnitur angeflammter Boden<\/p>\n<p>Handausgearbeitetes Massivinstrument<\/p>\n<p>Gr\u00f6\u00dfe: 4\/4<\/p>\n<p>Ebenholzgarnitur<\/p>\n<p>Oberfl\u00e4che: <b>Tabakbraun<\/b> satiniert (matt)<\/p>\n<p>Ausgesuchte Klangh\u00f6lzer!<\/p>\n<p>Decke: Massive Fichte<\/p>\n<p>Boden &amp; Zargen: Ahorn<\/p>\n<p>Angeflammter Boden!<\/p>\n<p>Feinstimmsaitenhalter aus Holz mit 4 Feinstimmern<\/p>\n<p>Ebenholzgarnitur: Kinnhalter, Wirbel &amp; Griffbrett<\/p>\n<p>Eingelegter Span<\/p>\n<p>Werkseitig spielfertig eingestellt<\/p>\n<p>Bogen mit Naturhaar und Ebenholzfrosch<\/p>\n<p>Lieferumfang:<\/p>\n<p>Geige, Bogen, Kolophonium &amp; Koffer (wie beschrieben)<\/p>\n<p>Edles, dunkelblaues Rechtecketui mit wasserabweisendem Bezug<\/p>\n<p>Koffer durch Holz-Softschaum-Kombination besonders leicht<\/p>\n<p>Koffer mit:<\/p>\n<p>Hygrometer<\/p>\n<p>angedeuteten Stoffpolstern f\u00fcr leichte Schwebelagerung<\/p>\n<p>2 Bogenhalter<\/p>\n<p>Tuch<\/p>\n<p>Abstellf\u00fc\u00dfe<\/p>\n<p>Tragegriff und Tragegurt mit Schulterauflage<\/p>\n<p>Abschlie\u00dfbares Schlo\u00df mit 1 Schl\u00fcssel<\/p>\n<p>1 gro\u00dfes Accessoirefach, selbstschlie\u00dfend<\/p>\n<p>Bei diesem Instrument handelt es sich um ein <b>Set!<\/b> Ein Set beinhaltet im Lieferumfang zu der <b>Geige<\/b> selber einen Form- oder Rechteck<b>koffer <\/b>(je nach Modell, siehe Abbildungen), den dazugeh\u00f6rigen <b>Bogen<\/b> sowie <b>Kolophonium <\/b>(Bogenharz).<\/p>\n<p>Einsatzgebiet:<\/p>\n<p>Sch\u00fclerinstrument, Gehobene Klasse<\/p>\n<p>Einen ausf\u00fchrlichen Ratgeber finden Sie hier: bitte hier klicken.<\/p>\n<p>Welche Gr\u00f6\u00dfe ist die richtige&#8221;.(ord(&#8216;\u00ba&#8217;)).&#8217;;&#8217;<\/p>\n<p>Bitte messen Sie hierzu die Arml\u00e4nge des Kindes vom Halsansatz bis zur Handfl\u00e4chenmitte. Daraus ergibt sich die Geigengr\u00f6\u00dfe, welche Ihr Kind voraussichtlich ben\u00f6tigt. Bitte entnehmen Sie die Gr\u00f6\u00dfe anhand der Messung hier. (Die<\/p>\n<p>Steinbach 4\/4 Geige im SET Ebenholzgarnitur angeflammter Boden<br \/>\nGr\u00f6\u00dfe: 4\/4<br \/>\nAlter: von..- bis..: ab 12 Jahren<br \/>\nMarke: Steinbach<br \/>\nBauart: Massiv<br \/>\nLackierung: Tabakbraun satiniert (matt)<br \/>\n<div class=\"main-cross-sell\" data-asin=\"B005HA0GGG\">\n\n\t<div class=\"WooZone-cross-sell-loader\">\n\t\t<div>\n\t\t\t<div id=\"floatingBarsG\">\n\t\t\t\t<div class=\"blockG\" id=\"rotateG_01\"><\/div>\n\t\t\t\t<div class=\"blockG\" id=\"rotateG_02\"><\/div>\n\t\t\t\t<div class=\"blockG\" id=\"rotateG_03\"><\/div>\n\t\t\t\t<div class=\"blockG\" id=\"rotateG_04\"><\/div>\n\t\t\t\t<div class=\"blockG\" id=\"rotateG_05\"><\/div>\n\t\t\t\t<div class=\"blockG\" id=\"rotateG_06\"><\/div>\n\t\t\t\t<div class=\"blockG\" id=\"rotateG_07\"><\/div>\n\t\t\t\t<div class=\"blockG\" id=\"rotateG_08\"><\/div>\n\t\t\t<\/div>\n\t\t\t<div class=\"WooZone-cross-sell-loader-text\"><\/div>\n\t\t<\/div>\n\t<\/div>\n\n\t\t\n<\/div>\n<div style=\"clear:both;\"><\/div>\n","protected":false},"excerpt":{"rendered":"<p>Steinbach 4\/4 Geige im SET Ebenholzgarnitur angeflammter Boden<\/p>\n<p>Handausgearbeitetes Massivinstrument<\/p>\n<p>Gr\u00f6\u00dfe: 4\/4<\/p>\n<p>Ebenholzgarnitur<\/p>\n<p>Oberfl\u00e4che: <b>Tabakbraun<\/b> satiniert (matt)<\/p>\n<p>Ausgesuchte Klangh\u00f6lzer!<\/p>\n<p>Decke: Massive Fichte<\/p>\n<p>Boden &amp; Zargen: Ahorn<\/p>\n<p>Angeflammter Boden!<\/p>\n<p>Feinstimmsaitenhalter aus Holz mit 4 Feinstimmern<\/p>\n<p>Ebenholzgarnitur: Kinnhalter, Wirbel &amp; Griffbrett<\/p>\n<p>Eingelegter Span<\/p>\n<p>Werkseitig spielfertig eingestellt<\/p>\n<p>Bogen mit Naturhaar und Ebenholzfrosch<\/p>\n","protected":false},"featured_media":5303,"comment_status":"open","ping_status":"closed","template":"","meta":{"_acf_changed":false,"rs_blank_template":"","rs_page_bg_color":"","slide_template_v7":""},"product_brand":[],"product_cat":[15,62],"product_tag":[],"class_list":{"0":"post-5302","1":"product","2":"type-product","3":"status-publish","4":"has-post-thumbnail","6":"product_cat-shop","7":"product_cat-streichinstrumente","8":"pa_brand-steinbach","10":"first","11":"instock","12":"shipping-taxable","13":"purchasable","14":"product-type-simple"},"acf":[],"_links":{"self":[{"href":"https:\/\/www.instrumentbox.de\/index.php?rest_route=\/wp\/v2\/product\/5302","targetHints":{"allow":["GET"]}}],"collection":[{"href":"https:\/\/www.instrumentbox.de\/index.php?rest_route=\/wp\/v2\/product"}],"about":[{"href":"https:\/\/www.instrumentbox.de\/index.php?rest_route=\/wp\/v2\/types\/product"}],"replies":[{"embeddable":true,"href":"https:\/\/www.instrumentbox.de\/index.php?rest_route=%2Fwp%2Fv2%2Fcomments&post=5302"}],"wp:featuredmedia":[{"embeddable":true,"href":"https:\/\/www.instrumentbox.de\/index.php?rest_route=\/wp\/v2\/media\/5303"}],"wp:attachment":[{"href":"https:\/\/www.instrumentbox.de\/index.php?rest_route=%2Fwp%2Fv2%2Fmedia&parent=5302"}],"wp:term":[{"taxonomy":"product_brand","embeddable":true,"href":"https:\/\/www.instrumentbox.de\/index.php?rest_route=%2Fwp%2Fv2%2Fproduct_brand&post=5302"},{"taxonomy":"product_cat","embeddable":true,"href":"https:\/\/www.instrumentbox.de\/index.php?rest_route=%2Fwp%2Fv2%2Fproduct_cat&post=5302"},{"taxonomy":"product_tag","embeddable":true,"href":"https:\/\/www.instrumentbox.de\/index.php?rest_route=%2Fwp%2Fv2%2Fproduct_tag&post=5302"}],"curies":[{"name":"wp","href":"https:\/\/api.w.org\/{rel}","templated":true}]}}