{"id":5306,"date":"2020-07-20T13:39:21","date_gmt":"2020-07-20T13:39:21","guid":{"rendered":"https:\/\/www.instrumentbox.de\/?product=steinbach-1-2-anfaengergeige-im-set-handgearbeitet"},"modified":"2025-03-21T12:06:09","modified_gmt":"2025-03-21T11:06:09","slug":"steinbach-1-2-anfaengergeige-im-set-handgearbeitet","status":"publish","type":"product","link":"https:\/\/www.instrumentbox.de\/?product=steinbach-1-2-anfaengergeige-im-set-handgearbeitet","title":{"rendered":"Steinbach 1\/2 Anf\u00e4ngergeige im SET handgearbeitet"},"content":{"rendered":"<p>&nbsp;<\/p>\n<p><!-- show up to 2 reviews by default -->Steinbach 1\/2 Anf\u00e4ngergeige im SET handgearbeitet<\/p>\n<p>Handgearbeitetes Instrument<\/p>\n<p>Gr\u00f6\u00dfe: 1\/2<\/p>\n<p>Decke: Fichte<\/p>\n<p>Boden: Ahorn<\/p>\n<p>Lack: Rotbraun<\/p>\n<p>Hartholzgriffbrett<\/p>\n<p>Eingelegter Span<\/p>\n<p>Bogen: Naturhaar<\/p>\n<p>Feinstimmsaitenhalter mit 4 Feinstimmern<\/p>\n<p>Leichter Formkoffer inklusive Tragegurt und Accessoirfach<\/p>\n<p>Lieferumfang: Geige inkl. Kinnhalter, Bogen, Kolophonium und Koffer<\/p>\n<p>Werkseitig spielfertig eingestellt<\/p>\n<p>Bei diesem Instrument handelt es sich um ein <b>Set!<\/b> Ein Set beinhaltet im Lieferumfang zu der <b>Geige<\/b> selber einen Form- oder Rechteck<b>koffer <\/b>(je nach Modell, siehe Abbildungen), den dazugeh\u00f6rigen <b>Bogen<\/b> sowie <b>Kolophonium <\/b>(Bogenharz).<\/p>\n<p>Einsatzgebiet:<\/p>\n<p>Sch\u00fclerinstrument, Standardklasse<\/p>\n<p>Einen ausf\u00fchrlichen Ratgeber finden Sie hier: bitte hier klicken.<\/p>\n<p>Welche Gr\u00f6\u00dfe ist die Richtige&#8221;.(ord(&#8216;\u00ba&#8217;)).&#8217;;&#8217;<\/p>\n<p>Bitte messen Sie hierzu die Arml\u00e4nge des Kindes vom Halsansatz bis zur Handfl\u00e4chenmitte. Daraus ergibt sich die Geigengr\u00f6\u00dfe, welche Ihr Kind voraussichtlich ben\u00f6tigt. Bitte entnehmen Sie die Gr\u00f6\u00dfe anhand der Messung hier. (Die Angaben sind ohne Gew\u00e4hr, da diese von vielen Faktoren wie z.B. Genauigkeit der Messung, Wuchs des Kindes usw. abh\u00e4ngig sind.)<\/p>\n<p>Arml\u00e4nge in cm (Circa):<\/p>\n<p>Ungef\u00e4hres Alter:<\/p>\n<p>Geigengr\u00f6\u00dfe:<\/p>\n<p>60 cm und mehr<\/p>\n<p>ab ca. 11-12 Jahren<\/p>\n<p>4\/4<\/p>\n<p>56 &#8211; 59 cm<\/p>\n<p>ca. 10-11 Jahre<\/p>\n<p>3\/4<\/p>\n<p>50 &#8211; 56 cm<\/p>\n<p>ca. 8-10 Jahre<\/p>\n<p>1\/2<\/p>\n<p>44, 5-50 cm<\/p>\n<p>ca. 6 -8 Jahre<\/p>\n<p>1\/4<\/p>\n<p>43-44, 5 cm<\/p>\n<p>ca. 4 -6 Jahre<\/p>\n<p>1\/8<\/p>\n<p>35 &#8211; 43 cm<\/p>\n<p>ca. 3 -4 Jahre<\/p>\n<p>1\/16<\/p>\n<p>Unter 35 cm<\/p>\n<p>unter 3 Jahre<\/p>\n<p>1\/32 &amp; kleiner<\/p>\n<p>Bitte sprechen Sie uns bei Instrumenten ab der Gr\u00f6\u00dfe 1\/32 &amp; kleiner an.<\/p>\n<p>(Da es aufgrund mangelnder Erfahrung beim Messen h\u00e4ufig zu Messfehlern kommt, bi<\/p>\n<p>Steinbach 1\/2 Anf\u00e4ngergeige im SET handgearbeitet<br \/>\nGr\u00f6\u00dfe: 1\/2<br \/>\nAlter: von..- bis..: von 8 bis 10 Jahren<br \/>\nMarke: Steinbach<br \/>\nBauart: Massiv<br \/>\nLackierung: Rotbraun poliert (gl\u00e4nzend)<br \/>\n<div class=\"main-cross-sell\" data-asin=\"B002CIWCUE\">\n\n\t<div class=\"WooZone-cross-sell-loader\">\n\t\t<div>\n\t\t\t<div id=\"floatingBarsG\">\n\t\t\t\t<div class=\"blockG\" id=\"rotateG_01\"><\/div>\n\t\t\t\t<div class=\"blockG\" id=\"rotateG_02\"><\/div>\n\t\t\t\t<div class=\"blockG\" id=\"rotateG_03\"><\/div>\n\t\t\t\t<div class=\"blockG\" id=\"rotateG_04\"><\/div>\n\t\t\t\t<div class=\"blockG\" id=\"rotateG_05\"><\/div>\n\t\t\t\t<div class=\"blockG\" id=\"rotateG_06\"><\/div>\n\t\t\t\t<div class=\"blockG\" id=\"rotateG_07\"><\/div>\n\t\t\t\t<div class=\"blockG\" id=\"rotateG_08\"><\/div>\n\t\t\t<\/div>\n\t\t\t<div class=\"WooZone-cross-sell-loader-text\"><\/div>\n\t\t<\/div>\n\t<\/div>\n\n\t\t\n<\/div>\n<div style=\"clear:both;\"><\/div>\n","protected":false},"excerpt":{"rendered":"<p>Steinbach 1\/2 Anf\u00e4ngergeige im SET handgearbeitet<\/p>\n<p>Handgearbeitetes Instrument<\/p>\n<p>Gr\u00f6\u00dfe: 1\/2<\/p>\n<p>Decke: Fichte<\/p>\n<p>Boden: Ahorn<\/p>\n<p>Lack: Rotbraun<\/p>\n<p>Hartholzgriffbrett<\/p>\n<p>Eingelegter Span<\/p>\n<p>Bogen: Naturhaar<\/p>\n<p>Feinstimmsaitenhalter mit 4 Feinstimmern<\/p>\n<p>Leichter Formkoffer inklusive Tragegurt und Accessoirfach<\/p>\n<p>Lieferumfang: Geige inkl. Kinnhalter, Bogen, Kolophonium und Koffer<\/p>\n<p>Werkseitig spielfertig eingestellt<\/p>\n<p>Bei diesem Instrument handelt es sich um ein <b>Set!<\/b> Ein Set beinhaltet im Lieferumfang zu der <b>Geige<\/b> selber einen Form- oder Rechteck<b>koffer <\/b>(je nach Modell, siehe Abbildungen), den dazugeh\u00f6rigen <b>Bogen<\/b> sowie <b>Kolophonium <\/b>(Bogenharz).<\/p>\n","protected":false},"featured_media":5307,"comment_status":"open","ping_status":"closed","template":"","meta":{"_acf_changed":false,"rs_blank_template":"","rs_page_bg_color":"","slide_template_v7":""},"product_brand":[],"product_cat":[15,62],"product_tag":[],"class_list":{"0":"post-5306","1":"product","2":"type-product","3":"status-publish","4":"has-post-thumbnail","6":"product_cat-shop","7":"product_cat-streichinstrumente","8":"pa_brand-steinbach","10":"first","11":"instock","12":"shipping-taxable","13":"purchasable","14":"product-type-simple"},"acf":[],"_links":{"self":[{"href":"https:\/\/www.instrumentbox.de\/index.php?rest_route=\/wp\/v2\/product\/5306","targetHints":{"allow":["GET"]}}],"collection":[{"href":"https:\/\/www.instrumentbox.de\/index.php?rest_route=\/wp\/v2\/product"}],"about":[{"href":"https:\/\/www.instrumentbox.de\/index.php?rest_route=\/wp\/v2\/types\/product"}],"replies":[{"embeddable":true,"href":"https:\/\/www.instrumentbox.de\/index.php?rest_route=%2Fwp%2Fv2%2Fcomments&post=5306"}],"wp:featuredmedia":[{"embeddable":true,"href":"https:\/\/www.instrumentbox.de\/index.php?rest_route=\/wp\/v2\/media\/5307"}],"wp:attachment":[{"href":"https:\/\/www.instrumentbox.de\/index.php?rest_route=%2Fwp%2Fv2%2Fmedia&parent=5306"}],"wp:term":[{"taxonomy":"product_brand","embeddable":true,"href":"https:\/\/www.instrumentbox.de\/index.php?rest_route=%2Fwp%2Fv2%2Fproduct_brand&post=5306"},{"taxonomy":"product_cat","embeddable":true,"href":"https:\/\/www.instrumentbox.de\/index.php?rest_route=%2Fwp%2Fv2%2Fproduct_cat&post=5306"},{"taxonomy":"product_tag","embeddable":true,"href":"https:\/\/www.instrumentbox.de\/index.php?rest_route=%2Fwp%2Fv2%2Fproduct_tag&post=5306"}],"curies":[{"name":"wp","href":"https:\/\/api.w.org\/{rel}","templated":true}]}}