{"id":721,"date":"2020-06-28T09:18:38","date_gmt":"2020-06-28T09:18:38","guid":{"rendered":"https:\/\/www.instrumentbox.de\/?product=pacato-livorno-violinetui-4-4-schwarz-rot"},"modified":"2025-01-24T16:29:17","modified_gmt":"2025-01-24T15:29:17","slug":"pacato-livorno-violinetui-4-4-schwarz-rot","status":"publish","type":"product","link":"https:\/\/www.instrumentbox.de\/?product=pacato-livorno-violinetui-4-4-schwarz-rot","title":{"rendered":"PACATO Livorno Violinetui 4\/4 schwarz\/rot"},"content":{"rendered":"<p><!-- show up to 2 reviews by default --> <\/p>\n<p>F\u00fcr alle g\u00e4ngigen Gr\u00f6\u00dfen: Dem PACATO Livorno Violinetui, unserem Bestseller unter den Kofferetuis, k\u00f6nnen Sie Ihr Instrument jederzeit anvertrauen, egal, ob es sich um eine Kindergeige oder eine \u00bbausgewachsene\u00ab 4\/4-Geige handelt.<\/p>\n<p> sch\u00f6nes Kofferetui zu einem superg\u00fcnstigen Preis<br \/> stabiler Thermokern<br \/> feine Velours-Ausstattung<br \/> Schwebelagerung<br \/> 4 Drehbogenhalter<br \/> passende Instrumentendecke<br \/> 2 Zubeh\u00f6rf\u00e4cher<br \/> strapazierf\u00e4higer Nylon-\u00dcberzug<br \/> Rucksackgarnitur mit 2 Trageriemen<br \/> gro\u00dfe Notentasche<br \/> Gewicht 1,7 kg<\/p>\n<p> Gr\u00f6\u00dfentabelle<\/p>\n<p> Ma\u00dfe in mm 4\/4 3\/4 1\/2 1\/4 <\/p>\n<p> Gesamtl\u00e4nge<br \/> 610 595 520 480<\/p>\n<p> Korpusl\u00e4nge 360 345 325 295<\/p>\n<p> Max. obere Korpusbreite 160 155 140 135<\/p>\n<p> Max. untere Korpusbreite 205 195 180 160<\/p>\n<p> Seitliche H\u00f6he inkl. Steg 100 95 85 80<\/p>\n<p> Etui L\u00e4nge 800 790 685 650<\/p>\n<p> Etui Breite unten 270 270 255 250<\/p>\n<p> Etui Breite oben 270 270 255 250<\/p>\n<p> Etui H\u00f6he 160 160 140 125<\/p>\n<p><\/p>\n<p>Geben Sie Ihr Modell ein, um sicherzustellen, dass dieser Artikel passt.<br \/>\nNeu_Export<br \/>\n<div class=\"main-cross-sell\" data-asin=\"B003VREQF4\">\n\n\t<div class=\"WooZone-cross-sell-loader\">\n\t\t<div>\n\t\t\t<div id=\"floatingBarsG\">\n\t\t\t\t<div class=\"blockG\" id=\"rotateG_01\"><\/div>\n\t\t\t\t<div class=\"blockG\" id=\"rotateG_02\"><\/div>\n\t\t\t\t<div class=\"blockG\" id=\"rotateG_03\"><\/div>\n\t\t\t\t<div class=\"blockG\" id=\"rotateG_04\"><\/div>\n\t\t\t\t<div class=\"blockG\" id=\"rotateG_05\"><\/div>\n\t\t\t\t<div class=\"blockG\" id=\"rotateG_06\"><\/div>\n\t\t\t\t<div class=\"blockG\" id=\"rotateG_07\"><\/div>\n\t\t\t\t<div class=\"blockG\" id=\"rotateG_08\"><\/div>\n\t\t\t<\/div>\n\t\t\t<div class=\"WooZone-cross-sell-loader-text\"><\/div>\n\t\t<\/div>\n\t<\/div>\n\n\t\t\n<\/div>\n<div style=\"clear:both;\"><\/div>\n","protected":false},"excerpt":{"rendered":"<p>Geben Sie Ihr Modell ein, um sicherzustellen, dass dieser Artikel passt.<br \/>\nNeu_Export<\/p>\n","protected":false},"featured_media":722,"comment_status":"open","ping_status":"closed","template":"","meta":{"_acf_changed":false,"rs_blank_template":"","rs_page_bg_color":"","slide_template_v7":""},"product_brand":[],"product_cat":[62],"product_tag":[],"class_list":{"0":"post-721","1":"product","2":"type-product","3":"status-publish","4":"has-post-thumbnail","6":"product_cat-streichinstrumente","7":"pa_brand-pacato","9":"first","10":"instock","11":"shipping-taxable","12":"purchasable","13":"product-type-simple"},"acf":[],"_links":{"self":[{"href":"https:\/\/www.instrumentbox.de\/index.php?rest_route=\/wp\/v2\/product\/721","targetHints":{"allow":["GET"]}}],"collection":[{"href":"https:\/\/www.instrumentbox.de\/index.php?rest_route=\/wp\/v2\/product"}],"about":[{"href":"https:\/\/www.instrumentbox.de\/index.php?rest_route=\/wp\/v2\/types\/product"}],"replies":[{"embeddable":true,"href":"https:\/\/www.instrumentbox.de\/index.php?rest_route=%2Fwp%2Fv2%2Fcomments&post=721"}],"wp:featuredmedia":[{"embeddable":true,"href":"https:\/\/www.instrumentbox.de\/index.php?rest_route=\/wp\/v2\/media\/722"}],"wp:attachment":[{"href":"https:\/\/www.instrumentbox.de\/index.php?rest_route=%2Fwp%2Fv2%2Fmedia&parent=721"}],"wp:term":[{"taxonomy":"product_brand","embeddable":true,"href":"https:\/\/www.instrumentbox.de\/index.php?rest_route=%2Fwp%2Fv2%2Fproduct_brand&post=721"},{"taxonomy":"product_cat","embeddable":true,"href":"https:\/\/www.instrumentbox.de\/index.php?rest_route=%2Fwp%2Fv2%2Fproduct_cat&post=721"},{"taxonomy":"product_tag","embeddable":true,"href":"https:\/\/www.instrumentbox.de\/index.php?rest_route=%2Fwp%2Fv2%2Fproduct_tag&post=721"}],"curies":[{"name":"wp","href":"https:\/\/api.w.org\/{rel}","templated":true}]}}