{"id":736,"date":"2020-06-28T09:22:55","date_gmt":"2020-06-28T09:22:55","guid":{"rendered":"https:\/\/www.instrumentbox.de\/?product=antoni-apev44-premiere-elektrische-e-violine-set-4-4-groesse"},"modified":"2024-01-02T22:51:10","modified_gmt":"2024-01-02T21:51:10","slug":"antoni-apev44-premiere-elektrische-e-violine-set-4-4-groesse","status":"publish","type":"product","link":"https:\/\/www.instrumentbox.de\/?product=antoni-apev44-premiere-elektrische-e-violine-set-4-4-groesse","title":{"rendered":"Antoni APEV44 Premiere elektrische E-Violine Set 4\/4 Gr\u00f6sse"},"content":{"rendered":"<p><!-- show up to 2 reviews by default --> <\/p>\n<p>Das elektrische Premiere Violinen-Set in voller Gr\u00f6ssenausf\u00fchrung 4\/4 wird mit einer wundersch\u00f6nen Violine mit schmalem K\u00f6rper, passendem Bogen, Transporttasche und Zubeh\u00f6r geliefert. Das typische, elegante Design wurde hier in der modernen E-Violinen Form ausgef\u00fchrt und sehr hochwertig und stabil verarbeitet. Sie l\u00e4sst sich sehr einfach und bequem spielen und bietet Ihnen den bekannten, vollen Klang einer akustischen Violine mit guter Balance. Das Herzst\u00fcck des fantastischen Tones dieses Instruments liegt im Transducer, welcher \u00fcber die Br\u00fccke sehr sensible Vibrationen des Bogens aufnimmt und in einem vollen, sch\u00f6nen Ton wiedergibt. Durch den Kabelanschluss mit einem 6.35mm Klinkenstecker kann die Violine an einen Verst\u00e4rker angeschlossen werden oder mit Kopfh\u00f6rern leise be\u00fcbt werden. Dieses Violinenexemplar eignet sich hervorragend f\u00fcr Auftritte und ist in seiner stylischen Ausf\u00fchrung ein echter Blickfang. Das Instrument: Es hat eine hochgl\u00e4nzende Oberfl\u00e4che mit einem schmalen Grundk\u00f6rper und einer gl\u00e4nzenden Schnecke am Ende. Der mattierte Hals und die Br\u00fccke wurden aus Ahornholz hergestellt. Das Griffbrett, der Steg, sowie die Wirbel sind aus Ebenholz. Der Saitenhalter verf\u00fcgt \u00fcber anpassbare Feinabstimmer und am Instrument befindet sich ein Vorverst\u00e4rker. Der Bogen: Der hochwertige Bogen wurde aus rundem Brasilholz hergestellt und ist mit nat\u00fcrlichem, wei\u00dfen Rosshaar best\u00fcckt. Seine Nickel-Silber-Beschl\u00e4ge und Lederbewicklung wurden passgenau angefertigt. Der Koffer: Der pr\u00e4zis gebaute Violinenkoffer bietet Ihrer Violine den optimalen Au\u00dfenschutz. Er ist absolut leichtgewichtig und trotzdem sehr stabil gebaut. Im Innern ist der Koffer mit einer sicheren Passform, einem blauen Pl\u00fcschstoff und einem Sicherheitsband \u00fcber dem Instrumentenhals ausgestattet. Ein Extrafach f\u00fcr den Bogen ist ebenfalls vorhanden. Der Koffer hat ein integriertes Zubeh\u00f6rfach und auch aussen befindet sich ein Fach. Er kann anhand der bequemen Schulterb\u00e4nder einfach transportiert werden. Zubeh\u00f6r: Leichte Kopfh\u00f6rer und ein Anschlusskabel f\u00fcr einen Verst\u00e4rker (der Verst\u00e4rker wird nicht mitgeliefert). <\/p>\n<p>Geben Sie Ihr Modell ein, um sicherzustellen, dass dieser Artikel passt.<br \/>\nSet mit wundersch\u00f6nem Instrument 4\/4 Gr\u00f6sse, passendem Bogen, stabiler Transporttasche und Zubeh\u00f6r: Kabel und Kopfh\u00f6rer<br \/>\nl\u00e4sst sich sehr einfach und bequem spielen und bietet Ihnen den bekannten, vollen Klang einer akustischen Violine mit guter Balance<br \/>\nHerzst\u00fcck ist der Transducer mit sehr sensibler Vibrationsaufnahme und \u2013Wiedergabe<br \/>\nhochgl\u00e4nzende Oberfl\u00e4che mit einem schmalen Grundk\u00f6rper und gl\u00e4nzender Schnecke; Griffbrett, Steg und Wirbel aus Ebenholz<br \/>\nhochwertiger Bogen mit Nickel-Silber-Beschl\u00e4gen und weissem Rosshaar<br \/>\n<div class=\"main-cross-sell\" data-asin=\"B003JFK36Y\">\n\n\t<div class=\"WooZone-cross-sell-loader\">\n\t\t<div>\n\t\t\t<div id=\"floatingBarsG\">\n\t\t\t\t<div class=\"blockG\" id=\"rotateG_01\"><\/div>\n\t\t\t\t<div class=\"blockG\" id=\"rotateG_02\"><\/div>\n\t\t\t\t<div class=\"blockG\" id=\"rotateG_03\"><\/div>\n\t\t\t\t<div class=\"blockG\" id=\"rotateG_04\"><\/div>\n\t\t\t\t<div class=\"blockG\" id=\"rotateG_05\"><\/div>\n\t\t\t\t<div class=\"blockG\" id=\"rotateG_06\"><\/div>\n\t\t\t\t<div class=\"blockG\" id=\"rotateG_07\"><\/div>\n\t\t\t\t<div class=\"blockG\" id=\"rotateG_08\"><\/div>\n\t\t\t<\/div>\n\t\t\t<div class=\"WooZone-cross-sell-loader-text\"><\/div>\n\t\t<\/div>\n\t<\/div>\n\n\t\t\n<\/div>\n<div style=\"clear:both;\"><\/div>\n","protected":false},"excerpt":{"rendered":"<p>Geben Sie Ihr Modell ein, um sicherzustellen, dass dieser Artikel passt.<br \/>\nSet mit wundersch\u00f6nem Instrument 4\/4 Gr\u00f6sse, passendem Bogen, stabiler Transporttasche und Zubeh\u00f6r: Kabel und Kopfh\u00f6rer<br \/>\nl\u00e4sst sich sehr einfach und bequem spielen und bietet Ihnen den bekannten, vollen Klang einer akustischen Violine mit guter Balance<\/p>\n","protected":false},"featured_media":737,"comment_status":"open","ping_status":"closed","template":"","meta":{"_acf_changed":false,"rs_blank_template":"","rs_page_bg_color":"","slide_template_v7":""},"product_brand":[],"product_cat":[62],"product_tag":[],"class_list":{"0":"post-736","1":"product","2":"type-product","3":"status-publish","4":"has-post-thumbnail","6":"product_cat-streichinstrumente","7":"pa_brand-antoni","9":"first","10":"instock","11":"shipping-taxable","12":"purchasable","13":"product-type-simple"},"acf":[],"_links":{"self":[{"href":"https:\/\/www.instrumentbox.de\/index.php?rest_route=\/wp\/v2\/product\/736","targetHints":{"allow":["GET"]}}],"collection":[{"href":"https:\/\/www.instrumentbox.de\/index.php?rest_route=\/wp\/v2\/product"}],"about":[{"href":"https:\/\/www.instrumentbox.de\/index.php?rest_route=\/wp\/v2\/types\/product"}],"replies":[{"embeddable":true,"href":"https:\/\/www.instrumentbox.de\/index.php?rest_route=%2Fwp%2Fv2%2Fcomments&post=736"}],"wp:featuredmedia":[{"embeddable":true,"href":"https:\/\/www.instrumentbox.de\/index.php?rest_route=\/wp\/v2\/media\/737"}],"wp:attachment":[{"href":"https:\/\/www.instrumentbox.de\/index.php?rest_route=%2Fwp%2Fv2%2Fmedia&parent=736"}],"wp:term":[{"taxonomy":"product_brand","embeddable":true,"href":"https:\/\/www.instrumentbox.de\/index.php?rest_route=%2Fwp%2Fv2%2Fproduct_brand&post=736"},{"taxonomy":"product_cat","embeddable":true,"href":"https:\/\/www.instrumentbox.de\/index.php?rest_route=%2Fwp%2Fv2%2Fproduct_cat&post=736"},{"taxonomy":"product_tag","embeddable":true,"href":"https:\/\/www.instrumentbox.de\/index.php?rest_route=%2Fwp%2Fv2%2Fproduct_tag&post=736"}],"curies":[{"name":"wp","href":"https:\/\/api.w.org\/{rel}","templated":true}]}}