{"id":741,"date":"2020-06-28T09:22:57","date_gmt":"2020-06-28T09:22:57","guid":{"rendered":"https:\/\/www.instrumentbox.de\/?product=cherrystone-4260180880823-flower-power-1-2-geige-lila"},"modified":"2024-01-02T22:51:10","modified_gmt":"2024-01-02T21:51:10","slug":"cherrystone-4260180880823-flower-power-1-2-geige-lila","status":"publish","type":"product","link":"https:\/\/www.instrumentbox.de\/?product=cherrystone-4260180880823-flower-power-1-2-geige-lila","title":{"rendered":"Cherrystone 4260180880823 Flower Power 1\/2 Geige lila"},"content":{"rendered":"<p><!-- show up to 2 reviews by default --> <\/p>\n<p>Violine NEU. in der Gr\u00f6\u00dfe: 1\/2, inklusive stabilem Koffer und Bogen, Optimal f\u00fcr Anf\u00e4nger und Fortgeschrittene, mit 2 Jahren Garantie, Top Markenqualit\u00e4t, Produktbeschreibung:\u00b7 Hals aus handgeschnitztem Holz \u00b7 Saitenhalter: mit einem Feinstimmern \u00b7 Griffbrett: Hartholz \u00b7 Bogen mit echtem Rosshaar \u00b7 gute Bespielbarkeit. stimmfest. solide Verarbeitung \u00b7 stabiler Formkoffer mit Zubeh\u00f6rfach und Umh\u00e4ngegurt (Rucksackgurte)Das Instrument wurde aus ausgesuchten Klangh\u00f6lzern gefertigt. Die von uns angebotenen Musikinstrumente werden aus hochwertigen Materialien unter Einsatz modernster Pr\u00e4zisionswerkzeuge gefertigt. Unter der Entwicklung und st\u00e4ndiger Qualit\u00e4tskontrolle von Musikinstrumentenbaumeistern werden stabile Instrumente mit vollem Klang. guter Intonation und leichter Ansprache geschaffen. Das ideale Instrument f\u00fcr Anf\u00e4nger sowie auch f\u00fcr Profis die ein gut spielbares aber g\u00fcnstiges Zweitinstrument suchen. Lieferumfang:\u00b7 Violine\u00b7 Bogen\u00b7 stabiler Koffer \u00b7 ein Zusatzgurt zum bequemen Tragen des Koffers (Abbildung ist \u00e4hnlich und kann abweichen) <\/p>\n<p>Geben Sie Ihr Modell ein, um sicherzustellen, dass dieser Artikel passt.<br \/>\nVioline NEU. in der Gr\u00f6\u00dfe: 1\/2, inklusive stabilem Koffer und Bogen<br \/>\nOptimal f\u00fcr Anf\u00e4nger und Fortgeschrittene<br \/>\n<div class=\"main-cross-sell\" data-asin=\"B001M484GA\">\n\n\t<div class=\"WooZone-cross-sell-loader\">\n\t\t<div>\n\t\t\t<div id=\"floatingBarsG\">\n\t\t\t\t<div class=\"blockG\" id=\"rotateG_01\"><\/div>\n\t\t\t\t<div class=\"blockG\" id=\"rotateG_02\"><\/div>\n\t\t\t\t<div class=\"blockG\" id=\"rotateG_03\"><\/div>\n\t\t\t\t<div class=\"blockG\" id=\"rotateG_04\"><\/div>\n\t\t\t\t<div class=\"blockG\" id=\"rotateG_05\"><\/div>\n\t\t\t\t<div class=\"blockG\" id=\"rotateG_06\"><\/div>\n\t\t\t\t<div class=\"blockG\" id=\"rotateG_07\"><\/div>\n\t\t\t\t<div class=\"blockG\" id=\"rotateG_08\"><\/div>\n\t\t\t<\/div>\n\t\t\t<div class=\"WooZone-cross-sell-loader-text\"><\/div>\n\t\t<\/div>\n\t<\/div>\n\n\t\t\n<\/div>\n<div style=\"clear:both;\"><\/div>\n","protected":false},"excerpt":{"rendered":"<p>Geben Sie Ihr Modell ein, um sicherzustellen, dass dieser Artikel passt.<br \/>\nVioline NEU. in der Gr\u00f6\u00dfe: 1\/2, inklusive stabilem Koffer und Bogen<br \/>\nOptimal f\u00fcr Anf\u00e4nger und Fortgeschrittene<\/p>\n","protected":false},"featured_media":742,"comment_status":"open","ping_status":"closed","template":"","meta":{"_acf_changed":false,"rs_blank_template":"","rs_page_bg_color":"","slide_template_v7":""},"product_brand":[],"product_cat":[62],"product_tag":[],"class_list":{"0":"post-741","1":"product","2":"type-product","3":"status-publish","4":"has-post-thumbnail","6":"product_cat-streichinstrumente","7":"pa_brand-cherrystone","9":"first","10":"instock","11":"shipping-taxable","12":"purchasable","13":"product-type-simple"},"acf":[],"_links":{"self":[{"href":"https:\/\/www.instrumentbox.de\/index.php?rest_route=\/wp\/v2\/product\/741","targetHints":{"allow":["GET"]}}],"collection":[{"href":"https:\/\/www.instrumentbox.de\/index.php?rest_route=\/wp\/v2\/product"}],"about":[{"href":"https:\/\/www.instrumentbox.de\/index.php?rest_route=\/wp\/v2\/types\/product"}],"replies":[{"embeddable":true,"href":"https:\/\/www.instrumentbox.de\/index.php?rest_route=%2Fwp%2Fv2%2Fcomments&post=741"}],"wp:featuredmedia":[{"embeddable":true,"href":"https:\/\/www.instrumentbox.de\/index.php?rest_route=\/wp\/v2\/media\/742"}],"wp:attachment":[{"href":"https:\/\/www.instrumentbox.de\/index.php?rest_route=%2Fwp%2Fv2%2Fmedia&parent=741"}],"wp:term":[{"taxonomy":"product_brand","embeddable":true,"href":"https:\/\/www.instrumentbox.de\/index.php?rest_route=%2Fwp%2Fv2%2Fproduct_brand&post=741"},{"taxonomy":"product_cat","embeddable":true,"href":"https:\/\/www.instrumentbox.de\/index.php?rest_route=%2Fwp%2Fv2%2Fproduct_cat&post=741"},{"taxonomy":"product_tag","embeddable":true,"href":"https:\/\/www.instrumentbox.de\/index.php?rest_route=%2Fwp%2Fv2%2Fproduct_tag&post=741"}],"curies":[{"name":"wp","href":"https:\/\/api.w.org\/{rel}","templated":true}]}}