{"id":750,"date":"2020-06-28T09:23:02","date_gmt":"2020-06-28T09:23:02","guid":{"rendered":"https:\/\/www.instrumentbox.de\/?product=stentor-student-i-violinen-set-fuer-anfaenger-groesse-4-4"},"modified":"2025-01-23T15:23:44","modified_gmt":"2025-01-23T14:23:44","slug":"stentor-student-i-violinen-set-fuer-anfaenger-groesse-4-4","status":"publish","type":"product","link":"https:\/\/www.instrumentbox.de\/?product=stentor-student-i-violinen-set-fuer-anfaenger-groesse-4-4","title":{"rendered":"Stentor Student I Violinen-Set f\u00fcr Anf\u00e4nger, Gr\u00f6\u00dfe 4\/4"},"content":{"rendered":"<p><!-- show up to 2 reviews by default --> <\/p>\n<p>FAZIT: Solide, gut verarbeitetes, leicht zu spielendes Instrument. &#8211; Violinengarnitur, Wirbel und Griffbrett aus Palisander, Kinnhalter Hartholz, inkl. Etui, Bogen und Kolofonium &#8211; Features: Stendor Geige 4\/4 SR-140044Garnitur besteht aus Violine, Bogen, Etui und Kolofoniummassive Fichtendeckemassiver Ahornbodenmassive AhornzargenWirbel und Griffbrett aus schwarz gebeiztem Palisander, Kinnhalter aus HartholzHolzbogen, NaturhaarFeinstimmsaitenhalter, Brasilholzbogen und ein leichter Koffer mit Schulterriemen <\/p>\n<p>Geben Sie Ihr Modell ein, um sicherzustellen, dass dieser Artikel passt.<br \/>\nStendor Geige 4\/4 SR-140044Garnitur besteht aus Violine, Bogen, Etui und Kolofoniummassive Fichtendeckemassiver Ahornbodenmassive AhornzargenWirbel und Griffbrett aus schwarz gebeiztem Palisander, Kinnhalter aus HartholzHolzbogen, NaturhaarFeinstimmsaitenhalter, Brasilholzbogen und ein leichter Koffer mit Schulterriemen<br \/>\n<div class=\"main-cross-sell\" data-asin=\"B002R0GKM8\">\n\n\t<div class=\"WooZone-cross-sell-loader\">\n\t\t<div>\n\t\t\t<div id=\"floatingBarsG\">\n\t\t\t\t<div class=\"blockG\" id=\"rotateG_01\"><\/div>\n\t\t\t\t<div class=\"blockG\" id=\"rotateG_02\"><\/div>\n\t\t\t\t<div class=\"blockG\" id=\"rotateG_03\"><\/div>\n\t\t\t\t<div class=\"blockG\" id=\"rotateG_04\"><\/div>\n\t\t\t\t<div class=\"blockG\" id=\"rotateG_05\"><\/div>\n\t\t\t\t<div class=\"blockG\" id=\"rotateG_06\"><\/div>\n\t\t\t\t<div class=\"blockG\" id=\"rotateG_07\"><\/div>\n\t\t\t\t<div class=\"blockG\" id=\"rotateG_08\"><\/div>\n\t\t\t<\/div>\n\t\t\t<div class=\"WooZone-cross-sell-loader-text\"><\/div>\n\t\t<\/div>\n\t<\/div>\n\n\t\t\n<\/div>\n<div style=\"clear:both;\"><\/div>\n","protected":false},"excerpt":{"rendered":"<p>Geben Sie Ihr Modell ein, um sicherzustellen, dass dieser Artikel passt.<br \/>\nStendor Geige 4\/4 SR-140044Garnitur besteht aus Violine, Bogen, Etui und Kolofoniummassive Fichtendeckemassiver Ahornbodenmassive AhornzargenWirbel und Griffbrett aus schwarz gebeiztem Palisander, Kinnhalter aus HartholzHolzbogen, NaturhaarFeinstimmsaitenhalter, Brasilholzbogen und ein leichter Koffer mit Schulterriemen<\/p>\n","protected":false},"featured_media":751,"comment_status":"open","ping_status":"closed","template":"","meta":{"_acf_changed":false,"rs_blank_template":"","rs_page_bg_color":"","slide_template_v7":""},"product_brand":[],"product_cat":[62],"product_tag":[],"class_list":{"0":"post-750","1":"product","2":"type-product","3":"status-publish","4":"has-post-thumbnail","6":"product_cat-streichinstrumente","7":"pa_brand-stentor","9":"first","10":"instock","11":"shipping-taxable","12":"purchasable","13":"product-type-simple"},"acf":[],"_links":{"self":[{"href":"https:\/\/www.instrumentbox.de\/index.php?rest_route=\/wp\/v2\/product\/750","targetHints":{"allow":["GET"]}}],"collection":[{"href":"https:\/\/www.instrumentbox.de\/index.php?rest_route=\/wp\/v2\/product"}],"about":[{"href":"https:\/\/www.instrumentbox.de\/index.php?rest_route=\/wp\/v2\/types\/product"}],"replies":[{"embeddable":true,"href":"https:\/\/www.instrumentbox.de\/index.php?rest_route=%2Fwp%2Fv2%2Fcomments&post=750"}],"wp:featuredmedia":[{"embeddable":true,"href":"https:\/\/www.instrumentbox.de\/index.php?rest_route=\/wp\/v2\/media\/751"}],"wp:attachment":[{"href":"https:\/\/www.instrumentbox.de\/index.php?rest_route=%2Fwp%2Fv2%2Fmedia&parent=750"}],"wp:term":[{"taxonomy":"product_brand","embeddable":true,"href":"https:\/\/www.instrumentbox.de\/index.php?rest_route=%2Fwp%2Fv2%2Fproduct_brand&post=750"},{"taxonomy":"product_cat","embeddable":true,"href":"https:\/\/www.instrumentbox.de\/index.php?rest_route=%2Fwp%2Fv2%2Fproduct_cat&post=750"},{"taxonomy":"product_tag","embeddable":true,"href":"https:\/\/www.instrumentbox.de\/index.php?rest_route=%2Fwp%2Fv2%2Fproduct_tag&post=750"}],"curies":[{"name":"wp","href":"https:\/\/api.w.org\/{rel}","templated":true}]}}