{"id":762,"date":"2020-06-28T09:23:09","date_gmt":"2020-06-28T09:23:09","guid":{"rendered":"https:\/\/www.instrumentbox.de\/?product=student-akustische-violine-full-4-4-fichte-aus-ahorn-mit-fall-schleife-kolophonium-weiss-farbe"},"modified":"2024-01-02T22:51:10","modified_gmt":"2024-01-02T21:51:10","slug":"student-akustische-violine-full-4-4-fichte-aus-ahorn-mit-fall-schleife-kolophonium-weiss-farbe","status":"publish","type":"product","link":"https:\/\/www.instrumentbox.de\/?product=student-akustische-violine-full-4-4-fichte-aus-ahorn-mit-fall-schleife-kolophonium-weiss-farbe","title":{"rendered":"Akustische Violine f\u00fcr Studenten, 4\/4 Ahornfichte mit Koffer, Bogen, Kolophonium, Wei\u00df"},"content":{"rendered":"<p><!-- show up to 2 reviews by default --> <\/p>\n<p> Beschreibung:<br \/> Student akustische Violine in voller Gr\u00f6\u00dfe Ahorn Fichte mit Fall Bow Rosin<br \/> Hals: Ahorn w\/Carved Kopfplatte<br \/> Oben: aus massivem Fichtenholz geschnitzte<br \/> Back Seite: W\/Painted aus geschnitztem massiven Ahorn geflammt<br \/> Griffbrett: Ebenholz<br \/> Saitenhalter: Alloy w\/4 St\u00fcck Kugelkopf<br \/> Teile: Pegs: Blackwood<br \/> Finish: Hochglanz oder matt<br \/> accesoriess: Normal, Sch\u00fcler-Bogen, Kolophonium, G\u00fcrtel<br \/> Verf\u00fcgbare Gr\u00f6\u00dfen: 4\/4\u20131\/8<br \/> Gr\u00f6\u00dfe: 60 cm (60 cm) x 21 cm (21 cm) x 4 cm (4 cm)<br \/> Gewicht: 1400 g 3.1lb<br \/> Gr\u00f6\u00dfe: 4\/4<br \/> Gewicht: 1400 g 3.1lb<br \/> Gr\u00f6\u00dfe 1\/4<br \/> Gewicht: 1050 g<br \/> Gr\u00f6\u00dfe 1\/2<br \/> Gewicht: 1250 g<br \/> Gr\u00f6\u00dfe 3\/4<br \/> Gewicht: ca. 1350 g<br \/> Gr\u00f6\u00dfe 1\/8<br \/> Gewicht: 1025 g<\/p>\n<div class=\"main-cross-sell\" data-asin=\"B074PNQ7F7\">\n\n\t<div class=\"WooZone-cross-sell-loader\">\n\t\t<div>\n\t\t\t<div id=\"floatingBarsG\">\n\t\t\t\t<div class=\"blockG\" id=\"rotateG_01\"><\/div>\n\t\t\t\t<div class=\"blockG\" id=\"rotateG_02\"><\/div>\n\t\t\t\t<div class=\"blockG\" id=\"rotateG_03\"><\/div>\n\t\t\t\t<div class=\"blockG\" id=\"rotateG_04\"><\/div>\n\t\t\t\t<div class=\"blockG\" id=\"rotateG_05\"><\/div>\n\t\t\t\t<div class=\"blockG\" id=\"rotateG_06\"><\/div>\n\t\t\t\t<div class=\"blockG\" id=\"rotateG_07\"><\/div>\n\t\t\t\t<div class=\"blockG\" id=\"rotateG_08\"><\/div>\n\t\t\t<\/div>\n\t\t\t<div class=\"WooZone-cross-sell-loader-text\"><\/div>\n\t\t<\/div>\n\t<\/div>\n\n\t\t\n<\/div>\n<div style=\"clear:both;\"><\/div>\n","protected":false},"excerpt":{"rendered":"<p>Beschreibung: Student akustische Violine in voller Gr\u00f6\u00dfe Ahorn Fichte mit Fall Bow Rosin Hals: Ahorn w\/Carved Kopfplatte Oben: aus massivem Fichtenholz geschnitzte Back Seite: W\/Painted aus geschnitztem massiven Ahorn geflammt Griffbrett: Ebenholz Saitenhalter: Alloy w\/4 St\u00fcck Kugelkopf Teile: Pegs: Blackwood Finish: Hochglanz oder matt accesoriess: Normal, Sch\u00fcler-Bogen, Kolophonium, G\u00fcrtel Verf\u00fcgbare Gr\u00f6\u00dfen: 4\/4\u20131\/8 Gr\u00f6\u00dfe: 60 cm [&hellip;]<\/p>\n","protected":false},"featured_media":763,"comment_status":"open","ping_status":"closed","template":"","meta":{"_acf_changed":false,"rs_blank_template":"","rs_page_bg_color":"","slide_template_v7":""},"product_brand":[],"product_cat":[62],"product_tag":[],"class_list":{"0":"post-762","1":"product","2":"type-product","3":"status-publish","4":"has-post-thumbnail","6":"product_cat-streichinstrumente","7":"pa_brand-kangzy","9":"first","10":"instock","11":"shipping-taxable","12":"purchasable","13":"product-type-simple"},"acf":[],"_links":{"self":[{"href":"https:\/\/www.instrumentbox.de\/index.php?rest_route=\/wp\/v2\/product\/762","targetHints":{"allow":["GET"]}}],"collection":[{"href":"https:\/\/www.instrumentbox.de\/index.php?rest_route=\/wp\/v2\/product"}],"about":[{"href":"https:\/\/www.instrumentbox.de\/index.php?rest_route=\/wp\/v2\/types\/product"}],"replies":[{"embeddable":true,"href":"https:\/\/www.instrumentbox.de\/index.php?rest_route=%2Fwp%2Fv2%2Fcomments&post=762"}],"wp:featuredmedia":[{"embeddable":true,"href":"https:\/\/www.instrumentbox.de\/index.php?rest_route=\/wp\/v2\/media\/763"}],"wp:attachment":[{"href":"https:\/\/www.instrumentbox.de\/index.php?rest_route=%2Fwp%2Fv2%2Fmedia&parent=762"}],"wp:term":[{"taxonomy":"product_brand","embeddable":true,"href":"https:\/\/www.instrumentbox.de\/index.php?rest_route=%2Fwp%2Fv2%2Fproduct_brand&post=762"},{"taxonomy":"product_cat","embeddable":true,"href":"https:\/\/www.instrumentbox.de\/index.php?rest_route=%2Fwp%2Fv2%2Fproduct_cat&post=762"},{"taxonomy":"product_tag","embeddable":true,"href":"https:\/\/www.instrumentbox.de\/index.php?rest_route=%2Fwp%2Fv2%2Fproduct_tag&post=762"}],"curies":[{"name":"wp","href":"https:\/\/api.w.org\/{rel}","templated":true}]}}