{"id":884,"date":"2020-06-28T15:13:52","date_gmt":"2020-06-28T15:13:52","guid":{"rendered":"https:\/\/www.instrumentbox.de\/?product=daddario-x10s-gelochte-notenblaetter-50-blatt-10-notenbalken"},"modified":"2024-01-02T23:09:24","modified_gmt":"2024-01-02T22:09:24","slug":"daddario-x10s-gelochte-notenblaetter-50-blatt-10-notenbalken","status":"publish","type":"product","link":"https:\/\/www.instrumentbox.de\/?product=daddario-x10s-gelochte-notenblaetter-50-blatt-10-notenbalken","title":{"rendered":"D&#8217;Addario X10S gelochte Notenblaetter &#8211; 50 Blatt &#8211; 10 Notenbalken"},"content":{"rendered":"<p><!-- show up to 2 reviews by default --> <\/p>\n<p>Archives X12S sind 8 1\/2 Zoll x 11 Zoll gro\u00dfe Ringbuchseiten (3 L\u00f6cher) und in einzelne Packungen von je 50 B\u00f6gen verpackt. Zu Kopierzwecken auf 24 lb. rein wei\u00dfem Standardpapier gedruckt. 12 Notenzeilen pro Seite Archives Notenpapier bietet die beste Qualit\u00e4t auf dem Markt. Archives verwendet dasselbe pH-neutrale Papier wie die Library of Congress, um sicherzustellen, dass Ihre Kompositionen m\u00f6glichst gut aussehen und lange erhalten bleiben. 50 lose Bl\u00e4tter <\/p>\n<p>Geben Sie Ihr Modell ein, um sicherzustellen, dass dieser Artikel passt.<br \/>\nPraktisch: Die Notenbl\u00e4tter gibt es von 6-18 Zeilen<br \/>\nErh\u00e4ltlich als Block, Einzelsaiten oder Buch<br \/>\nHochwertige Materialien erzeugen ein erstklassikes, optisches Ergebnis<br \/>\nVerwendbar f\u00fcr alle Richtungen, egal ob Orchester, Schulband oder Privat<br \/>\n1x D&#8217;Addario Notenbl\u00e4tter, lose<br \/>\n<div class=\"main-cross-sell\" data-asin=\"B0002D0POG\">\n\n\t<div class=\"WooZone-cross-sell-loader\">\n\t\t<div>\n\t\t\t<div id=\"floatingBarsG\">\n\t\t\t\t<div class=\"blockG\" id=\"rotateG_01\"><\/div>\n\t\t\t\t<div class=\"blockG\" id=\"rotateG_02\"><\/div>\n\t\t\t\t<div class=\"blockG\" id=\"rotateG_03\"><\/div>\n\t\t\t\t<div class=\"blockG\" id=\"rotateG_04\"><\/div>\n\t\t\t\t<div class=\"blockG\" id=\"rotateG_05\"><\/div>\n\t\t\t\t<div class=\"blockG\" id=\"rotateG_06\"><\/div>\n\t\t\t\t<div class=\"blockG\" id=\"rotateG_07\"><\/div>\n\t\t\t\t<div class=\"blockG\" id=\"rotateG_08\"><\/div>\n\t\t\t<\/div>\n\t\t\t<div class=\"WooZone-cross-sell-loader-text\"><\/div>\n\t\t<\/div>\n\t<\/div>\n\n\t\t\n<\/div>\n<div style=\"clear:both;\"><\/div>\n","protected":false},"excerpt":{"rendered":"<p>Geben Sie Ihr Modell ein, um sicherzustellen, dass dieser Artikel passt.<br \/>\nPraktisch: Die Notenbl\u00e4tter gibt es von 6-18 Zeilen<br \/>\nErh\u00e4ltlich als Block, Einzelsaiten oder Buch<\/p>\n","protected":false},"featured_media":885,"comment_status":"open","ping_status":"closed","template":"","meta":{"_acf_changed":false,"rs_blank_template":"","rs_page_bg_color":"","slide_template_v7":""},"product_brand":[],"product_cat":[49],"product_tag":[],"class_list":{"0":"post-884","1":"product","2":"type-product","3":"status-publish","4":"has-post-thumbnail","6":"product_cat-noten","7":"pa_brand-daddario","9":"first","10":"instock","11":"shipping-taxable","12":"purchasable","13":"product-type-simple"},"acf":[],"_links":{"self":[{"href":"https:\/\/www.instrumentbox.de\/index.php?rest_route=\/wp\/v2\/product\/884","targetHints":{"allow":["GET"]}}],"collection":[{"href":"https:\/\/www.instrumentbox.de\/index.php?rest_route=\/wp\/v2\/product"}],"about":[{"href":"https:\/\/www.instrumentbox.de\/index.php?rest_route=\/wp\/v2\/types\/product"}],"replies":[{"embeddable":true,"href":"https:\/\/www.instrumentbox.de\/index.php?rest_route=%2Fwp%2Fv2%2Fcomments&post=884"}],"wp:featuredmedia":[{"embeddable":true,"href":"https:\/\/www.instrumentbox.de\/index.php?rest_route=\/wp\/v2\/media\/885"}],"wp:attachment":[{"href":"https:\/\/www.instrumentbox.de\/index.php?rest_route=%2Fwp%2Fv2%2Fmedia&parent=884"}],"wp:term":[{"taxonomy":"product_brand","embeddable":true,"href":"https:\/\/www.instrumentbox.de\/index.php?rest_route=%2Fwp%2Fv2%2Fproduct_brand&post=884"},{"taxonomy":"product_cat","embeddable":true,"href":"https:\/\/www.instrumentbox.de\/index.php?rest_route=%2Fwp%2Fv2%2Fproduct_cat&post=884"},{"taxonomy":"product_tag","embeddable":true,"href":"https:\/\/www.instrumentbox.de\/index.php?rest_route=%2Fwp%2Fv2%2Fproduct_tag&post=884"}],"curies":[{"name":"wp","href":"https:\/\/api.w.org\/{rel}","templated":true}]}}